{"id":666,"date":"2019-01-24T04:55:11","date_gmt":"2019-01-24T04:55:11","guid":{"rendered":"https:\/\/www.stepsamep.com.au\/?page_id=666"},"modified":"2026-02-25T11:38:08","modified_gmt":"2026-02-25T01:38:08","slug":"lien-he","status":"publish","type":"page","link":"https:\/\/www.stepsamep.com.au\/vi\/lien-he\/","title":{"rendered":"Li\u00ean h\u1ec7"},"content":{"rendered":"<div class=\"wpb-content-wrapper\">[vc_section][vc_row][vc_column width=&#8221;1\/2&#8243;][vc_column_text css=&#8221;.vc_custom_1771975546502{margin-bottom: 0px !important;}&#8221;]\n<h1>G\u1ecdi ch\u00fang t\u00f4i h\u00f4m nay \u0111\u1ec3 c\u00f3 th\u00f4ng tin v\u1ec1 \u0111i\u1ec1u ki\u1ec7n tham d\u1ef1 hay b\u1eaft \u0111\u1ea7u h\u1ecdc ti\u1ebfng Anh mi\u1ec5n ph\u00ed v\u1edbi STEPS.<\/h1>\n<p>\u0110\u1ec3 \u0111\u01b0\u1ee3c h\u1ed7 tr\u1ee3 d\u1ecbch v\u1ee5 d\u1ecbch thu\u1eadt, vui l\u00f2ng li\u00ean h\u1ec7 v\u1edbi D\u1ecbch v\u1ee5 Phi\u00ean d\u1ecbch v\u00e0 Bi\u00ean d\u1ecbch Qu\u1ed1c gia (TIS) theo s\u1ed1 <a href=\"tel:131 450\">131 450<\/a>.<\/p>\n<p>Email: <a href=\"mailto:customercare@stepsgroup.com.au\">customercare@stepsgroup.com.au<\/a><br \/>\n\u0110i\u1ec7n tho\u1ea1i: <a href=\"tel:1300 131 965\">1300 131 965<\/a>[\/vc_column_text][mk_padding_divider size=&#8221;20&#8243;][mk_button dimension=&#8221;two&#8221; corner_style=&#8221;rounded&#8221; size=&#8221;medium&#8221; letter_spacing=&#8221;0&#8243; icon=&#8221;mk-icon-angle-right&#8221; icon_anim=&#8221;side&#8221; url=&#8221;https:\/\/study.wisenet.co\/stepsgroup\/contact&#8221; target=&#8221;_blank&#8221; nofollow=&#8221;true&#8221; fullwidth=&#8221;true&#8221; margin_top=&#8221;0&#8243; margin_bottom=&#8221;15&#8243; margin_right=&#8221;15&#8243;]N\u1ed9p \u0111\u01a1n ngay h\u00f4m nay[\/mk_button][\/vc_column][vc_column width=&#8221;1\/2&#8243;][vc_column_text css=&#8221;.vc_custom_1548305776472{margin-bottom: 0px !important;}&#8221;]\n<h2>C\u00e1c \u0111\u1ecba \u0111i\u1ec3m AMEP c\u1ee7a ch\u00fang t\u00f4i<\/h2>\n[\/vc_column_text][mk_padding_divider size=&#8221;20&#8243;][vc_column_text]<a href=\"https:\/\/www.google.com.au\/maps\/place\/14+Palmerston+Circuit,+Palmerston+City+NT+0830\/@-12.4807374,130.9844418,18.25z\/data=!4m5!3m4!1s0x2cc0bd340973fb45:0x28fe0d9e825f7d88!8m2!3d-12.4805126!4d130.9840697\" target=\"_blank\" rel=\"noopener noreferrer\"><strong>Palmerston:<\/strong> Ground Floor, 4a &amp; b and 9 Highway House, 14 Palmerston Circuit, Palmerston, NT, 0830<\/a>[\/vc_column_text][vc_single_image image=&#8221;97&#8243; img_size=&#8221;full&#8221; onclick=&#8221;custom_link&#8221; img_link_target=&#8221;_blank&#8221; link=&#8221;https:\/\/www.google.com.au\/maps\/place\/14+Palmerston+Circuit,+Palmerston+City+NT+0830\/@-12.4807374,130.9844418,18z\/data=!4m5!3m4!1s0x2cc0bd340973fb45:0x28fe0d9e825f7d88!8m2!3d-12.4805126!4d130.9840697&#8243;][vc_column_text]<a href=\"https:\/\/www.google.com.au\/maps\/place\/Australian+Red+Cross\/@-12.3725736,130.8800455,18z\/data=!4m13!1m7!3m6!1s0x2cc094a1a9910fbd:0xca98abe187fa4cb5!2s13%2F17+Scaturchio+St,+Casuarina+NT+0810!3b1!8m2!3d-12.3722356!4d130.8807536!3m4!1s0x0:0x7ffdf908f96b08ee!8m2!3d-12.3729611!4d130.8814989\" target=\"_blank\" rel=\"noopener noreferrer\"><strong>Casuarina:<\/strong> Cascom Building, Ground Floor Stage 3, 13-17 Scaturchio Street, Casuarina, NT, 0810<\/a>[\/vc_column_text][vc_single_image image=&#8221;208&#8243; img_size=&#8221;full&#8221; onclick=&#8221;custom_link&#8221; img_link_target=&#8221;_blank&#8221; link=&#8221;https:\/\/www.google.com.au\/maps\/place\/Australian+Red+Cross\/@-12.3725736,130.8800455,18z\/data=!4m13!1m7!3m6!1s0x2cc094a1a9910fbd:0xca98abe187fa4cb5!2s13%2F17+Scaturchio+St,+Casuarina+NT+0810!3b1!8m2!3d-12.3722356!4d130.8807536!3m4!1s0x0:0x7ffdf908f96b08ee!8m2!3d-12.3729611!4d130.8814989&#8243;][\/vc_column][\/vc_row][\/vc_section]\n<\/div>","protected":false},"excerpt":{"rendered":"<p>[vc_section][vc_row][vc_column width=&#8221;1\/2&#8243;][vc_column_text css=&#8221;.vc_custom_1771975546502{margin-bottom: 0px !important;}&#8221;] G\u1ecdi ch\u00fang t\u00f4i h\u00f4m nay \u0111\u1ec3 c\u00f3 th\u00f4ng tin v\u1ec1 \u0111i\u1ec1u ki\u1ec7n tham d\u1ef1 hay b\u1eaft \u0111\u1ea7u h\u1ecdc ti\u1ebfng Anh mi\u1ec5n ph\u00ed v\u1edbi STEPS. \u0110\u1ec3 \u0111\u01b0\u1ee3c h\u1ed7 tr\u1ee3 d\u1ecbch v\u1ee5 d\u1ecbch thu\u1eadt, vui l\u00f2ng li\u00ean h\u1ec7 v\u1edbi D\u1ecbch v\u1ee5 Phi\u00ean d\u1ecbch v\u00e0 Bi\u00ean d\u1ecbch Qu\u1ed1c gia (TIS) theo s\u1ed1 131 [&hellip;]<\/p>\n","protected":false},"author":13,"featured_media":0,"parent":0,"menu_order":0,"comment_status":"closed","ping_status":"closed","template":"","meta":{"footnotes":""},"class_list":["post-666","page","type-page","status-publish","hentry"],"_links":{"self":[{"href":"https:\/\/www.stepsamep.com.au\/vi\/wp-json\/wp\/v2\/pages\/666","targetHints":{"allow":["GET"]}}],"collection":[{"href":"https:\/\/www.stepsamep.com.au\/vi\/wp-json\/wp\/v2\/pages"}],"about":[{"href":"https:\/\/www.stepsamep.com.au\/vi\/wp-json\/wp\/v2\/types\/page"}],"author":[{"embeddable":true,"href":"https:\/\/www.stepsamep.com.au\/vi\/wp-json\/wp\/v2\/users\/13"}],"replies":[{"embeddable":true,"href":"https:\/\/www.stepsamep.com.au\/vi\/wp-json\/wp\/v2\/comments?post=666"}],"version-history":[{"count":5,"href":"https:\/\/www.stepsamep.com.au\/vi\/wp-json\/wp\/v2\/pages\/666\/revisions"}],"predecessor-version":[{"id":3904,"href":"https:\/\/www.stepsamep.com.au\/vi\/wp-json\/wp\/v2\/pages\/666\/revisions\/3904"}],"wp:attachment":[{"href":"https:\/\/www.stepsamep.com.au\/vi\/wp-json\/wp\/v2\/media?parent=666"}],"curies":[{"name":"wp","href":"https:\/\/api.w.org\/{rel}","templated":true}]}}