{"id":457,"date":"2017-11-21T02:17:34","date_gmt":"2017-11-21T02:17:34","guid":{"rendered":"https:\/\/www.stepsamep.com.au\/?page_id=457"},"modified":"2026-02-25T10:05:01","modified_gmt":"2026-02-25T00:05:01","slug":"steps-amep-2","status":"publish","type":"page","link":"https:\/\/www.stepsamep.com.au\/vi\/","title":{"rendered":"STEPS AMEP"},"content":{"rendered":"<div class=\"wpb-content-wrapper\">[vc_section][vc_row fullwidth=&#8221;true&#8221; attached=&#8221;true&#8221;][vc_column width=&#8221;2\/3&#8243;]\n\t\t\t\t<p class=\"rs-p-wp-fix\"><\/p>\n\t\t\t\t<sr7-module data-alias=\"home-slider\" data-id=\"1\" id=\"SR7_1_1\" class=\"rs-ov-hidden\" data-version=\"6.7.51\">\n\t\t\t\t\t<sr7-adjuster><\/sr7-adjuster>\n\t\t\t\t\t<sr7-content>\n\t\t\t\t\t\t<sr7-slide id=\"SR7_1_1-1\" data-key=\"1\">\n\t\t\t\t\t\t\t<sr7-bg id=\"SR7_1_1-1-25\" class=\"sr7-layer\"><noscript><img decoding=\"async\" src=\"https:\/\/www.stepsamep.com.au\/wp-content\/uploads\/slider-7.jpg\" alt=\"STEPS AMEP | Lady learning\" title=\"STEPS AMEP | Lady learning\"><\/noscript><\/sr7-bg>\n\t\t\t\t\t\t\t<a id=\"SR7_1_1-1-24\" class=\"sr7-layer\" href=\"tel:1300%20131%20965\" target=\"_self\">To start FREE English Lessons <br>Call 1300 131 965 today<\/a>\n\t\t\t\t\t\t<\/sr7-slide>\n\t\t\t\t\t\t<sr7-slide id=\"SR7_1_1-2\" data-key=\"2\">\n\t\t\t\t\t\t\t<sr7-bg id=\"SR7_1_1-2-4\" class=\"sr7-layer\"><noscript><img decoding=\"async\" src=\"https:\/\/www.stepsamep.com.au\/wp-content\/uploads\/slider-6.jpg\" alt=\"STEPS AMEP | Man drawing on whiteboard\" title=\"STEPS AMEP | Man drawing on whiteboard\"><\/noscript><\/sr7-bg>\n\t\t\t\t\t\t\t<sr7-txt id=\"SR7_1_1-2-3\" class=\"sr7-layer\">Access Unlimited <br>FREE English Lessons <\/sr7-txt>\n\t\t\t\t\t\t<\/sr7-slide>\n\t\t\t\t\t\t<sr7-slide id=\"SR7_1_1-3\" data-key=\"3\">\n\t\t\t\t\t\t\t<sr7-bg id=\"SR7_1_1-3-2\" class=\"sr7-layer\"><noscript><img decoding=\"async\" src=\"https:\/\/www.stepsamep.com.au\/wp-content\/uploads\/slider-1.jpg\" alt=\"STEPS AMEP | Lady learning\" title=\"STEPS AMEP | Lady learning\"><\/noscript><\/sr7-bg>\n\t\t\t\t\t\t\t<sr7-txt id=\"SR7_1_1-3-1\" class=\"sr7-layer\">Been in Australia <br> for more than 5 years?  <br>You may be eligible for AMEP <\/sr7-txt>\n\t\t\t\t\t\t<\/sr7-slide>\n\t\t\t\t\t\t<sr7-slide id=\"SR7_1_1-45\" data-key=\"45\">\n\t\t\t\t\t\t<\/sr7-slide>\n\t\t\t\t\t<\/sr7-content>\n\t\t\t\t\t<image_lists style=\"display:none\">\n\t\t\t\t\t\t<img data-src=\"\/\/www.stepsamep.com.au\/wp-content\/uploads\/slider-7.jpg\" width=\"0\" height=\"0\" data-dbsrc=\"Ly93d3cuc3RlcHNhbWVwLmNvbS5hdS93cC1jb250ZW50L3VwbG9hZHMvc2xpZGVyLTcuanBn\"\/>\n\t\t\t\t\t\t<img data-src=\"\/\/www.stepsamep.com.au\/wp-content\/uploads\/slider-6.jpg\" width=\"0\" height=\"0\" data-dbsrc=\"Ly93d3cuc3RlcHNhbWVwLmNvbS5hdS93cC1jb250ZW50L3VwbG9hZHMvc2xpZGVyLTYuanBn\"\/>\n\t\t\t\t\t\t<img data-src=\"\/\/www.stepsamep.com.au\/wp-content\/uploads\/slider-1.jpg\" width=\"0\" height=\"0\" data-dbsrc=\"Ly93d3cuc3RlcHNhbWVwLmNvbS5hdS93cC1jb250ZW50L3VwbG9hZHMvc2xpZGVyLTEuanBn\"\/>\n\t\t\t\t\t<\/image_lists>\n\t\t\t\t<\/sr7-module>\n\t\t\t\t<script>\n\t\t\t\t\twindow.SR7 ??={};SR7.PMH ??={}; SR7.PMH[\"SR7_1_1\"] = {cn:100,state:false,fn: function() { if (window._tpt!==undefined && window._tpt.prepareModuleHeight !== undefined) {  _tpt.prepareModuleHeight({id:\"SR7_1_1\",el:[455,455,455,455,455],type:'standard',shdw:'0',gh:[455,455,455,455,455],gw:[960,960,960,960,480],vpt:['-200px&#039;,&#039;-200px&#039;,&#039;-200px&#039;,&#039;-200px&#039;,&#039;-200px'],size:{fullWidth:false, fullHeight:false},mh:'0',onh:0,onw:0,bg:{color:'{\"orig\":\"transparent\",\"type\":\"solid\",\"string\":\"transparent\"}'},plType:'-1',plColor:'#FFFFFF'});   SR7.PMH[\"SR7_1_1\"].state=true;} else if(SR7.PMH[\"SR7_1_1\"].cn-->0)\tsetTimeout( SR7.PMH[\"SR7_1_1\"].fn,19);}};SR7.PMH[\"SR7_1_1\" ].fn();\n\t\t\t\t<\/script>\n[\/vc_column][vc_column width=&#8221;1\/3&#8243;][mk_button dimension=&#8221;flat&#8221; size=&#8221;x-large&#8221; letter_spacing=&#8221;0&#8243; icon=&#8221;mk-moon-phone-3&#8243; url=&#8221;tel:1300 131 965&#8243; align=&#8221;center&#8221; fullwidth=&#8221;true&#8221; margin_top=&#8221;0&#8243; margin_bottom=&#8221;0&#8243; margin_right=&#8221;0&#8243; bg_color=&#8221;#99cc33&#8243; btn_hover_bg=&#8221;#99cc33&#8243; btn_hover_txt_color=&#8221;#004477&#8243;]<a href=\"tel:1300 131 965\">1300 131 965<\/a>[\/mk_button][mk_divider style=&#8221;thin_solid&#8221; thin_single_color=&#8221;#00223c&#8221; margin_top=&#8221;0&#8243; margin_bottom=&#8221;0&#8243;][mk_button dimension=&#8221;flat&#8221; size=&#8221;x-large&#8221; icon=&#8221;mk-moon-reading&#8221; url=&#8221;#what-is-the-AMEP&#8221; fullwidth=&#8221;true&#8221; margin_bottom=&#8221;0&#8243; margin_right=&#8221;0&#8243; bg_color=&#8221;#004477&#8243; btn_hover_bg=&#8221;#00223c&#8221; btn_hover_txt_color=&#8221;#ffffff&#8221;]AMEP \u092d\u0928\u0947\u0915\u094b \u0915\u0947 \u0939\u094b?[\/mk_button][mk_divider style=&#8221;thin_solid&#8221; thin_single_color=&#8221;#00223c&#8221; margin_top=&#8221;0&#8243; margin_bottom=&#8221;0&#8243;][mk_button dimension=&#8221;flat&#8221; size=&#8221;x-large&#8221; icon=&#8221;mk-moon-book&#8221; url=&#8221;\/eligibility\/&#8221; fullwidth=&#8221;true&#8221; margin_bottom=&#8221;0&#8243; margin_right=&#8221;0&#8243; bg_color=&#8221;#004477&#8243; btn_hover_bg=&#8221;#00223c&#8221; btn_hover_txt_color=&#8221;#ffffff&#8221;]\u0915\u0947 \u092f\u094b \u0915\u094b\u0930\u094d\u0938 \u092e\u0947\u0930\u094b \u0932\u093e\u0917\u093f \u0939\u094b?[\/mk_button][mk_divider style=&#8221;thin_solid&#8221; thin_single_color=&#8221;#00223c&#8221; margin_top=&#8221;0&#8243; margin_bottom=&#8221;0&#8243;][mk_button dimension=&#8221;flat&#8221; size=&#8221;x-large&#8221; icon=&#8221;mk-moon-clock&#8221; url=&#8221;#class-times&#8221; fullwidth=&#8221;true&#8221; margin_bottom=&#8221;0&#8243; margin_right=&#8221;0&#8243; bg_color=&#8221;#004477&#8243; btn_hover_bg=&#8221;#00223c&#8221; btn_hover_txt_color=&#8221;#ffffff&#8221;]\u092e \u0915\u0939\u093f\u0932\u0947 \u092a\u0922\u094d\u0928 \u0938\u0915\u094d\u091b\u0941?[\/mk_button][mk_divider style=&#8221;thin_solid&#8221; thin_single_color=&#8221;#00223c&#8221; margin_top=&#8221;0&#8243; margin_bottom=&#8221;0&#8243;][mk_button dimension=&#8221;flat&#8221; size=&#8221;x-large&#8221; icon=&#8221;mk-icon-map-marker&#8221; url=&#8221;\/contact\/&#8221; fullwidth=&#8221;true&#8221; margin_bottom=&#8221;0&#8243; margin_right=&#8221;0&#8243; bg_color=&#8221;#004477&#8243; btn_hover_bg=&#8221;#00223c&#8221; btn_hover_txt_color=&#8221;#ffffff&#8221;]\u092e \u0915\u0939\u093e\u0901 \u092a\u0922\u094d\u0928 \u0938\u0915\u094d\u091b\u0941?[\/mk_button][mk_divider style=&#8221;thin_solid&#8221; thin_single_color=&#8221;#00223c&#8221; margin_top=&#8221;0&#8243; margin_bottom=&#8221;0&#8243;][mk_button dimension=&#8221;flat&#8221; size=&#8221;x-large&#8221; icon=&#8221;mk-moon-pencil-6&#8243; url=&#8221;\/enrol\/&#8221; fullwidth=&#8221;true&#8221; margin_bottom=&#8221;0&#8243; margin_right=&#8221;0&#8243; bg_color=&#8221;#004477&#8243; btn_hover_bg=&#8221;#00223c&#8221; btn_hover_txt_color=&#8221;#ffffff&#8221;]\u092e \u0915\u0938\u0930\u0940 \u092d\u0930\u094d\u0928\u093e \u0939\u0941\u0928 \u0938\u0915\u094d\u091b\u0941?[\/mk_button][mk_divider style=&#8221;thin_solid&#8221; thin_single_color=&#8221;#00223c&#8221; margin_top=&#8221;0&#8243; margin_bottom=&#8221;0&#8243;][mk_button dimension=&#8221;flat&#8221; size=&#8221;x-large&#8221; icon=&#8221;mk-icon-map-marker&#8221; url=&#8221;\/ready-for-work-short-course\/&#8221; fullwidth=&#8221;true&#8221; margin_bottom=&#8221;0&#8243; margin_right=&#8221;0&#8243; bg_color=&#8221;#004477&#8243; btn_hover_bg=&#8221;#00223c&#8221; btn_hover_txt_color=&#8221;#ffffff&#8221;]\u0915\u093e\u092e\u0915\u094b \u0932\u093e\u0917\u093f \u0924\u092f\u093e\u0930 \u0915\u093e\u0930\u094d\u092f\u0915\u094d\u0930\u092e[\/mk_button][mk_divider style=&#8221;thin_solid&#8221; thin_single_color=&#8221;#00223c&#8221; margin_top=&#8221;0&#8243; margin_bottom=&#8221;0&#8243;][mk_button dimension=&#8221;flat&#8221; size=&#8221;x-large&#8221; icon=&#8221;mk-icon-question-circle&#8221; url=&#8221;\/contact\/&#8221; align=&#8221;center&#8221; fullwidth=&#8221;true&#8221; margin_bottom=&#8221;0&#8243; margin_right=&#8221;0&#8243; bg_color=&#8221;#004477&#8243; btn_hover_bg=&#8221;#00223c&#8221; btn_hover_txt_color=&#8221;#ffffff&#8221;]\u0939\u093e\u092e\u0940\u0932\u093e\u0908 \u092a\u094d\u0930\u0936\u094d\u0928 \u0938\u094b\u0927\u094d\u0928\u0941\u0939\u094b\u0938\u094d[\/mk_button][\/vc_column][\/vc_row][\/vc_section][vc_row][vc_column][mk_padding_divider][\/vc_column][\/vc_row][vc_row][vc_column width=&#8221;2\/3&#8243;][vc_column_text css=&#8221;.vc_custom_1697501690992{margin-bottom: 0px !important;}&#8221;]\n<h1><strong>Kh\u1edfi \u0111\u1ea7u t\u1ed1t nh\u1ea5t v\u1edbi vi\u1ec7c h\u1ecdc Ti\u1ebfng Anh mi\u1ec5n ph\u00ed<\/strong><\/h1>\n<p><\/p>\n<h2 id=\"AMEP\"><strong>Adult Migrant English Program (Ch\u01b0\u01a1ng tr\u00ecnh Anh ng\u1eef Di d\u00e2n Tr\u00e1ng ni\u00ean)<\/strong><\/h2>\n<p><strong>H\u1ecdc Ti\u1ebfng Anh th\u1ef1c ti\u1ec5n \u0111\u1ec3 gi\u00fap b\u1ea1n s\u1eed d\u1ee5ng c\u00e1c d\u1ecbch v\u1ee5, l\u00e0m vi\u1ec7c, h\u1ecdc t\u1eadp, v\u00e0 t\u1eadn h\u01b0\u1edfng cu\u1ed9c s\u1ed1ng \u1edf \u00dac.<br \/>\n<\/strong><\/p>\n<ul>\n<li>L\u00ean \u0111\u1ebfn 510 gi\u1edd h\u1ecdc ti\u1ebfng Anh mi\u1ec5n ph\u00ed<\/li>\n<li>H\u1ecdc Ti\u1ebfng Anh sinh ho\u1ea1t, l\u00e0m vi\u1ec7c v\u00e0 h\u1ecdc t\u1eadp \u1edf \u00dac<\/li>\n<li>T\u00ecm hi\u1ec3u v\u1ec1 c\u00e1c d\u1ecbch v\u1ee5 ch\u00ednh ph\u1ee7 v\u00e0 c\u1ed9ng \u0111\u1ed3ng<\/li>\n<li>Kh\u00f4ng gi\u1edbi h\u1ea1n s\u1ed1 gi\u1edd h\u1ecdc Ti\u1ebfng Anh mi\u1ec5n ph\u00ed<\/li>\n<li>K\u1ebft b\u1ea1n m\u1edbi trong khi h\u1ecdc<\/li>\n<li>Ho\u1ea1ch \u0111\u1ecbnh t\u01b0\u01a1ng lai \u1edf \u00dac<\/li>\n<li><a href=\"https:\/\/www.stepsamep.com.au\/vi\/dieu-kien\/\">\u00c1p d\u1ee5ng ti\u00eau ch\u00ed \u0111\u1ee7 \u0111i\u1ec1u ki\u1ec7n*<\/a><\/li>\n<\/ul>\n[\/vc_column_text][mk_padding_divider size=&#8221;20&#8243;][mk_custom_box bg_color=&#8221;#f6f6f6&#8243;][vc_wp_text]\n<h3><strong>G\u1ecdi ch\u00fang t\u00f4i h\u00f4m nay \u0111\u1ec3 bi\u1ebft th\u00f4ng tin v\u1ec1 vi\u1ec7c b\u1eaft \u0111\u1ea7u h\u1ecdc Ti\u1ebfng Anh MI\u1ec4N PH\u00cd v\u1edbi STEPS theo s\u1ed1\u00a0<a href=\"tel:1300 131 965\">1300 131 965<\/a><\/strong><\/h3>\n[\/vc_wp_text][vc_wp_text]\u0110\u1ed1i v\u1edbi d\u1ecbch v\u1ee5 d\u1ecbch thu\u1eadt, g\u1ecdi Translating and Interpreting Service \u2013 TIS National (D\u1ecbch v\u1ee5 Bi\u00ean v\u00e0 Phi\u00ean d\u1ecbch) theo s\u1ed1\u00a0<a href=\"tel:131 450\">131 450<\/a>\u00a0tr\u01b0\u1edbc khi g\u1ecdi[\/vc_wp_text][\/mk_custom_box][mk_padding_divider size=&#8221;20&#8243;][vc_column_text css=&#8221;.vc_custom_1697501763381{margin-bottom: 0px !important;}&#8221;]\n<h2 id=\"class-times\"><strong>Th\u1eddi gian L\u1edbp h\u1ecdc linh ho\u1ea1t<\/strong><\/h2>\n<p><strong>STEPS cung c\u1ea5p th\u1eddi gian l\u1edbp h\u1ecdc linh ho\u1ea1t \u1edf Casuarina v\u00e0 Palmerston \u2013\u00a0<a href=\"https:\/\/www.stepsamep.com.au\/vi\/lien-he\/\">Xem b\u1ea3n \u0111\u1ed3<\/a><\/strong><\/p>\n<p>STEPS cung c\u1ea5p th\u1eddi gian l\u1edbp h\u1ecdc linh ho\u1ea1t th\u00edch h\u1ee3p v\u1edbi gia \u0111\u00ecnh, c\u00f4ng vi\u1ec7c, hay nh\u1eefng ch\u01b0\u01a1ng tr\u00ecnh h\u1ecdc kh\u00e1c c\u1ee7a b\u1ea1n. B\u1ea1n c\u00f3 ch\u1ecdn l\u1ef1a tham d\u1ef1 l\u1edbp h\u1ecdc ng\u00e0y ho\u1eb7c t\u1ed1i, v\u00e0o nh\u1eefng ng\u00e0y v\u00e0 gi\u1edd ph\u00f9 h\u1ee3p nh\u1ea5t v\u1edbi m\u00ecnh.<\/p>\n<p><strong>L\u1edbp ng\u00e0y:\u00a0<\/strong>Th\u1ee9 ba, th\u1ee9 t\u01b0, th\u1ee9 n\u0103m ho\u1eb7c th\u1ee9 s\u00e1u, 8:45 s\u00e1ng \u2013 3:15 chi\u1ec1u<br \/><strong>L\u1edbp t\u1ed1i:\u00a0<\/strong>Th\u1ee9 ba, th\u1ee9 t\u01b0 ho\u1eb7c th\u1ee9 n\u0103m, 6 \u2013 9 gi\u1edd t\u1ed1i[\/vc_column_text][mk_padding_divider size=&#8221;20&#8243;][vc_column_text css=&#8221;.vc_custom_1697501782701{margin-bottom: 0px !important;}&#8221;]\n<h2 id=\"what-is-the-AMEP\"><strong>Adult Migrant English Program (Ch\u01b0\u01a1ng tr\u00ecnh Anh ng\u1eef Di d\u00e2n Tr\u00e1ng ni\u00ean) l\u00e0 g\u00ec?<\/strong><\/h2>\n<p>Adult Migrant English Program (Ch\u01b0\u01a1ng tr\u00ecnh Anh ng\u1eef Di d\u00e2n Tr\u00e1ng ni\u00ean) \u0111\u01b0\u1ee3c Ch\u00ednh ph\u1ee7 \u00dac t\u00e0i tr\u1ee3 v\u00e0 cung c\u1ea5p kh\u00f4ng gi\u1edbi h\u1ea1n s\u1ed1 gi\u1edd h\u1ecdc Ti\u1ebfng Anh mi\u1ec5n ph\u00ed cho ng\u01b0\u1eddi nh\u1eadp c\u01b0 \u0111\u1ee7 \u0111i\u1ec1u ki\u1ec7n v\u00e0 ng\u01b0\u1eddi di c\u01b0 di\u1ec7n nh\u00e2n \u0111\u1ea1o. N\u1ebfu qu\u00fd v\u1ecb \u0111\u01b0\u1ee3c c\u1ea5p th\u1ecb th\u1ef1c th\u01b0\u1eddng tr\u00fa ho\u1eb7c th\u1ecb th\u1ef1c t\u1ea1m th\u1eddi \u0111\u1ee7 \u0111i\u1ec1u ki\u1ec7n v\u00e0 n\u00f3i \u0111\u01b0\u1ee3c \u00edt ho\u1eb7c kh\u00f4ng n\u00f3i \u0111\u01b0\u1ee3c Ti\u1ebfng Anh th\u00ec qu\u00fd v\u1ecb c\u00f3 th\u1ec3 \u0111\u1ee7 \u0111i\u1ec1u ki\u1ec7n tham gia AMEP. M\u1ed9t s\u1ed1 thanh thi\u1ebfu ni\u00ean nh\u1eadp c\u01b0 trong \u0111\u1ed9 tu\u1ed5i t\u1eeb 15 \u0111\u1ebfn 17 c\u0169ng c\u00f3 th\u1ec3 \u0111\u1ee7 \u0111i\u1ec1u ki\u1ec7n. H\u00e3y t\u00ecm hi\u1ec3u xem li\u1ec7u qu\u00fd v\u1ecb c\u00f3 \u0111\u1ee7 \u0111i\u1ec1u ki\u1ec7n h\u1ecdc Ti\u1ebfng Anh MI\u1ec4N PH\u00cd v\u1edbi Adult Migrant English Program hay kh\u00f4ng.[\/vc_column_text][mk_padding_divider size=&#8221;20&#8243;][vc_column_text]\n<h2><strong>T\u00f4i s\u1ebd h\u1ecdc g\u00ec?<\/strong><\/h2>\n<p>\u1ede c\u00e1c l\u1edbp AMEP b\u1ea1n s\u1ebd h\u1ecdc nh\u1eefng k\u1ef9 n\u0103ng ti\u1ebfng Anh gi\u00fap \u1ed5n \u0111\u1ecbnh th\u00e0nh c\u00f4ng \u1edf \u00dac v\u1edbi nh\u1eefng ng\u01b0\u1eddi c\u00f3 c\u00f9ng n\u1ec1n t\u1ea3ng, kinh nghi\u1ec7m v\u00e0 m\u1ee5c ti\u00eau. B\u1ea1n s\u1ebd h\u1ecdc v\u1ec1 nh\u1eefng gi\u00e1 tr\u1ecb, v\u0103n h\u00f3a v\u00e0 lu\u1eadt c\u1ee7a \u00dac, v\u00e0 h\u00e0ng lo\u1ea1t ch\u1ee7 \u0111\u1ec1 gi\u00fap b\u1ea1n d\u1ec5 d\u00e0ng l\u00e0m vi\u1ec7c, h\u1ecdc t\u1eadp v\u00e0 t\u1eadn h\u01b0\u1edfng cu\u1ed9c s\u1ed1ng \u1edf \u00dac. M\u1ed9t s\u1ed1 ch\u1ee7 \u0111\u1ec1 bao g\u1ed3m;<\/p>\n<ul>\n<li>k\u1ef9 n\u0103ng s\u1ed1ng, v\u0103n h\u00f3a, t\u1ed5n th\u1ea5t gia \u0111\u00ecnh hay b\u1ea1n b\u00e8<\/li>\n<li>s\u1ee9c kh\u1ecfe v\u00e0 an to\u00e0n<\/li>\n<li>qu\u1ea3n l\u00fd ti\u1ec1n v\u00e0 ng\u00e2n h\u00e0ng<\/li>\n<li>giao th\u00f4ng c\u00f4ng c\u1ed9ng v\u00e0 l\u00e1i xe<\/li>\n<li>ch\u0103m s\u00f3c tr\u1ebb em v\u00e0 h\u1ec7 th\u1ed1ng gi\u00e1o d\u1ee5c<\/li>\n<li>h\u1ec7 th\u1ed1ng v\u00e0 c\u00e1c d\u1ecbch v\u1ee5 y t\u1ebf<\/li>\n<li>h\u1ec7 th\u1ed1ng lu\u1eadt v\u00e0 ph\u00e1p l\u00fd<\/li>\n<\/ul>\n[\/vc_column_text][mk_padding_divider size=&#8221;20&#8243;][vc_separator][vc_column_text css=&#8221;.vc_custom_1697501812638{margin-bottom: 0px !important;}&#8221;]\n<h2><strong>\u0915\u093e\u092e\u0915\u094b \u0932\u093e\u0917\u093f \u0924\u092f\u093e\u0930 \u091b\u094b\u091f\u094b \u0915\u094b\u0930\u094d\u0938<\/strong><\/h2>\n<p>\u0915\u0947 \u0924\u092a\u093e\u0908\u0902 \u0915\u093e\u092e \u0916\u094b\u091c\u094d\u0926\u0948 \u0939\u0941\u0928\u0941\u0939\u0941\u0928\u094d\u091b? AMEP \u0915\u093e \u0935\u093f\u0926\u094d\u092f\u093e\u0930\u094d\u0925\u0940\u0939\u0930\u0942 STEPS \u0915\u094b \u0915\u093e\u092e\u0915\u094b \u0932\u093e\u0917\u093f \u0924\u092f\u093e\u0930 \u091b\u094b\u091f\u094b \u0915\u094b\u0930\u094d\u0938\u092e\u093e \u092d\u093e\u0917 \u0932\u093f\u0928 \u092f\u094b\u0917\u094d\u092f \u0939\u0941\u0928 \u0938\u0915\u094d\u091b\u0928\u094d\u0964<\/p>\n<p>\u0935\u093f\u0917\u0924 \u0967\u0968 \u092e\u0939\u093f\u0928\u093e\u092e\u093e AMEP \u092e\u093e \u092d\u093e\u0917 \u0932\u093f\u090f\u0915\u093e \u0935\u093f\u0926\u094d\u092f\u093e\u0930\u094d\u0925\u0940\u0939\u0930\u0942\u0915\u093e \u0932\u093e\u0917\u093f<\/p>\n<p>\u0930\u0947\u0921\u0940 \u092b\u0930 \u0935\u0930\u094d\u0915 \u091b\u094b\u091f\u094b \u0915\u094b\u0930\u094d\u0938\u0932\u0947 \u0924\u092a\u093e\u0908\u0902\u0932\u093e\u0908 \u0928\u093f\u092e\u094d\u0928 \u0915\u0941\u0930\u093e\u0939\u0930\u0942 \u0938\u093f\u0915\u094d\u0928 \u092e\u0926\u094d\u0926\u0924 \u0917\u0930\u094d\u0928\u0947\u091b:<\/p>\n<p>\u092c\u093e\u092f\u094b\u0921\u093e\u091f\u093e \u0930 \u091c\u093e\u0917\u093f\u0930\u0915\u094b \u0906\u0935\u0947\u0926\u0928 \u0915\u0938\u0930\u0940 \u0932\u0947\u0916\u094d\u0928\u0947<br \/>\u0915\u093e\u092e \u0915\u0938\u0930\u0940 \u0916\u094b\u091c\u094d\u0928\u0947<br \/>\u091c\u093e\u0917\u093f\u0930\u0915\u094b \u0905\u0928\u094d\u0924\u0930\u094d\u0935\u093e\u0930\u094d\u0924\u093e\u0915\u094b \u0932\u093e\u0917\u093f \u0915\u0938\u0930\u0940 \u0924\u092f\u093e\u0930\u0940 \u0917\u0930\u094d\u0928\u0947<br \/>\u0905\u0938\u094d\u091f\u094d\u0930\u0947\u0932\u093f\u092f\u093e\u0932\u0940 \u0915\u093e\u0930\u094d\u092f\u0938\u094d\u0925\u0932\u0939\u0930\u0942\u092e\u093e \u092a\u094d\u0930\u092f\u094b\u0917 \u0939\u0941\u0928\u0947 \u092d\u093e\u0937\u093e<br \/>\u0915\u093e\u0930\u094d\u092f\u0938\u094d\u0925\u0932 \u0938\u094d\u0935\u093e\u0938\u094d\u0925\u094d\u092f \u0930 \u0938\u0941\u0930\u0915\u094d\u0937\u093e \u0928\u093f\u092f\u092e\u0939\u0930\u0942<\/p>\n<p>\u0905\u091d \u092e\u0939\u0924\u094d\u0924\u094d\u0935\u092a\u0942\u0930\u094d\u0923 \u0915\u0941\u0930\u093e, \u092f\u0938 \u0915\u094b\u0930\u094d\u0938\u0932\u0947 \u0938\u094d\u0925\u093e\u0928\u0940\u092f \u0915\u093e\u0930\u094d\u092f\u0938\u094d\u0925\u0932\u092e\u093e \u0926\u0941\u0908 \u0926\u0947\u0916\u093f \u0924\u0940\u0928 \u0939\u092a\u094d\u0924\u093e\u0915\u094b \u0915\u093e\u0930\u094d\u092f \u0905\u0928\u0941\u092d\u0935 \u0938\u092e\u093e\u0935\u0947\u0936 \u0917\u0930\u094d\u0926\u091b!<\/p>\n<p><a href=\"https:\/\/www.stepsamep.com.au\/ready-for-work-short-course\/\"><strong>\u0925\u092a \u0935\u093f\u0935\u0930\u0923\u0939\u0930\u0942\u0915\u094b \u0932\u093e\u0917\u093f \u092f\u0939\u093e\u0901 \u0915\u094d\u0932\u093f\u0915 \u0917\u0930\u094d\u0928\u0941\u0939\u094b\u0938\u094d<\/strong><\/a>[\/vc_column_text][\/vc_column][vc_column width=&#8221;1\/3&#8243;][vc_single_image image=&#8221;107&#8243; img_size=&#8221;full&#8221; alignment=&#8221;right&#8221; onclick=&#8221;custom_link&#8221; img_link_target=&#8221;_blank&#8221; link=&#8221;https:\/\/immi.homeaffairs.gov.au\/settling-in-australia\/amep\/about-the-program&#8221;][mk_padding_divider][mk_button dimension=&#8221;flat&#8221; size=&#8221;large&#8221; url=&#8221;https:\/\/www.stepsamep.com.au\/news\/&#8221; target=&#8221;_blank&#8221; align=&#8221;center&#8221; fullwidth=&#8221;true&#8221;]\u0928\u092f\u093e\u0901 \u0938\u092e\u093e\u091a\u093e\u0930[\/mk_button][mk_blog style=&#8221;grid&#8221; column=&#8221;1&#8243; grid_image_height=&#8221;560&#8243; post_count=&#8221;2&#8243; disable_meta=&#8221;false&#8221; excerpt_length=&#8221;95&#8243;][\/vc_column][\/vc_row][vc_row][vc_column][mk_padding_divider][\/vc_column][\/vc_row][vc_section full_width=&#8221;stretch_row&#8221; css=&#8221;.vc_custom_1496990683576{background-color: #004477 !important;}&#8221;][vc_row attached=&#8221;true&#8221;][vc_column width=&#8221;1\/3&#8243;][mk_padding_divider size=&#8221;7&#8243;][\/vc_column][vc_column width=&#8221;1\/3&#8243;][mk_social_networks size=&#8221;x-large&#8221; style=&#8221;square-pointed&#8221; margin=&#8221;10&#8243; border_color=&#8221;#99cc33&#8243; bg_hover_color=&#8221;&#8221; icon_color=&#8221;#ffffff&#8221; icon_hover_color=&#8221;#99cc33&#8243; align=&#8221;right&#8221; facebook=&#8221;https:\/\/www.facebook.com\/STEPSGroup\/&#8221; instagram=&#8221;https:\/\/www.instagram.com\/stepsgroupaustralia\/&#8221; linkedin=&#8221;https:\/\/www.linkedin.com\/company\/steps-group-australia&#8221; youtube=&#8221;https:\/\/www.youtube.com\/user\/stepsgroup&#8221;][\/vc_column][vc_column width=&#8221;1\/3&#8243;][mk_padding_divider size=&#8221;15&#8243;][vc_row_inner][vc_column_inner width=&#8221;1\/3&#8243;][mk_font_icons icon=&#8221;mk-moon-phone-3&#8243; color=&#8221;#ffffff&#8221; size=&#8221;x-large&#8221; margin_horizental=&#8221;2&#8243; margin_vertical=&#8221;2&#8243; align=&#8221;center&#8221;][\/vc_column_inner][vc_column_inner width=&#8221;2\/3&#8243;][mk_padding_divider size=&#8221;7&#8243;][vc_raw_html css=&#8221;&#8221;]PGgxPjxhIHN0eWxlPSJjb2xvcjogIzk5Y2MzMzsiIGhyZWY9InRlbDoxMzAwIDEzMSA5NjUiPjEzMDAgMTMxIDk2NTwvYT48L2gxPg==[\/vc_raw_html][\/vc_column_inner][\/vc_row_inner][\/vc_column][\/vc_row][\/vc_section]\n<\/div>","protected":false},"excerpt":{"rendered":"<p>[vc_section][vc_row fullwidth=&#8221;true&#8221; attached=&#8221;true&#8221;][vc_column width=&#8221;2\/3&#8243;][\/vc_column][vc_column width=&#8221;1\/3&#8243;][mk_button dimension=&#8221;flat&#8221; size=&#8221;x-large&#8221; letter_spacing=&#8221;0&#8243; icon=&#8221;mk-moon-phone-3&#8243; url=&#8221;tel:1300 131 965&#8243; align=&#8221;center&#8221; fullwidth=&#8221;true&#8221; margin_top=&#8221;0&#8243; margin_bottom=&#8221;0&#8243; margin_right=&#8221;0&#8243; bg_color=&#8221;#99cc33&#8243; btn_hover_bg=&#8221;#99cc33&#8243; btn_hover_txt_color=&#8221;#004477&#8243;]1300 131 965[\/mk_button][mk_divider style=&#8221;thin_solid&#8221; thin_single_color=&#8221;#00223c&#8221; margin_top=&#8221;0&#8243; margin_bottom=&#8221;0&#8243;][mk_button dimension=&#8221;flat&#8221; size=&#8221;x-large&#8221; icon=&#8221;mk-moon-reading&#8221; url=&#8221;#what-is-the-AMEP&#8221; fullwidth=&#8221;true&#8221; margin_bottom=&#8221;0&#8243; margin_right=&#8221;0&#8243; bg_color=&#8221;#004477&#8243; btn_hover_bg=&#8221;#00223c&#8221; btn_hover_txt_color=&#8221;#ffffff&#8221;]AMEP \u092d\u0928\u0947\u0915\u094b \u0915\u0947 \u0939\u094b?[\/mk_button][mk_divider style=&#8221;thin_solid&#8221; thin_single_color=&#8221;#00223c&#8221; margin_top=&#8221;0&#8243; margin_bottom=&#8221;0&#8243;][mk_button dimension=&#8221;flat&#8221; size=&#8221;x-large&#8221; icon=&#8221;mk-moon-book&#8221; url=&#8221;\/eligibility\/&#8221; fullwidth=&#8221;true&#8221; margin_bottom=&#8221;0&#8243; margin_right=&#8221;0&#8243; bg_color=&#8221;#004477&#8243; btn_hover_bg=&#8221;#00223c&#8221; btn_hover_txt_color=&#8221;#ffffff&#8221;]\u0915\u0947 \u092f\u094b \u0915\u094b\u0930\u094d\u0938 [&hellip;]<\/p>\n","protected":false},"author":13,"featured_media":0,"parent":0,"menu_order":0,"comment_status":"closed","ping_status":"closed","template":"","meta":{"footnotes":""},"class_list":["post-457","page","type-page","status-publish","hentry"],"_links":{"self":[{"href":"https:\/\/www.stepsamep.com.au\/vi\/wp-json\/wp\/v2\/pages\/457","targetHints":{"allow":["GET"]}}],"collection":[{"href":"https:\/\/www.stepsamep.com.au\/vi\/wp-json\/wp\/v2\/pages"}],"about":[{"href":"https:\/\/www.stepsamep.com.au\/vi\/wp-json\/wp\/v2\/types\/page"}],"author":[{"embeddable":true,"href":"https:\/\/www.stepsamep.com.au\/vi\/wp-json\/wp\/v2\/users\/13"}],"replies":[{"embeddable":true,"href":"https:\/\/www.stepsamep.com.au\/vi\/wp-json\/wp\/v2\/comments?post=457"}],"version-history":[{"count":17,"href":"https:\/\/www.stepsamep.com.au\/vi\/wp-json\/wp\/v2\/pages\/457\/revisions"}],"predecessor-version":[{"id":3835,"href":"https:\/\/www.stepsamep.com.au\/vi\/wp-json\/wp\/v2\/pages\/457\/revisions\/3835"}],"wp:attachment":[{"href":"https:\/\/www.stepsamep.com.au\/vi\/wp-json\/wp\/v2\/media?parent=457"}],"curies":[{"name":"wp","href":"https:\/\/api.w.org\/{rel}","templated":true}]}}