{"id":405,"date":"2017-10-25T06:19:24","date_gmt":"2017-10-25T06:19:24","guid":{"rendered":"https:\/\/www.stepsamep.com.au\/?page_id=405"},"modified":"2026-02-25T11:09:57","modified_gmt":"2026-02-25T01:09:57","slug":"hoc-amep","status":"publish","type":"page","link":"https:\/\/www.stepsamep.com.au\/vi\/hoc-amep\/","title":{"rendered":"H\u1ecdc AMEP"},"content":{"rendered":"<div class=\"wpb-content-wrapper\">[vc_section][vc_row][vc_column width=&#8221;2\/3&#8243;][vc_column_text]\n<h2>Thay \u0111\u1ed5i Adult Migrant English Program (Ch\u01b0\u01a1ng tr\u00ecnh Anh ng\u1eef Di d\u00e2n Tr\u00e1ng ni\u00ean)<\/h2>\n<p>V\u00e0o th\u00e1ng 7 n\u0103m 2017, Ch\u00ednh ph\u1ee7 \u00dac thay \u0111\u1ed5i c\u00e1ch h\u1ecdc c\u1ee7a h\u1ecdc vi\u00ean trong Adult Migrant English Program &#8211; AMEP (Ch\u01b0\u01a1ng tr\u00ecnh Anh ng\u1eef Di d\u00e2n Tr\u00e1ng ni\u00ean). H\u1ecdc vi\u00ean t\u1eebng \u0111\u01b0\u1ee3c \u0111\u00e1nh gi\u00e1 theo Certificate of Spoken and Written English &#8211; CSWE (Ch\u1ee9ng ch\u1ec9 k\u1ef9 n\u0103ng N\u00f3i v\u00e0 Vi\u1ebft ti\u1ebfng Anh) gi\u1edd \u0111\u00e2y s\u1ebd \u0111\u01b0\u1ee3c \u0111\u00e1nh gi\u00e1 theo Australian Core Skills Framework &#8211; ACSF (H\u1ec7 th\u1ed1ng K\u1ef9 n\u0103ng Ch\u00ednh y\u1ebfu c\u1ee7a \u00dac)<\/p>\n<h2>Australian Core Skills Framework (H\u1ec7 th\u1ed1ng K\u1ef9 n\u0103ng Ch\u00ednh y\u1ebfu c\u1ee7a \u00dac) l\u00e0 g\u00ec<\/h2>\n<p>Australian Core Skills Framework, hay ACSF, \u0111o tr\u00ecnh \u0111\u1ed9 k\u1ef9 n\u0103ng c\u1ee7a b\u1ea1n x\u00e9t v\u1ec1 h\u1ecdc v\u1ea5n, \u0111\u1ecdc, vi\u1ebft, giao ti\u1ebfp mi\u1ec7ng v\u00e0 to\u00e1n h\u1ecdc. Ch\u00fang t\u00f4i c\u0169ng s\u1eed d\u1ee5ng khu\u00f4n kh\u1ed5 n\u00e0y \u0111\u1ec3 \u0111o tr\u00ecnh \u0111\u1ed9 k\u1ef9 n\u0103ng Anh ng\u1eef, v\u00e0 \u0111\u00e1nh gi\u00e1 kh\u1ea3 n\u0103ng c\u00f3 \u0111\u01b0\u1ee3c vi\u1ec7c l\u00e0m v\u00e0 th\u00e0nh c\u00f4ng trong c\u00f4ng vi\u1ec7c c\u1ee7a b\u1ea1n.<\/p>\n<h2>Nh\u1eefng l\u1ee3i \u00edch c\u1ee7a Australian Core Skills Framework<\/h2>\n<p>ACSF l\u00e0 h\u1ec7 th\u1ed1ng c\u00e1c k\u1ef9 n\u0103ng ch\u00ednh y\u1ebfu \u0111\u01b0\u1ee3c c\u00f4ng nh\u1eadn nh\u1ea5t trong gi\u00e1o d\u1ee5c ngh\u1ec1 \u1edf \u00dac, v\u00e0 l\u00e0 khu\u00f4n kh\u1ed5 m\u00e0 b\u1ea1n th\u01b0\u1eddng \u0111\u01b0\u1ee3c \u0111\u00e1nh gi\u00e1 nh\u1ea5t khi n\u1ed9p \u0111\u01a1n h\u1ecdc, \u0111\u00e0o t\u1ea1o, hay xin vi\u1ec7c l\u00e0m trong t\u01b0\u01a1ng lai. Vi\u1ec7c thay \u0111\u1ed5i c\u00e1ch \u0111\u00e1nh gi\u00e1 h\u1ecdc vi\u00ean AMEP theo ACSF s\u1ebd c\u1ea3i thi\u1ec7n c\u00e1c c\u01a1 h\u1ed9i \u0111\u00e0o t\u1ea1o, gi\u00e1o d\u1ee5c v\u00e0 c\u00f4ng vi\u1ec7c cho h\u1ecdc vi\u00ean.<\/p>\n<h2>S\u1ef1 thay \u0111\u1ed5i n\u00e0y t\u00e1c \u0111\u1ed9ng \u0111\u1ebfn t\u00f4i th\u1ebf n\u00e0o?<\/h2>\n<p>H\u1ecdc vi\u00ean c\u1ee7a Adult Migrant English Program b\u1eaft \u0111\u1ea7u h\u1ecdc tr\u01b0\u1edbc th\u00e1ng 7 n\u0103m 2017, v\u00e0 \u0111\u00e3 \u0111\u01b0\u1ee3c \u0111\u00e1nh gi\u00e1 theo Certificate of Spoken and Written English (CSWE), gi\u1edd \u0111\u00e2y s\u1ebd \u0111\u01b0\u1ee3c \u0111\u00e1nh gi\u00e1 theo Australian Core Skills Framework. Vi\u1ec7c h\u1ecdc m\u00e0 b\u1ea1n \u0111\u00e3 ho\u00e0n th\u00e0nh h\u01b0\u1edbng \u0111\u1ebfn CSWE s\u1ebd \u0111\u01b0\u1ee3c c\u00f4ng nh\u1eadn v\u00e0 tr\u1ecdng t\u00e2m h\u1ecdc t\u1eadp c\u1ee7a b\u1ea1n s\u1ebd thay \u0111\u1ed5i theo Australian Core Skills Framework.<\/p>\n<p>\u0110\u1ed1i v\u1edbi h\u1ecdc vi\u00ean b\u1eaft \u0111\u1ea7u h\u1ecdc Adult Migrant English Program sau th\u00e1ng 7 n\u0103m 2017, b\u1ea1n s\u1ebd t\u1ef1 \u0111\u1ed9ng \u0111\u01b0\u1ee3c \u0111\u00e1nh gi\u00e1 theo[\/vc_column_text][\/vc_column][vc_column width=&#8221;1\/3&#8243;][mk_mini_callout]\n<h2>Th\u1eafc m\u1eafc?<\/h2>\n<h3>\u0110\u1ec3 bi\u1ebft th\u00eam th\u00f4ng tin v\u1ec1 AMEP, vui l\u00f2ng g\u1eedi email \u0111\u1ebfn <a href=\"mailto:customercare@stepsgroup.com.au\">customercare@stepsgroup.com.au<\/a> ho\u1eb7c g\u1ecdi \u0111i\u1ec7n \u0111\u1ebfn s\u1ed1 <a href=\"tel:1300 131 965\">1300 131 965<\/a>.<\/h3>\n[\/mk_mini_callout][\/vc_column][\/vc_row][\/vc_section]\n<\/div>","protected":false},"excerpt":{"rendered":"<p>[vc_section][vc_row][vc_column width=&#8221;2\/3&#8243;][vc_column_text] Thay \u0111\u1ed5i Adult Migrant English Program (Ch\u01b0\u01a1ng tr\u00ecnh Anh ng\u1eef Di d\u00e2n Tr\u00e1ng ni\u00ean) V\u00e0o th\u00e1ng 7 n\u0103m 2017, Ch\u00ednh ph\u1ee7 \u00dac thay \u0111\u1ed5i c\u00e1ch h\u1ecdc c\u1ee7a h\u1ecdc vi\u00ean trong Adult Migrant English Program &#8211; AMEP (Ch\u01b0\u01a1ng tr\u00ecnh Anh ng\u1eef Di d\u00e2n Tr\u00e1ng ni\u00ean). H\u1ecdc vi\u00ean t\u1eebng \u0111\u01b0\u1ee3c \u0111\u00e1nh gi\u00e1 theo Certificate of [&hellip;]<\/p>\n","protected":false},"author":13,"featured_media":0,"parent":0,"menu_order":0,"comment_status":"closed","ping_status":"closed","template":"","meta":{"footnotes":""},"class_list":["post-405","page","type-page","status-publish","hentry"],"_links":{"self":[{"href":"https:\/\/www.stepsamep.com.au\/vi\/wp-json\/wp\/v2\/pages\/405","targetHints":{"allow":["GET"]}}],"collection":[{"href":"https:\/\/www.stepsamep.com.au\/vi\/wp-json\/wp\/v2\/pages"}],"about":[{"href":"https:\/\/www.stepsamep.com.au\/vi\/wp-json\/wp\/v2\/types\/page"}],"author":[{"embeddable":true,"href":"https:\/\/www.stepsamep.com.au\/vi\/wp-json\/wp\/v2\/users\/13"}],"replies":[{"embeddable":true,"href":"https:\/\/www.stepsamep.com.au\/vi\/wp-json\/wp\/v2\/comments?post=405"}],"version-history":[{"count":3,"href":"https:\/\/www.stepsamep.com.au\/vi\/wp-json\/wp\/v2\/pages\/405\/revisions"}],"predecessor-version":[{"id":3870,"href":"https:\/\/www.stepsamep.com.au\/vi\/wp-json\/wp\/v2\/pages\/405\/revisions\/3870"}],"wp:attachment":[{"href":"https:\/\/www.stepsamep.com.au\/vi\/wp-json\/wp\/v2\/media?parent=405"}],"curies":[{"name":"wp","href":"https:\/\/api.w.org\/{rel}","templated":true}]}}