{"id":349,"date":"2017-10-25T03:11:54","date_gmt":"2017-10-25T03:11:54","guid":{"rendered":"https:\/\/www.stepsamep.com.au\/?page_id=349"},"modified":"2026-02-25T09:11:07","modified_gmt":"2026-02-24T23:11:07","slug":"dieu-kien","status":"publish","type":"page","link":"https:\/\/www.stepsamep.com.au\/vi\/dieu-kien\/","title":{"rendered":"\u0110i\u1ec1u ki\u1ec7n"},"content":{"rendered":"<div class=\"wpb-content-wrapper\">[vc_section][vc_row][vc_column width=&#8221;2\/3&#8243;][vc_column_text]\n<h2>AMEP c\u00f3 ph\u1ea3i l\u00e0 ch\u01b0\u01a1ng tr\u00ecnh th\u00edch h\u1ee3p cho t\u00f4i?<\/h2>\n<p>AMEP hi\u1ec7n c\u00f3 cho t\u1ea5t c\u1ea3 nh\u1eefng ai c\u00f3 visa th\u01b0\u1eddng tr\u00fa \u0111\u1ee7 \u0111i\u1ec1u ki\u1ec7n t\u1eeb 18 tu\u1ed5i tr\u1edf l\u00ean, nh\u1eefng ng\u01b0\u1eddi kh\u00f4ng c\u00f3 tr\u00ecnh \u0111\u1ed9 Anh ng\u1eef ch\u1ee9c n\u0103ng.<\/p>\n<p>Vi\u1ec7c tham gia \u0111\u01b0\u1ee3c m\u1edf r\u1ed9ng cho m\u1ed9t s\u1ed1 ng\u01b0\u1eddi c\u00f3 visa t\u1ea1m th\u1eddi theo quy \u0111\u1ecbnh c\u1ee5 th\u1ec3 trong v\u0103n ki\u1ec7n ph\u00e1p l\u00fd English Courses for Holders of Certain Temporary Visas (C\u00e1c kh\u00f3a Anh ng\u1eef cho ng\u01b0\u1eddi c\u00f3 visa t\u1ea1m th\u1eddi). C\u00e1c h\u1ea1ng visa t\u1ea1m th\u1eddi bao g\u1ed3m:<\/p>\n<ul>\n<li>Bridging F (Class WF)<\/li>\n<li>Business Skills (Provisional) (Class UR)<\/li>\n<li>Business Skills (Provisional) (Class EB)<\/li>\n<li>Interdependency (Provisional) (Class UG)<\/li>\n<li>Partner (Provisional) (Class UF)<\/li>\n<li>Partner (Temporary) (Class UK)<\/li>\n<li>Resolution of Status (Temporary) (Class UH)<\/li>\n<li>Safe Haven Enterprise (Class XE)<\/li>\n<li>Skilled\u2014Designated Area-sponsored (Provisional) (Class UZ)<\/li>\n<li>Skilled\u2014Independent Regional (Provisional) (Class UX)<\/li>\n<li>Skilled\u2014Regional Sponsored (subclass 475)<\/li>\n<li>Skilled\u2014Regional Sponsored (subclass 487)<\/li>\n<li>Skilled\u2014Regional Sponsored (subclass 489)<\/li>\n<li>Temporary (Humanitarian Concern) (Class UO); and<\/li>\n<li>Temporary Protection (Class XD).<\/li>\n<\/ul>\n<h2>D\u01b0\u1edbi 18 tu\u1ed5i<\/h2>\n<p>Ng\u01b0\u1eddi nh\u1eadp c\u01b0 v\u00e0 t\u1ecb n\u1ea1n trong \u0111\u1ed9 tu\u1ed5i t\u1eeb 15 \u0111\u1ebfn 17, kh\u00f4ng bi\u1ebft ti\u1ebfng Anh ch\u1ee9c n\u0103ng v\u00e0 c\u00f3 nh\u1eefng nhu c\u1ea7u kh\u00f4ng \u0111\u01b0\u1ee3c \u0111\u00e1p \u1ee9ng \u1edf tr\u01b0\u1eddng h\u1ecdc ch\u00ednh quy, c\u0169ng c\u00f3 th\u1ec3 \u0111\u1ee7 \u0111i\u1ec1u ki\u1ec7n tham gia ch\u01b0\u01a1ng tr\u00ecnh.<\/p>\n<p>Vi\u1ec7c tham gia th\u01b0\u1eddng \u0111\u01b0\u1ee3c x\u00e1c \u0111inh tr\u00ean c\u01a1 s\u1edf t\u1eebng tr\u01b0\u1eddng h\u1ee3p, c\u00e2n nh\u1eafc ho\u00e0n c\u1ea3nh c\u00e1 nh\u00e2n v\u00e0 tham v\u1ea5n tr\u01b0\u1eddng h\u1ecdc \u0111\u1ecba ph\u01b0\u01a1ng.<\/p>\n<h2>Khung th\u1eddi gian<\/h2>\n<p>\u0110\u1ec3 tham d\u1ef1 ch\u01b0\u01a1ng tr\u00ecnh, ng\u01b0\u1eddi c\u00f3 visa \u0111\u1ee7 \u0111i\u1ec1u ki\u1ec7n ph\u1ea3i \u0111\u00e1p \u1ee9ng khung th\u1eddi gian ph\u00e1p l\u00fd cho vi\u1ec7c \u0111\u0103ng k\u00fd, b\u1eaft \u0111\u1ea7u v\u00e0 ho\u00e0n th\u00e0nh. Nh\u1eefng gi\u1edbi h\u1ea1n th\u1eddi gian d\u01b0\u1edbi \u0111\u00e2y \u00e1p d\u1ee5ng t\u1eeb ng\u00e0y visa \u0111\u1ee7 \u0111i\u1ec1u ki\u1ec7n c\u1ee7a kh\u00e1ch h\u00e0ng c\u00f3 hi\u1ec7u l\u1ef1c hay ng\u00e0y h\u1ecd \u0111\u1ebfn \u00dac, ch\u1ecdn ng\u00e0y tr\u1ec5 h\u01a1n.<\/p>\n<h2>18 tu\u1ed5i tr\u1edf l\u00ean<\/h2>\n<ul>\n<li>\u0110\u0103ng k\u00fd trong v\u00f2ng s\u00e1u th\u00e1ng.<\/li>\n<li>B\u1eaft \u0111\u1ea7u h\u1ecdc trong v\u00f2ng 12 th\u00e1ng.<\/li>\n<li>Ho\u00e0n t\u1ea5t h\u1ecdc trong n\u0103m n\u0103m.<\/li>\n<\/ul>\n<h2>D\u01b0\u1edbi 18 tu\u1ed5i<\/h2>\n<ul>\n<li>\u0110\u0103ng k\u00fd v\u00e0 b\u1eaft \u0111\u1ea7u h\u1ecdc trong 12 th\u00e1ng.<\/li>\n<li>Ho\u00e0n t\u1ea5t h\u1ecdc trong n\u0103m n\u0103m<\/li>\n<\/ul>\n<h2>Anh ng\u1eef Ch\u1ee9c n\u0103ng<\/h2>\n<p>Ngo\u00e0i nh\u1eefng khung th\u1eddi gian ph\u00e1p l\u00fd, nh\u1eefng ng\u01b0\u1eddi c\u00f3 visa \u0111\u1ee7 \u0111i\u1ec1u ki\u1ec7n c\u0169ng ph\u1ea3i \u0111\u01b0\u1ee3c \u0111\u00e1nh gi\u00e1 (b\u1edfi nh\u00e2n vi\u00ean \u0111\u1ee7 tr\u00ecnh \u0111\u1ed9) l\u00e0 c\u00f3 tr\u00ecnh \u0111\u1ed9 ti\u1ebfng Anh d\u01b0\u1edbi m\u1ee9c \u2018giao ti\u1ebfp c\u01a1 b\u1ea3n\u2019 \u0111\u01b0\u1ee3c quy \u0111\u1ecbnh trong v\u0103n ki\u1ec7n ph\u00e1p l\u00fd \u2018Procedures or Standards for Functional English\u2019 (Quy tr\u00ecnh hay Ti\u00eau chu\u1ea9n Anh ng\u1eef ch\u1ee9c n\u0103ng).[\/vc_column_text][\/vc_column][vc_column width=&#8221;1\/3&#8243;][mk_mini_callout]\n<h2>N\u1ebfu b\u1ea1n kh\u00f4ng ch\u1eafc m\u00ecnh c\u00f3 \u0111\u1ee7 \u0111i\u1ec1u ki\u1ec7n tham gia c\u00e1c l\u1edbp h\u1ecdc ti\u1ebfng Anh MI\u1ec4N PH\u00cd hay kh\u00f4ng, vui l\u00f2ng li\u00ean h\u1ec7 v\u1edbi ch\u00fang t\u00f4i:<br \/>\nEmail &#8211; <a href=\"mailto:customercare@stepsgroup.com.au\">customercare@stepsgroup.com.au<\/a><br \/>\n\u0110i\u1ec7n tho\u1ea1i &#8211; <a href=\"tel:1300 131 965\">1300 131 965<\/a><\/h2>\n[\/mk_mini_callout][\/vc_column][\/vc_row][\/vc_section]\n<\/div>","protected":false},"excerpt":{"rendered":"<p>[vc_section][vc_row][vc_column width=&#8221;2\/3&#8243;][vc_column_text] AMEP c\u00f3 ph\u1ea3i l\u00e0 ch\u01b0\u01a1ng tr\u00ecnh th\u00edch h\u1ee3p cho t\u00f4i? AMEP hi\u1ec7n c\u00f3 cho t\u1ea5t c\u1ea3 nh\u1eefng ai c\u00f3 visa th\u01b0\u1eddng tr\u00fa \u0111\u1ee7 \u0111i\u1ec1u ki\u1ec7n t\u1eeb 18 tu\u1ed5i tr\u1edf l\u00ean, nh\u1eefng ng\u01b0\u1eddi kh\u00f4ng c\u00f3 tr\u00ecnh \u0111\u1ed9 Anh ng\u1eef ch\u1ee9c n\u0103ng. Vi\u1ec7c tham gia \u0111\u01b0\u1ee3c m\u1edf r\u1ed9ng cho m\u1ed9t s\u1ed1 ng\u01b0\u1eddi c\u00f3 visa t\u1ea1m [&hellip;]<\/p>\n","protected":false},"author":13,"featured_media":0,"parent":0,"menu_order":0,"comment_status":"closed","ping_status":"closed","template":"","meta":{"footnotes":""},"class_list":["post-349","page","type-page","status-publish","hentry"],"_links":{"self":[{"href":"https:\/\/www.stepsamep.com.au\/vi\/wp-json\/wp\/v2\/pages\/349","targetHints":{"allow":["GET"]}}],"collection":[{"href":"https:\/\/www.stepsamep.com.au\/vi\/wp-json\/wp\/v2\/pages"}],"about":[{"href":"https:\/\/www.stepsamep.com.au\/vi\/wp-json\/wp\/v2\/types\/page"}],"author":[{"embeddable":true,"href":"https:\/\/www.stepsamep.com.au\/vi\/wp-json\/wp\/v2\/users\/13"}],"replies":[{"embeddable":true,"href":"https:\/\/www.stepsamep.com.au\/vi\/wp-json\/wp\/v2\/comments?post=349"}],"version-history":[{"count":3,"href":"https:\/\/www.stepsamep.com.au\/vi\/wp-json\/wp\/v2\/pages\/349\/revisions"}],"predecessor-version":[{"id":3784,"href":"https:\/\/www.stepsamep.com.au\/vi\/wp-json\/wp\/v2\/pages\/349\/revisions\/3784"}],"wp:attachment":[{"href":"https:\/\/www.stepsamep.com.au\/vi\/wp-json\/wp\/v2\/media?parent=349"}],"curies":[{"name":"wp","href":"https:\/\/api.w.org\/{rel}","templated":true}]}}