{"id":332,"date":"2017-10-25T02:34:28","date_gmt":"2017-10-25T02:34:28","guid":{"rendered":"https:\/\/www.stepsamep.com.au\/?page_id=332"},"modified":"2026-02-25T08:54:50","modified_gmt":"2026-02-24T22:54:50","slug":"dich-vu-cong","status":"publish","type":"page","link":"https:\/\/www.stepsamep.com.au\/vi\/dich-vu-cong\/","title":{"rendered":"D\u1ecbch v\u1ee5 c\u1ed9ng th\u00eam"},"content":{"rendered":"<div class=\"wpb-content-wrapper\">[vc_section][vc_row][vc_column width=&#8221;2\/3&#8243;][vc_column_text]\n<h2>Tr\u00f4ng tr\u1ebb mi\u1ec5n ph\u00ed<\/h2>\n<p>B\u1ea1n c\u00f3 c\u1ea7n d\u1ecbch v\u1ee5 tr\u00f4ng tr\u1ebb \u0111\u1ec3 c\u00f3 th\u1ec3 tham d\u1ef1 c\u00e1c l\u1edbp Adult Migrant English Program &#8211; AMEP (Ch\u01b0\u01a1ng tr\u00ecnh Anh ng\u1eef Di d\u00e2n Tr\u00e1ng ni\u00ean)? Hi\u1ec7n c\u00f3 tr\u00f4ng tr\u1ebb mi\u1ec5n ph\u00ed \u0111\u1ed1i v\u1edbi tr\u1ebb d\u01b0\u1edbi \u0111\u1ed9 tu\u1ed5i \u0111i h\u1ecdc trong th\u1eddi gian h\u1ecdc c\u1ee7a b\u1ea1n.<\/p>\n<p>Khi b\u1ea1n g\u1eb7p ch\u00fang t\u00f4i, ch\u00fang t\u00f4i s\u1ebd th\u1ea3o lu\u1eadn v\u1ec1 nh\u1eefng ch\u1ecdn l\u1ef1a tr\u00f4ng tr\u1ebb th\u00edch h\u1ee3p sao cho b\u1ea1n c\u00f3 th\u1ec3 h\u1ecdc t\u1ed1t nh\u1ea5t.<\/p>\n<h2>D\u1ea1y k\u00e8m t\u1ea1i gia<\/h2>\n<p>C\u00e1c gia s\u01b0 c\u00f3 th\u1ec3 cung c\u1ea5p cho b\u1ea1n s\u1ef1 h\u1ed7 tr\u1ee3 h\u1ecdc t\u1eadp t\u1ea1i nh\u00e0. H\u1ed7 tr\u1ee3 D\u1ea1y k\u00e8m t\u1ea1i nh\u00e0 l\u00e0 MI\u1ec4N PH\u00cd v\u00e0 c\u00f3 th\u1ec3 cho b\u1ea1n s\u1ef1 tr\u1ee3 gi\u00fap m\u1ed9t th\u1ea7y m\u1ed9t tr\u00f2 c\u1ea7n thi\u1ebft \u0111\u1ec3 c\u1ea3i thi\u1ec7n k\u1ef9 n\u0103ng ng\u00f4n ng\u1eef. Ch\u00fang t\u00f4i s\u1ebd k\u1ebft n\u1ed1i b\u1ea1n v\u1edbi m\u1ed9t ng\u01b0\u1eddi d\u1ea1y k\u00e8m th\u00edch h\u1ee3p d\u1ef1a tr\u00ean nhu c\u1ea7u h\u1ecdc t\u1eadp c\u1ee7a b\u1ea1n.<\/p>\n<h2>Settlement Language Pathways to Employment and Training &#8211; SLPET (Ch\u01b0\u01a1ng tr\u00ecnh Anh ng\u1eef Nh\u00e2n d\u1ee5ng v\u00e0 Hu\u1ea5n ngh\u1ec7)<\/h2>\n<p>\u0110\u1ec3 h\u1ed7 tr\u1ee3 vi\u1ec7c chuy\u1ec3n sang l\u00e0m vi\u1ec7c \u1edf \u00dac, b\u1ea1n c\u00f3 th\u1ec3 \u0111\u1ee7 \u0111i\u1ec1u ki\u1ec7n tham d\u1ef1 ch\u01b0\u01a1ng tr\u00ecnh Settlement Language Pathways to Employment and Training (Ch\u01b0\u01a1ng tr\u00ecnh Anh ng\u1eef Nh\u00e2n d\u1ee5ng v\u00e0 Hu\u1ea5n ngh\u1ec7). Ch\u01b0\u01a1ng tr\u00ecnh n\u00e0y cung c\u1ea5p l\u00ean \u0111\u1ebfn 200 gi\u1edd h\u1ecdc ti\u1ebfng Anh b\u1ed5 sung, t\u1eadp trung v\u00e0o c\u00e1c k\u1ef9 n\u0103ng ti\u1ebfng Anh nh\u00e2n d\u1ee5ng. SPLET c\u0169ng bao g\u1ed3m l\u00ean t\u1edbi 80 gi\u1edd kinh nghi\u1ec7m l\u00e0m vi\u1ec7c \u1edf nhi\u1ec1u l\u0129nh v\u1ef1c, \u0111\u1ec3 gi\u00fap b\u1ea1n hi\u1ec3u t\u1ed1t h\u01a1n v\u1ec1 v\u0103n h\u00f3a v\u00e0 th\u1ef1c ti\u1ec5n l\u00e0m vi\u1ec7c \u1edf \u00dac.<\/p>\n<h2>Special Preparatory Program (Ch\u01b0\u01a1ng tr\u00ecnh Chu\u1ea9n b\u1ecb \u0110\u1eb7c bi\u1ec7t)<\/h2>\n<p>Special Preparatory Program (Ch\u01b0\u01a1ng tr\u00ecnh Chu\u1ea9n b\u1ecb \u0110\u1eb7c bi\u1ec7t) cung c\u1ea5p l\u00ean \u0111\u1ebfn 400 gi\u1edd b\u1ed5 t\u00fac c\u00e1c l\u1edbp Anh ng\u1eef thi\u1ebft k\u1ebf ri\u00eang cho nh\u1eefng kh\u00e1ch h\u00e0ng t\u1ecb n\u1ea1n \u0111\u1ee7 \u0111i\u1ec1u ki\u1ec7n nh\u1eb1m c\u00f4ng nh\u1eadn nhu c\u1ea7u h\u1ecdc t\u1eadp c\u1ee7a h\u1ecd v\u00e0 h\u1ed7 tr\u1ee3 nh\u1eefng nhu c\u1ea7u ph\u00e1t sinh t\u1eeb tr\u1ea3i nghi\u1ec7m kh\u00f3 kh\u0103n tr\u01b0\u1edbc khi di c\u01b0, ch\u1eb3ng h\u1ea1n nh\u01b0 b\u1ecb tra t\u1ea5n hay ch\u1ea5n th\u01b0\u01a1ng, v\u00e0\/ho\u1eb7c vi\u1ec7c h\u1ecdc t\u1eadp gi\u1edbi h\u1ea1n tr\u01b0\u1edbc \u0111\u00f3.<\/p>\n<h2>C\u00e1c l\u1edbp cho ng\u01b0\u1eddi d\u01b0\u1edbi 18 tu\u1ed5i<\/h2>\n<p>Ng\u01b0\u1eddi nh\u1eadp c\u01b0 v\u00e0 t\u1ecb n\u1ea1n trong \u0111\u1ed9 tu\u1ed5i t\u1eeb 15 \u0111\u1ebfn 17, nh\u1eefng ng\u01b0\u1eddi kh\u00f4ng c\u00f3 tr\u00ecnh \u0111\u1ed9 Anh ng\u1eef ch\u1ee9c n\u0103ng v\u00e0 c\u00f3 nh\u1eefng nhu c\u1ea7u kh\u00f4ng \u0111\u01b0\u1ee3c \u0111\u00e1p \u1ee9ng qua tr\u01b0\u1eddng h\u1ecdc ch\u00ednh quy, c\u0169ng c\u00f3 th\u1ec3 \u0111\u1ee7 \u0111i\u1ec1u ki\u1ec7n tham d\u1ef1 ch\u01b0\u01a1ng tr\u00ecnh. Vi\u1ec7c tham d\u1ef1 th\u01b0\u1eddng \u0111\u01b0\u1ee3c quy\u1ebft \u0111\u1ecbnh tr\u00ean c\u01a1 s\u1edf t\u00f9y t\u1eebng tr\u01b0\u1eddng h\u1ee3p, c\u00e2n nh\u1eafc ho\u00e0n c\u1ea3nh c\u00e1 nh\u00e2n v\u00e0 tham v\u1ea5n tr\u01b0\u1eddng h\u1ecdc \u0111\u1ecba ph\u01b0\u01a1ng.[\/vc_column_text][\/vc_column][vc_column width=&#8221;1\/3&#8243;][mk_mini_callout]\n<h2>N\u1ebfu b\u1ea1n mu\u1ed1n bi\u1ebft th\u00eam th\u00f4ng tin v\u1ec1 c\u00e1c d\u1ecbch v\u1ee5 c\u1ed9ng th\u00eam, h\u00e3y g\u1ecdi ch\u00fang t\u00f4i theo s\u1ed1 <a href=\"tel:1300%20131%20965\">1300 131 965<\/a><\/h2>\n[\/mk_mini_callout][\/vc_column][\/vc_row][\/vc_section]\n<\/div>","protected":false},"excerpt":{"rendered":"<p>[vc_section][vc_row][vc_column width=&#8221;2\/3&#8243;][vc_column_text] Tr\u00f4ng tr\u1ebb mi\u1ec5n ph\u00ed B\u1ea1n c\u00f3 c\u1ea7n d\u1ecbch v\u1ee5 tr\u00f4ng tr\u1ebb \u0111\u1ec3 c\u00f3 th\u1ec3 tham d\u1ef1 c\u00e1c l\u1edbp Adult Migrant English Program &#8211; AMEP (Ch\u01b0\u01a1ng tr\u00ecnh Anh ng\u1eef Di d\u00e2n Tr\u00e1ng ni\u00ean)? Hi\u1ec7n c\u00f3 tr\u00f4ng tr\u1ebb mi\u1ec5n ph\u00ed \u0111\u1ed1i v\u1edbi tr\u1ebb d\u01b0\u1edbi \u0111\u1ed9 tu\u1ed5i \u0111i h\u1ecdc trong th\u1eddi gian h\u1ecdc c\u1ee7a b\u1ea1n. Khi [&hellip;]<\/p>\n","protected":false},"author":13,"featured_media":0,"parent":0,"menu_order":0,"comment_status":"closed","ping_status":"closed","template":"","meta":{"footnotes":""},"class_list":["post-332","page","type-page","status-publish","hentry"],"_links":{"self":[{"href":"https:\/\/www.stepsamep.com.au\/vi\/wp-json\/wp\/v2\/pages\/332","targetHints":{"allow":["GET"]}}],"collection":[{"href":"https:\/\/www.stepsamep.com.au\/vi\/wp-json\/wp\/v2\/pages"}],"about":[{"href":"https:\/\/www.stepsamep.com.au\/vi\/wp-json\/wp\/v2\/types\/page"}],"author":[{"embeddable":true,"href":"https:\/\/www.stepsamep.com.au\/vi\/wp-json\/wp\/v2\/users\/13"}],"replies":[{"embeddable":true,"href":"https:\/\/www.stepsamep.com.au\/vi\/wp-json\/wp\/v2\/comments?post=332"}],"version-history":[{"count":2,"href":"https:\/\/www.stepsamep.com.au\/vi\/wp-json\/wp\/v2\/pages\/332\/revisions"}],"predecessor-version":[{"id":3760,"href":"https:\/\/www.stepsamep.com.au\/vi\/wp-json\/wp\/v2\/pages\/332\/revisions\/3760"}],"wp:attachment":[{"href":"https:\/\/www.stepsamep.com.au\/vi\/wp-json\/wp\/v2\/media?parent=332"}],"curies":[{"name":"wp","href":"https:\/\/api.w.org\/{rel}","templated":true}]}}