{"id":315,"date":"2017-10-25T01:55:48","date_gmt":"2017-10-25T01:55:48","guid":{"rendered":"https:\/\/www.stepsamep.com.au\/?page_id=315"},"modified":"2026-02-25T11:38:14","modified_gmt":"2026-02-25T01:38:14","slug":"ve-chung-toi","status":"publish","type":"page","link":"https:\/\/www.stepsamep.com.au\/vi\/ve-chung-toi\/","title":{"rendered":"V\u1ec1 ch\u00fang t\u00f4i"},"content":{"rendered":"<div class=\"wpb-content-wrapper\">[vc_section][vc_row][vc_column width=&#8221;2\/3&#8243;][vc_column_text css=&#8221;.vc_custom_1771973247096{margin-bottom: 0px !important;}&#8221;]STEPS AMEP d\u1ea1y c\u00e1c k\u1ef9 n\u0103ng ti\u1ebfng Anh, \u0111\u1ecdc vi\u1ebft v\u00e0 t\u00ednh to\u00e1n cho h\u1ecdc sinh \u0111\u1ebfn t\u1eeb h\u01a1n 50 qu\u1ed1c t\u1ecbch \u1edf c\u00e1c \u0111\u1ecba \u0111i\u1ec3m t\u1eeb th\u00e0nh ph\u1ed1, khu v\u1ef1c n\u00f4ng th\u00f4n \u0111\u1ebfn c\u00e1c c\u1ed9ng \u0111\u1ed3ng v\u00f9ng s\u00e2u v\u00f9ng xa. S\u1ef1 \u0111a d\u1ea1ng c\u1ee7a sinh vi\u00ean v\u00e0 c\u00e1c l\u0129nh v\u1ef1c kh\u00e1c nhau m\u00e0 ch\u00fang t\u00f4i ph\u1ee5c v\u1ee5 \u0111\u00e3 gi\u00fap ch\u00fang t\u00f4i tr\u1edf th\u00e0nh nh\u1eefng nh\u00e0 \u0111\u1ed5i m\u1edbi v\u1ec1 \u0111\u00e0o t\u1ea1o t\u00f9y ch\u1ec9nh, \u0111\u00e1p \u1ee9ng v\u1edbi m\u00f4i tr\u01b0\u1eddng n\u01a1i ch\u00fang t\u00f4i l\u00e0m vi\u1ec7c v\u00e0 tr\u1edf th\u00e0nh chuy\u00ean gia trong vi\u1ec7c cung c\u1ea5p ch\u01b0\u01a1ng tr\u00ecnh \u0111\u00e0o t\u1ea1o ph\u00f9 h\u1ee3p v\u1edbi nhu c\u1ea7u, phong c\u00e1ch v\u00e0 gi\u00e1 tr\u1ecb h\u1ecdc t\u1eadp c\u1ee7a sinh vi\u00ean.<\/p>\n<p>S\u1ef1 t\u1eadp trung c\u1ee7a ch\u00fang t\u00f4i v\u00e0o quan h\u1ec7 \u0111\u1ed1i t\u00e1c trong ng\u00e0nh v\u00e0 ph\u00e2n ph\u1ed1i linh ho\u1ea1t s\u1ebd mang l\u1ea1i k\u1ebft qu\u1ea3 th\u00e0nh c\u00f4ng cho sinh vi\u00ean c\u1ee7a ch\u00fang t\u00f4i. Ch\u00fang t\u00f4i tin r\u1eb1ng b\u1eb1ng c\u00e1ch gi\u1ea3i quy\u1ebft nhu c\u1ea7u c\u1ee7a kh\u00e1ch h\u00e0ng, ch\u00fang t\u00f4i c\u00f3 th\u1ec3 \u0111\u00f3ng g\u00f3p t\u00edch c\u1ef1c cho t\u01b0\u01a1ng lai kinh t\u1ebf v\u00e0 x\u00e3 h\u1ed9i c\u1ee7a to\u00e0n th\u1ec3 c\u1ed9ng \u0111\u1ed3ng.<\/p>\n<p>STEPS AMEP l\u00e0 m\u1ed9t ph\u1ea7n c\u1ee7a STEPS, m\u1ed9t t\u1ed5 ch\u1ee9c phi l\u1ee3i nhu\u1eadn cam k\u1ebft t\u1ea1o ra s\u1ef1 kh\u00e1c bi\u1ec7t b\u1eb1ng c\u00e1ch mang \u0111\u1ebfn c\u01a1 h\u1ed9i.[\/vc_column_text][vc_single_image image=&#8221;2520&#8243; img_size=&#8221;full&#8221; alignment=&#8221;center&#8221;][\/vc_column][vc_column width=&#8221;1\/3&#8243;][vc_column_text css=&#8221;.vc_custom_1771973536433{margin-bottom: 0px !important;}&#8221;]\n<h2>C\u1eadp nh\u1eadt tin t\u1ee9c c\u1ee7a STEPS<\/h2>\n[\/vc_column_text][mk_button dimension=&#8221;two&#8221; corner_style=&#8221;rounded&#8221; size=&#8221;medium&#8221; letter_spacing=&#8221;0&#8243; icon=&#8221;mk-icon-angle-right&#8221; icon_anim=&#8221;side&#8221; url=&#8221;https:\/\/study.wisenet.co\/stepsgroup\/contact&#8221; target=&#8221;_blank&#8221; nofollow=&#8221;true&#8221; fullwidth=&#8221;true&#8221; margin_top=&#8221;0&#8243; margin_bottom=&#8221;15&#8243; margin_right=&#8221;15&#8243;]N\u1ed9p \u0111\u01a1n ngay h\u00f4m nay[\/mk_button][\/vc_column][\/vc_row][\/vc_section]\n<\/div>","protected":false},"excerpt":{"rendered":"<p>[vc_section][vc_row][vc_column width=&#8221;2\/3&#8243;][vc_column_text css=&#8221;.vc_custom_1771973247096{margin-bottom: 0px !important;}&#8221;]STEPS AMEP d\u1ea1y c\u00e1c k\u1ef9 n\u0103ng ti\u1ebfng Anh, \u0111\u1ecdc vi\u1ebft v\u00e0 t\u00ednh to\u00e1n cho h\u1ecdc sinh \u0111\u1ebfn t\u1eeb h\u01a1n 50 qu\u1ed1c t\u1ecbch \u1edf c\u00e1c \u0111\u1ecba \u0111i\u1ec3m t\u1eeb th\u00e0nh ph\u1ed1, khu v\u1ef1c n\u00f4ng th\u00f4n \u0111\u1ebfn c\u00e1c c\u1ed9ng \u0111\u1ed3ng v\u00f9ng s\u00e2u v\u00f9ng xa. S\u1ef1 \u0111a d\u1ea1ng c\u1ee7a sinh vi\u00ean v\u00e0 c\u00e1c l\u0129nh v\u1ef1c [&hellip;]<\/p>\n","protected":false},"author":13,"featured_media":0,"parent":0,"menu_order":0,"comment_status":"closed","ping_status":"closed","template":"","meta":{"footnotes":""},"class_list":["post-315","page","type-page","status-publish","hentry"],"_links":{"self":[{"href":"https:\/\/www.stepsamep.com.au\/vi\/wp-json\/wp\/v2\/pages\/315","targetHints":{"allow":["GET"]}}],"collection":[{"href":"https:\/\/www.stepsamep.com.au\/vi\/wp-json\/wp\/v2\/pages"}],"about":[{"href":"https:\/\/www.stepsamep.com.au\/vi\/wp-json\/wp\/v2\/types\/page"}],"author":[{"embeddable":true,"href":"https:\/\/www.stepsamep.com.au\/vi\/wp-json\/wp\/v2\/users\/13"}],"replies":[{"embeddable":true,"href":"https:\/\/www.stepsamep.com.au\/vi\/wp-json\/wp\/v2\/comments?post=315"}],"version-history":[{"count":7,"href":"https:\/\/www.stepsamep.com.au\/vi\/wp-json\/wp\/v2\/pages\/315\/revisions"}],"predecessor-version":[{"id":3905,"href":"https:\/\/www.stepsamep.com.au\/vi\/wp-json\/wp\/v2\/pages\/315\/revisions\/3905"}],"wp:attachment":[{"href":"https:\/\/www.stepsamep.com.au\/vi\/wp-json\/wp\/v2\/media?parent=315"}],"curies":[{"name":"wp","href":"https:\/\/api.w.org\/{rel}","templated":true}]}}