{"id":2493,"date":"2023-10-12T12:59:04","date_gmt":"2023-10-12T02:59:04","guid":{"rendered":"https:\/\/www.stepsamep.com.au\/?page_id=2493"},"modified":"2023-10-13T09:07:38","modified_gmt":"2023-10-12T23:07:38","slug":"chinh-sach-bao-mat","status":"publish","type":"page","link":"https:\/\/www.stepsamep.com.au\/vi\/chinh-sach-bao-mat\/","title":{"rendered":"Ch\u00ednh s\u00e1ch b\u1ea3o m\u1eadt"},"content":{"rendered":"<div class=\"wpb-content-wrapper\">[vc_row][vc_column width=&#8221;1\/4&#8243;][vc_widget_sidebar sidebar_id=&#8221;sidebar-19&#8243;][\/vc_column][vc_column width=&#8221;3\/4&#8243;][vc_column_text css=&#8221;.vc_custom_1697152055349{margin-bottom: 0px !important;}&#8221;]\r\n<h3>Ch\u00ednh s\u00e1ch b\u1ea3o m\u1eadt<\/h3>\r\n\r\n<p>Quy\u1ec1n ri\u00eang t\u01b0 l\u00e0 quy\u1ec1n c\u01a1 b\u1ea3n c\u1ee7a con ng\u01b0\u1eddi, c\u1ee7ng c\u1ed1 quy\u1ec1n t\u1ef1 do l\u1eadp h\u1ed9i, suy ngh\u0129 v\u00e0 bi\u1ec3u \u0111\u1ea1t, c\u0169ng nh\u01b0 t\u1ef1 do kh\u00f4ng b\u1ecb ph\u00e2n bi\u1ec7t \u0111\u1ed1i x\u1eed. Quy\u1ec1n ri\u00eang t\u01b0 bao g\u1ed3m quy\u1ec1n ki\u1ec3m so\u00e1t ai c\u00f3 th\u1ec3 xem ho\u1eb7c s\u1eed d\u1ee5ng th\u00f4ng tin v\u1ec1 b\u1ea1n. Quy\u1ec1n ri\u00eang t\u01b0 c\u1ee7a b\u1ea1n kh\u00f4ng ph\u1ea3i l\u00e0 tuy\u1ec7t \u0111\u1ed1i, \u0111\u00f4i khi, nh\u1eefng m\u1ed1i quan t\u00e2m kh\u00e1c \u0111\u01b0\u1ee3c \u01b0u ti\u00ean h\u01a1n, ch\u1eb3ng h\u1ea1n nh\u01b0 s\u1ef1 an to\u00e0n c\u1ee7a b\u1ea1n ho\u1eb7c ng\u01b0\u1eddi kh\u00e1c ho\u1eb7c l\u1ee3i \u00edch c\u00f4ng l\u00fd.<\/p>\r\n\r\n<p>Nh\u00f3m c\u00e1c c\u00f4ng ty STEPS (STEPS) tu\u00e2n th\u1ee7 c\u00e1c ngh\u0129a v\u1ee5 theo \u0110\u1ea1o lu\u1eadt quy\u1ec1n ri\u00eang t\u01b0 n\u0103m 1988 (\u0110\u1ea1o lu\u1eadt quy\u1ec1n ri\u00eang t\u01b0). STEPS b\u1ecb r\u00e0ng bu\u1ed9c b\u1edfi Nguy\u00ean t\u1eafc quy\u1ec1n ri\u00eang t\u01b0 (APP) c\u1ee7a \u00dac trong \u0110\u1ea1o lu\u1eadt quy\u1ec1n ri\u00eang t\u01b0, quy \u0111\u1ecbnh c\u00e1ch c\u00e1c t\u1ed5 ch\u1ee9c thu th\u1eadp, s\u1eed d\u1ee5ng, ti\u1ebft l\u1ed9 v\u00e0 l\u01b0u tr\u1eef th\u00f4ng tin c\u00e1 nh\u00e2n c\u0169ng nh\u01b0 c\u00e1ch c\u00e1c c\u00e1 nh\u00e2n c\u00f3 th\u1ec3 truy c\u1eadp v\u00e0 ch\u1ec9nh s\u1eeda th\u00f4ng tin c\u00e1 nh\u00e2n c\u00f3 v\u1ec1 h\u1ecd.<\/p>\r\n\r\n<p>Th\u00f4ng tin c\u00e1 nh\u00e2n trong \u0110\u1ea1o lu\u1eadt quy\u1ec1n ri\u00eang t\u01b0, c\u00f3 ngh\u0129a l\u00e0 th\u00f4ng tin ho\u1eb7c \u00fd ki\u1ebfn (bao g\u1ed3m th\u00f4ng tin ho\u1eb7c m\u1ed9t ph\u1ea7n h\u00ecnh th\u00e0nh \u00fd ki\u1ebfn c\u1ee7a c\u01a1 s\u1edf d\u1eef li\u1ec7u), d\u00f9 \u0111\u00fang hay kh\u00f4ng v\u00e0 c\u00f3 \u0111\u01b0\u1ee3c ghi d\u01b0\u1edbi d\u1ea1ng t\u00e0i li\u1ec7u hay kh\u00f4ng, v\u1ec1 m\u1ed9t c\u00e1 nh\u00e2n \u0111\u01b0\u1ee3c x\u00e1c \u0111\u1ecbnh ho\u1eb7c m\u1ed9t c\u00e1 nh\u00e2n c\u00f3 th\u1ec3 x\u00e1c \u0111\u1ecbnh \u0111\u01b0\u1ee3c m\u1ed9t c\u00e1ch h\u1ee3p l\u00fd,<\/p>\r\n\r\n<p>STEPS thu th\u1eadp, s\u1eed d\u1ee5ng v\u00e0 l\u01b0u tr\u1eef nhi\u1ec1u lo\u1ea1i th\u00f4ng tin c\u00e1 nh\u00e2n cho m\u1ee5c \u0111\u00edch cung c\u1ea5p d\u1ecbch v\u1ee5. Th\u00f4ng tin c\u00e1 nh\u00e2n s\u1ebd kh\u00f4ng \u0111\u01b0\u1ee3c ti\u1ebft l\u1ed9 cho b\u00ean th\u1ee9 ba m\u00e0 kh\u00f4ng c\u00f3 s\u1ef1 \u0111\u1ed3ng \u00fd, tr\u1eeb khi \u0111\u01b0\u1ee3c cho ph\u00e9p ho\u1eb7c y\u00eau c\u1ea7u theo \u0110\u1ea1o lu\u1eadt quy\u1ec1n ri\u00eang t\u01b0.<\/p>\r\n\r\n<p>C\u00e1c nguy\u00ean t\u1eafc sau \u0111\u00e2y \u0111\u01b0\u1ee3c \u00e1p d\u1ee5ng trong ch\u00ednh s\u00e1ch n\u00e0y:<\/p>\r\n\r\n<p>S\u1ef1 \u0111\u1ed3ng \u00fd thu th\u1eadp, l\u01b0u tr\u1eef v\u00e0 ti\u1ebft l\u1ed9 th\u00f4ng tin s\u1ebd \u0111\u01b0\u1ee3c th\u1ec3 hi\u1ec7n b\u1eb1ng v\u0103n b\u1ea3n.<br \/>N\u1ebfu c\u00f3 th\u1ec3, STEPS thu th\u1eadp th\u00f4ng tin c\u00e1 nh\u00e2n v\u00e0 nh\u1ea1y c\u1ea3m tr\u1ef1c ti\u1ebfp t\u1eeb b\u1ea1n. Trong m\u1ed9t s\u1ed1 tr\u01b0\u1eddng h\u1ee3p, STEPS c\u00f3 th\u1ec3 l\u1ea5y ho\u1eb7c ti\u1ebft l\u1ed9 th\u00f4ng tin c\u00e1 nh\u00e2n c\u1ee7a b\u1ea1n cho ngu\u1ed3n b\u00ean th\u1ee9 ba. N\u1ebfu \u0111i\u1ec1u n\u00e0y x\u1ea3y ra, ch\u00fang t\u00f4i s\u1ebd th\u1ef1c hi\u1ec7n c\u00e1c b\u01b0\u1edbc h\u1ee3p l\u00fd \u0111\u1ec3 \u0111\u1ea3m b\u1ea3o b\u1ea1n bi\u1ebft l\u00fd do t\u1ea1i sao th\u00f4ng tin n\u00e0y \u0111\u01b0\u1ee3c chia s\u1ebb.<br \/>STEPS ch\u1ec9 s\u1eed d\u1ee5ng th\u00f4ng tin c\u00e1 nh\u00e2n cho c\u00e1c m\u1ee5c \u0111\u00edch \u0111\u01b0\u1ee3c cung c\u1ea5p cho STEPS ho\u1eb7c cho c\u00e1c m\u1ee5c \u0111\u00edch li\u00ean quan \u0111\u1ebfn ch\u1ee9c n\u0103ng ho\u1eb7c ho\u1ea1t \u0111\u1ed9ng c\u1ee7a STEPS.<br \/>Th\u00f4ng tin \u0111\u01b0\u1ee3c thu th\u1eadp t\u1eeb kh\u00e1ch h\u00e0ng, \u0111\u1ed1i t\u00e1c kinh doanh, th\u00e0nh vi\u00ean, nh\u00e0 t\u00e0i tr\u1ee3, c\u00f4ng ch\u00fang v\u00e0 ng\u01b0\u1eddi lao \u0111\u1ed9ng s\u1ebd \u0111\u01b0\u1ee3c gi\u1edbi h\u1ea1n \u1edf nh\u1eefng th\u00f4ng tin li\u00ean quan v\u00e0 c\u1ea7n thi\u1ebft cho s\u1ef1 tham gia c\u1ee7a h\u1ecd v\u1edbi STEPS.<br \/>M\u1ecdi th\u00f4ng tin \u0111\u01b0\u1ee3c thu th\u1eadp cho m\u1ed9t m\u1ee5c \u0111\u00edch c\u1ee5 th\u1ec3 (m\u1ee5c \u0111\u00edch ch\u00ednh) s\u1ebd kh\u00f4ng \u0111\u01b0\u1ee3c s\u1eed d\u1ee5ng cho m\u1ee5c \u0111\u00edch kh\u00e1c (m\u1ee5c \u0111\u00edch ph\u1ee5) tr\u1eeb khi:<br \/>\u0110\u00e3 nh\u1eadn \u0111\u01b0\u1ee3c s\u1ef1 \u0111\u1ed3ng \u00fd cho vi\u1ec7c s\u1eed d\u1ee5ng ho\u1eb7c ti\u1ebft l\u1ed9 th\u00f4ng tin; ho\u1eb7c<br \/>C\u00e1 nh\u00e2n c\u00f3 l\u00fd do h\u1ee3p l\u00fd \u0111\u1ec3 mong \u0111\u1ee3i STEPS s\u1eed d\u1ee5ng ho\u1eb7c ti\u1ebft l\u1ed9 th\u00f4ng tin cho m\u1ee5c \u0111\u00edch ph\u1ee5 v\u00e0 m\u1ee5c \u0111\u00edch ph\u1ee5 c\u00f3 li\u00ean quan tr\u1ef1c ti\u1ebfp ho\u1eb7c ch\u1eb7t ch\u1ebd \u0111\u1ebfn m\u1ee5c \u0111\u00edch ch\u00ednh.<br \/>Theo y\u00eau c\u1ea7u, kh\u00e1ch h\u00e0ng s\u1ebd \u0111\u01b0\u1ee3c cung c\u1ea5p quy\u1ec1n ti\u1ebfp c\u1eadn v\u1edbi m\u1ed9t ng\u01b0\u1eddi h\u1ed7 tr\u1ee3 \u0111\u1ed9c l\u1eadp ho\u1eb7c ng\u01b0\u1eddi bi\u1ec7n h\u1ed9 theo l\u1ef1a ch\u1ecdn c\u1ee7a h\u1ecd \u0111\u1ec3 h\u1ed7 tr\u1ee3 h\u1ecd trong m\u1ecdi v\u1ea5n \u0111\u1ec1 li\u00ean quan \u0111\u1ebfn vi\u1ec7c thu th\u1eadp, l\u01b0u tr\u1eef, x\u1eed l\u00fd v\u00e0 ti\u1ebfp c\u1eadn th\u00f4ng tin c\u00e1 nh\u00e2n.<br \/>STEPS s\u1ebd qu\u1ea3n l\u00fd th\u00f4ng tin c\u00e1 nh\u00e2n kh\u00f4ng \u0111\u01b0\u1ee3c y\u00eau c\u1ea7u theo y\u00eau c\u1ea7u c\u1ee7a APP Ch\u01b0\u01a1ng 4 (X\u1eed l\u00fd th\u00f4ng tin c\u00e1 nh\u00e2n kh\u00f4ng \u0111\u01b0\u1ee3c y\u00eau c\u1ea7u).<br \/>Quy\u1ec1n truy c\u1eadp h\u1ee3p l\u00fd v\u00e0o th\u00f4ng tin \u0111\u01b0\u1ee3c l\u01b0u gi\u1eef v\u1ec1 c\u00e1c c\u00e1 nh\u00e2n v\u00e0 c\u00e1c c\u01a1 ch\u1ebf m\u00e0 qua \u0111\u00f3 m\u1ecdi th\u00f4ng tin kh\u00f4ng ch\u00ednh x\u00e1c ho\u1eb7c kh\u00f4ng ch\u00ednh x\u00e1c c\u00f3 th\u1ec3 \u0111\u01b0\u1ee3c s\u1eeda ch\u1eefa c\u00f3 th\u1ec3 \u0111\u01b0\u1ee3c cung c\u1ea5p theo y\u00eau c\u1ea7u.<\/p>\r\n\r\n<p>N\u1ebfu m\u1ed9t c\u00e1 nh\u00e2n kh\u00f4ng mu\u1ed1n cung c\u1ea5p th\u00f4ng tin c\u00e1 nh\u00e2n, STEPS c\u00f3 th\u1ec3 kh\u00f4ng cung c\u1ea5p \u0111\u01b0\u1ee3c d\u1ecbch v\u1ee5.<\/p>\r\n\r\n<p>Ch\u00ednh s\u00e1ch quy\u1ec1n ri\u00eang t\u01b0 n\u00e0y \u0111\u00e3 \u0111\u01b0\u1ee3c H\u1ed9i \u0111\u1ed3ng qu\u1ea3n tr\u1ecb ph\u00ea duy\u1ec7t v\u00e0o ng\u00e0y 26 th\u00e1ng 4 n\u0103m 2023<\/p>\r\n\r\n<p>&nbsp;<\/p>\r\n[\/vc_column_text][\/vc_column][\/vc_row]<\/div>","protected":false},"excerpt":{"rendered":"<p>[vc_row][vc_column width=&#8221;1\/4&#8243;][vc_widget_sidebar sidebar_id=&#8221;sidebar-19&#8243;][\/vc_column][vc_column width=&#8221;3\/4&#8243;][vc_column_text css=&#8221;.vc_custom_1697152055349{margin-bottom: 0px !important;}&#8221;] Ch\u00ednh s\u00e1ch b\u1ea3o m\u1eadt Quy\u1ec1n ri\u00eang t\u01b0 l\u00e0 quy\u1ec1n c\u01a1 b\u1ea3n c\u1ee7a con ng\u01b0\u1eddi, c\u1ee7ng c\u1ed1 quy\u1ec1n t\u1ef1 do l\u1eadp h\u1ed9i, suy ngh\u0129 v\u00e0 bi\u1ec3u \u0111\u1ea1t, c\u0169ng nh\u01b0 t\u1ef1 do kh\u00f4ng b\u1ecb ph\u00e2n bi\u1ec7t \u0111\u1ed1i x\u1eed. Quy\u1ec1n ri\u00eang t\u01b0 bao g\u1ed3m quy\u1ec1n ki\u1ec3m so\u00e1t ai c\u00f3 th\u1ec3 xem [&hellip;]<\/p>\n","protected":false},"author":13,"featured_media":0,"parent":0,"menu_order":0,"comment_status":"closed","ping_status":"closed","template":"","meta":{"footnotes":""},"class_list":["post-2493","page","type-page","status-publish","hentry"],"_links":{"self":[{"href":"https:\/\/www.stepsamep.com.au\/vi\/wp-json\/wp\/v2\/pages\/2493","targetHints":{"allow":["GET"]}}],"collection":[{"href":"https:\/\/www.stepsamep.com.au\/vi\/wp-json\/wp\/v2\/pages"}],"about":[{"href":"https:\/\/www.stepsamep.com.au\/vi\/wp-json\/wp\/v2\/types\/page"}],"author":[{"embeddable":true,"href":"https:\/\/www.stepsamep.com.au\/vi\/wp-json\/wp\/v2\/users\/13"}],"replies":[{"embeddable":true,"href":"https:\/\/www.stepsamep.com.au\/vi\/wp-json\/wp\/v2\/comments?post=2493"}],"version-history":[{"count":4,"href":"https:\/\/www.stepsamep.com.au\/vi\/wp-json\/wp\/v2\/pages\/2493\/revisions"}],"predecessor-version":[{"id":2598,"href":"https:\/\/www.stepsamep.com.au\/vi\/wp-json\/wp\/v2\/pages\/2493\/revisions\/2598"}],"wp:attachment":[{"href":"https:\/\/www.stepsamep.com.au\/vi\/wp-json\/wp\/v2\/media?parent=2493"}],"curies":[{"name":"wp","href":"https:\/\/api.w.org\/{rel}","templated":true}]}}