{"id":571,"date":"2017-12-07T06:19:34","date_gmt":"2017-12-07T06:19:34","guid":{"rendered":"https:\/\/www.stepsamep.com.au\/?page_id=571"},"modified":"2023-10-12T13:12:20","modified_gmt":"2023-10-12T03:12:20","slug":"mukano-ya-confidentialite","status":"publish","type":"page","link":"https:\/\/www.stepsamep.com.au\/lin\/mukano-ya-confidentialite\/","title":{"rendered":"Mukano ya Confidentialit\u00e9"},"content":{"rendered":"[mk_page_section predefined_bg=&#8221;&#8221; first_page=&#8221;false&#8221; last_page=&#8221;false&#8221;][vc_column width=&#8221;1\/4&#8243;][vc_widget_sidebar sidebar_id=&#8221;sidebar-19&#8243;][\/vc_column][vc_column width=&#8221;3\/4&#8243;][vc_column_text css=&#8221;.vc_custom_1697080336724{margin-bottom: 0px !important;}&#8221;]\n<h3>Politiki ya kobatela makambo ya moto ye moko<\/h3>\n<p>Bomoi ya moto ye moko ezali lotomo ya moboko ya bomoto oyo ezali kosimba bonsomi ya kosangana, ya kokanisa mpe ya koloba, mpe lisusu bonsomi ya bokeseni. Bobateli makambo ya moto ye moko esangisi lotomo ya kozala na likoki ya kotambwisa nani akoki komona to kosalela makambo oyo etali yo. Droit na yo ya kozala na vie priv\u00e9e ezali absolu te, tango mosusu, ba soucis misusu epesamaka priorit\u00e9, lokola s\u00e9curit\u00e9 na yo to ya basusu, to ba int\u00e9r\u00eats ya justice.<\/p>\n<p>Lisanga ya bakompanyi ya STEPS (STEPS) etosaka mikumba oyo es\u025bngami na mobeko ya kobatela makambo ya moto ye moko 1988 (Mobeko ya kobatela makambo ya moto ye moko). STEPS ekangami na Mibeko ya Australie oyo etali kobatela makambo ya moto ye moko (APP) na mobeko ya kobatela makambo ya moto ye moko, oyo etambwisaka ndenge oyo bibongiseli esangisi, esalela, ebimisaka mpe ebomba makambo ya moto mpe ndenge oyo bato bakoki kozwa mpe kobongisa makambo ya moto oyo esimbami mpo na bango.<\/p>\n<p>Makambo ya moto na kati ya Mobeko ya kobatela makambo ya moto ye moko, elakisi sango to likanisi (elongo na sango to likanisi oyo ezali na kati ya base de donn\u00e9es), ezala ya solo to te, mpe soki ekomami na lolenge ya mat\u00e9riel to te, etali moto oyo ayebani, to moto oyo azali oyo ekoki koyeba yango na ndenge oyo ebongi, .<\/p>\n<p>STEPS esangisi, esalela, mpe ebombaka makambo ndenge na ndenge ya moto mpo na kopesa misala. Makambo ya moto ekoyebisama te na bato mosusu kozanga ndingisa, longola kaka soki Mobeko ya kobatela makambo ya moto ye moko epesami nzela to esengeli.<\/p>\n<p>Mibeko oyo elandi esalelami na kati ya politiki oyo:<\/p>\n<p>Ndingisa ya kosangisa, kobomba mpe koyebisa makambo ekozala na mokanda.<br \/>\nSoki likoki ezali, STEPS esangisi makambo ya moto ye moko mpe ya ntina mbala moko epai na yo. Na makambo mosusu STEPS ekoki kozwa to koyebisa makambo na yo epai ya moto mosusu. Soki likambo yango esalemi, tokosala makambo oyo ebongi mpo oyeba ntina oyo bazali kokabola makambo yango.<br \/>\nSTEPS esalela kaka ba informations personnelles pona ba but oyo bapesaki yango na STEPS to pona ba but oyo etali misala to misala ya STEPS.<br \/>\nBa sango oyo ezwami na ba clients, ba partenaires d\u2019affaires, ba membres, ba donateurs, ba membres ya public pe basali ekozala kaka na oyo ezali na tina pe esengeli pona kosangana na bango na STEPS.<br \/>\nBa sango nyonso oyo ezwami mpo na ntina moko boye (ntina ya liboso) ekosalelama te mpo na ntina mosusu (ntina ya mibale) longola se soki:<br \/>\nBazwi ndingisa mpo na kosalela to kobimisa makambo yango; to<br \/>\nMoto yango akozela na ndenge ya malamu ete STEPS esalela to ebimisa sango yango mpo na ntina ya mibale mpe ntina ya mibale ezali na boyokani ya semba to ya penepene na ntina ya liboso.<br \/>\nSoki basengi yango, bakopesa ba clients nzela ya kokutana na moto ya lisungi ya lipanda to mobundi oyo balingi mpo na kosunga bango na makambo nyonso oyo etali kosangisa, kobomba, kobwaka mpe bozwi ya ba informations personnelles.<br \/>\nSTEPS ekokamba ba informations personnelles oyo esengami te ndenge esengami na APP Chapitre 4 (Kosala na ba informations personnelles oyo esengami te).<br \/>\nKozwa na ndenge ya malamu makambo oyo esimbami mpo na bato mpe mayele oyo na nzela na yango bakoki kobongisa makambo nyonso oyo ezali malamu te to oyo ezali ya sikisiki te soki bas\u025bngi yango.<\/p>\n<p>Soki moto moko alingi te kopesa ba informations personnelles, STEPS ekoki kozala na makoki te ya kopesa service.<\/p>\n<p>Politiki oyo ya kobatela makambo ya moto ye moko endimami na Likita yango na mokolo ya 26 Aprili 2023[\/vc_column_text][\/vc_column][\/mk_page_section]\n","protected":false},"excerpt":{"rendered":"<p>[mk_page_section predefined_bg=&#8221;&#8221; first_page=&#8221;false&#8221; last_page=&#8221;false&#8221;][vc_column width=&#8221;1\/4&#8243;][vc_widget_sidebar sidebar_id=&#8221;sidebar-19&#8243;][\/vc_column][vc_column width=&#8221;3\/4&#8243;][vc_column_text css=&#8221;.vc_custom_1697080336724{margin-bottom: 0px !important;}&#8221;] Politiki ya kobatela makambo ya moto ye moko Bomoi ya moto ye moko ezali lotomo ya moboko ya bomoto oyo ezali kosimba bonsomi ya kosangana, ya kokanisa mpe ya koloba, mpe lisusu bonsomi ya bokeseni. Bobateli makambo ya moto ye moko esangisi lotomo ya kozala [&hellip;]<\/p>\n","protected":false},"author":13,"featured_media":0,"parent":0,"menu_order":0,"comment_status":"closed","ping_status":"closed","template":"","meta":{"footnotes":""},"class_list":["post-571","page","type-page","status-publish","hentry"],"_links":{"self":[{"href":"https:\/\/www.stepsamep.com.au\/lin\/wp-json\/wp\/v2\/pages\/571","targetHints":{"allow":["GET"]}}],"collection":[{"href":"https:\/\/www.stepsamep.com.au\/lin\/wp-json\/wp\/v2\/pages"}],"about":[{"href":"https:\/\/www.stepsamep.com.au\/lin\/wp-json\/wp\/v2\/types\/page"}],"author":[{"embeddable":true,"href":"https:\/\/www.stepsamep.com.au\/lin\/wp-json\/wp\/v2\/users\/13"}],"replies":[{"embeddable":true,"href":"https:\/\/www.stepsamep.com.au\/lin\/wp-json\/wp\/v2\/comments?post=571"}],"version-history":[{"count":5,"href":"https:\/\/www.stepsamep.com.au\/lin\/wp-json\/wp\/v2\/pages\/571\/revisions"}],"predecessor-version":[{"id":2504,"href":"https:\/\/www.stepsamep.com.au\/lin\/wp-json\/wp\/v2\/pages\/571\/revisions\/2504"}],"wp:attachment":[{"href":"https:\/\/www.stepsamep.com.au\/lin\/wp-json\/wp\/v2\/media?parent=571"}],"curies":[{"name":"wp","href":"https:\/\/api.w.org\/{rel}","templated":true}]}}