{"id":436,"date":"2017-11-21T01:09:57","date_gmt":"2017-11-21T01:09:57","guid":{"rendered":"https:\/\/www.stepsamep.com.au\/?page_id=436"},"modified":"2026-02-25T11:00:35","modified_gmt":"2026-02-25T01:00:35","slug":"steps-amep-2","status":"publish","type":"page","link":"https:\/\/www.stepsamep.com.au\/lin\/","title":{"rendered":"STEPS AMEP"},"content":{"rendered":"<div class=\"wpb-content-wrapper\">[vc_section][vc_row fullwidth=&#8221;true&#8221; attached=&#8221;true&#8221;][vc_column width=&#8221;2\/3&#8243;]\n\t\t\t\t<p class=\"rs-p-wp-fix\"><\/p>\n\t\t\t\t<sr7-module data-alias=\"home-slider\" data-id=\"1\" id=\"SR7_1_1\" class=\"rs-ov-hidden\" data-version=\"6.7.51\">\n\t\t\t\t\t<sr7-adjuster><\/sr7-adjuster>\n\t\t\t\t\t<sr7-content>\n\t\t\t\t\t\t<sr7-slide id=\"SR7_1_1-1\" data-key=\"1\">\n\t\t\t\t\t\t\t<sr7-bg id=\"SR7_1_1-1-25\" class=\"sr7-layer\"><noscript><img decoding=\"async\" src=\"https:\/\/www.stepsamep.com.au\/wp-content\/uploads\/slider-7.jpg\" alt=\"STEPS AMEP | Lady learning\" title=\"STEPS AMEP | Lady learning\"><\/noscript><\/sr7-bg>\n\t\t\t\t\t\t\t<a id=\"SR7_1_1-1-24\" class=\"sr7-layer\" href=\"tel:1300%20131%20965\" target=\"_self\">To start FREE English Lessons <br>Call 1300 131 965 today<\/a>\n\t\t\t\t\t\t<\/sr7-slide>\n\t\t\t\t\t\t<sr7-slide id=\"SR7_1_1-2\" data-key=\"2\">\n\t\t\t\t\t\t\t<sr7-bg id=\"SR7_1_1-2-4\" class=\"sr7-layer\"><noscript><img decoding=\"async\" src=\"https:\/\/www.stepsamep.com.au\/wp-content\/uploads\/slider-6.jpg\" alt=\"STEPS AMEP | Man drawing on whiteboard\" title=\"STEPS AMEP | Man drawing on whiteboard\"><\/noscript><\/sr7-bg>\n\t\t\t\t\t\t\t<sr7-txt id=\"SR7_1_1-2-3\" class=\"sr7-layer\">Access Unlimited <br>FREE English Lessons <\/sr7-txt>\n\t\t\t\t\t\t<\/sr7-slide>\n\t\t\t\t\t\t<sr7-slide id=\"SR7_1_1-3\" data-key=\"3\">\n\t\t\t\t\t\t\t<sr7-bg id=\"SR7_1_1-3-2\" class=\"sr7-layer\"><noscript><img decoding=\"async\" src=\"https:\/\/www.stepsamep.com.au\/wp-content\/uploads\/slider-1.jpg\" alt=\"STEPS AMEP | Lady learning\" title=\"STEPS AMEP | Lady learning\"><\/noscript><\/sr7-bg>\n\t\t\t\t\t\t\t<sr7-txt id=\"SR7_1_1-3-1\" class=\"sr7-layer\">Been in Australia <br> for more than 5 years?  <br>You may be eligible for AMEP <\/sr7-txt>\n\t\t\t\t\t\t<\/sr7-slide>\n\t\t\t\t\t\t<sr7-slide id=\"SR7_1_1-45\" data-key=\"45\">\n\t\t\t\t\t\t<\/sr7-slide>\n\t\t\t\t\t<\/sr7-content>\n\t\t\t\t\t<image_lists style=\"display:none\">\n\t\t\t\t\t\t<img data-src=\"\/\/www.stepsamep.com.au\/wp-content\/uploads\/slider-7.jpg\" width=\"0\" height=\"0\" data-dbsrc=\"Ly93d3cuc3RlcHNhbWVwLmNvbS5hdS93cC1jb250ZW50L3VwbG9hZHMvc2xpZGVyLTcuanBn\"\/>\n\t\t\t\t\t\t<img data-src=\"\/\/www.stepsamep.com.au\/wp-content\/uploads\/slider-6.jpg\" width=\"0\" height=\"0\" data-dbsrc=\"Ly93d3cuc3RlcHNhbWVwLmNvbS5hdS93cC1jb250ZW50L3VwbG9hZHMvc2xpZGVyLTYuanBn\"\/>\n\t\t\t\t\t\t<img data-src=\"\/\/www.stepsamep.com.au\/wp-content\/uploads\/slider-1.jpg\" width=\"0\" height=\"0\" data-dbsrc=\"Ly93d3cuc3RlcHNhbWVwLmNvbS5hdS93cC1jb250ZW50L3VwbG9hZHMvc2xpZGVyLTEuanBn\"\/>\n\t\t\t\t\t<\/image_lists>\n\t\t\t\t<\/sr7-module>\n\t\t\t\t<script>\n\t\t\t\t\twindow.SR7 ??={};SR7.PMH ??={}; SR7.PMH[\"SR7_1_1\"] = {cn:100,state:false,fn: function() { if (window._tpt!==undefined && window._tpt.prepareModuleHeight !== undefined) {  _tpt.prepareModuleHeight({id:\"SR7_1_1\",el:[455,455,455,455,455],type:'standard',shdw:'0',gh:[455,455,455,455,455],gw:[960,960,960,960,480],vpt:['-200px&#039;,&#039;-200px&#039;,&#039;-200px&#039;,&#039;-200px&#039;,&#039;-200px'],size:{fullWidth:false, fullHeight:false},mh:'0',onh:0,onw:0,bg:{color:'{\"orig\":\"transparent\",\"type\":\"solid\",\"string\":\"transparent\"}'},plType:'-1',plColor:'#FFFFFF'});   SR7.PMH[\"SR7_1_1\"].state=true;} else if(SR7.PMH[\"SR7_1_1\"].cn-->0)\tsetTimeout( SR7.PMH[\"SR7_1_1\"].fn,19);}};SR7.PMH[\"SR7_1_1\" ].fn();\n\t\t\t\t<\/script>\n[\/vc_column][vc_column width=&#8221;1\/3&#8243;][mk_button dimension=&#8221;flat&#8221; size=&#8221;x-large&#8221; letter_spacing=&#8221;0&#8243; icon=&#8221;mk-moon-phone-3&#8243; url=&#8221;tel:1300 131 965&#8243; align=&#8221;center&#8221; fullwidth=&#8221;true&#8221; margin_top=&#8221;0&#8243; margin_bottom=&#8221;0&#8243; margin_right=&#8221;0&#8243; bg_color=&#8221;#99cc33&#8243; btn_hover_bg=&#8221;#99cc33&#8243; btn_hover_txt_color=&#8221;#004477&#8243;]<a href=\"tel:1300 131 965\">1300 131 965<\/a>[\/mk_button][mk_divider style=&#8221;thin_solid&#8221; thin_single_color=&#8221;#00223c&#8221; margin_top=&#8221;0&#8243; margin_bottom=&#8221;0&#8243;][mk_button dimension=&#8221;flat&#8221; size=&#8221;x-large&#8221; icon=&#8221;mk-moon-reading&#8221; url=&#8221;#what-is-the-AMEP&#8221; fullwidth=&#8221;true&#8221; margin_bottom=&#8221;0&#8243; margin_right=&#8221;0&#8243; bg_color=&#8221;#004477&#8243; btn_hover_bg=&#8221;#00223c&#8221; btn_hover_txt_color=&#8221;#ffffff&#8221;]AMEP ezali nini?[\/mk_button][mk_divider style=&#8221;thin_solid&#8221; thin_single_color=&#8221;#00223c&#8221; margin_top=&#8221;0&#8243; margin_bottom=&#8221;0&#8243;][mk_button dimension=&#8221;flat&#8221; size=&#8221;x-large&#8221; icon=&#8221;mk-moon-book&#8221; url=&#8221;\/eligibility\/&#8221; fullwidth=&#8221;true&#8221; margin_bottom=&#8221;0&#8243; margin_right=&#8221;0&#8243; bg_color=&#8221;#004477&#8243; btn_hover_bg=&#8221;#00223c&#8221; btn_hover_txt_color=&#8221;#ffffff&#8221;]Cours oyo ezali mpo na ngai?[\/mk_button][mk_divider style=&#8221;thin_solid&#8221; thin_single_color=&#8221;#00223c&#8221; margin_top=&#8221;0&#8243; margin_bottom=&#8221;0&#8243;][mk_button dimension=&#8221;flat&#8221; size=&#8221;x-large&#8221; icon=&#8221;mk-moon-clock&#8221; url=&#8221;#class-times&#8221; fullwidth=&#8221;true&#8221; margin_bottom=&#8221;0&#8243; margin_right=&#8221;0&#8243; bg_color=&#8221;#004477&#8243; btn_hover_bg=&#8221;#00223c&#8221; btn_hover_txt_color=&#8221;#ffffff&#8221;]Ntango nini nakoki koyekola?[\/mk_button][mk_divider style=&#8221;thin_solid&#8221; thin_single_color=&#8221;#00223c&#8221; margin_top=&#8221;0&#8243; margin_bottom=&#8221;0&#8243;][mk_button dimension=&#8221;flat&#8221; size=&#8221;x-large&#8221; icon=&#8221;mk-icon-map-marker&#8221; url=&#8221;\/contact\/&#8221; fullwidth=&#8221;true&#8221; margin_bottom=&#8221;0&#8243; margin_right=&#8221;0&#8243; bg_color=&#8221;#004477&#8243; btn_hover_bg=&#8221;#00223c&#8221; btn_hover_txt_color=&#8221;#ffffff&#8221;]Nakoki koyekola wapi?[\/mk_button][mk_divider style=&#8221;thin_solid&#8221; thin_single_color=&#8221;#00223c&#8221; margin_top=&#8221;0&#8243; margin_bottom=&#8221;0&#8243;][mk_button dimension=&#8221;flat&#8221; size=&#8221;x-large&#8221; icon=&#8221;mk-moon-pencil-6&#8243; url=&#8221;\/enrol\/&#8221; fullwidth=&#8221;true&#8221; margin_bottom=&#8221;0&#8243; margin_right=&#8221;0&#8243; bg_color=&#8221;#004477&#8243; btn_hover_bg=&#8221;#00223c&#8221; btn_hover_txt_color=&#8221;#ffffff&#8221;]Ndenge nini nakoki kokomisa nkombo?[\/mk_button][mk_divider style=&#8221;thin_solid&#8221; thin_single_color=&#8221;#00223c&#8221; margin_top=&#8221;0&#8243; margin_bottom=&#8221;0&#8243;][mk_button dimension=&#8221;flat&#8221; size=&#8221;x-large&#8221; icon=&#8221;mk-icon-map-marker&#8221; url=&#8221;\/ready-for-work-short-course\/&#8221; fullwidth=&#8221;true&#8221; margin_bottom=&#8221;0&#8243; margin_right=&#8221;0&#8243; bg_color=&#8221;#004477&#8243; btn_hover_bg=&#8221;#00223c&#8221; btn_hover_txt_color=&#8221;#ffffff&#8221;]Ready for Work Program[\/mk_button][mk_divider style=&#8221;thin_solid&#8221; thin_single_color=&#8221;#00223c&#8221; margin_top=&#8221;0&#8243; margin_bottom=&#8221;0&#8243;][mk_button dimension=&#8221;flat&#8221; size=&#8221;x-large&#8221; icon=&#8221;mk-icon-question-circle&#8221; url=&#8221;\/contact\/&#8221; align=&#8221;center&#8221; fullwidth=&#8221;true&#8221; margin_bottom=&#8221;0&#8243; margin_right=&#8221;0&#8243; bg_color=&#8221;#004477&#8243; btn_hover_bg=&#8221;#00223c&#8221; btn_hover_txt_color=&#8221;#ffffff&#8221;]Programme ya pr\u00eat pona mosala[\/mk_button][\/vc_column][\/vc_row][\/vc_section][vc_row][vc_column][mk_padding_divider][\/vc_column][\/vc_row][vc_row][vc_column width=&#8221;2\/3&#8243;][vc_column_text css=&#8221;.vc_custom_1697501690992{margin-bottom: 0px !important;}&#8221;]\n<h1><strong>Banda na ndenge ya malamu na nzela ya ko tanga anglais ya ofele epayi na biso<br \/>\n<\/strong><\/h1>\n<p><\/p>\n<h2 id=\"AMEP\"><strong>Programme ya ko Yekola Anglais po na Batu Mikolo oyo ba ye Mboka oyo ko Uta Bipayi Misusu (Adult Migrant English Program [AMEP]).<br \/>\n<\/strong><\/h2>\n<p><strong>Yekola Anglais oyo eko sunga yo okota na bisika oyo ya kosunga yo, kozua musala, ko tanga, na ko zua vie ya malamu na Australie.<br \/>\n<\/strong><\/p>\n<ul>\n<li>To kokisaka ti na 510 heures ya ba cours ya anglais ya ofele.<\/li>\n<li>Tanga Anglais po ozwa vie ya malamu. po na kosala, pe na ko tanga na Australie.<\/li>\n<li>Ko fongola yo misu \u00a0na likambo oyo etali l\u2019etat na bbipayi basalisaka batu.<\/li>\n<li>To kokisaka ti na 510 heures ya ba cours ya anglais ya ofele<\/li>\n<li>Ko zua baninga ya sika na tango ozali ko tanga<\/li>\n<li>Ko tala likambo oyo etali future ya malamu ya vie na yo na Australie<\/li>\n<li><a href=\"https:\/\/www.stepsamep.com.au\/lin\/mutu-nini-akoki-ko-beneficier-na-ba-services-na-biso\/\">Okoki ko appliquer soki ozali*<\/a><\/li>\n<\/ul>\n[\/vc_column_text][mk_padding_divider size=&#8221;20&#8243;][mk_custom_box bg_color=&#8221;#f6f6f6&#8243;][vc_wp_text]\n<h3><strong>Benga biso lelo po na ba information oyo eko lakisa yo ndenge ya ko banda ba classes na yo ya anglais ya ofele na STEPS.<br \/>\n<a href=\"tel:1300 131 965\">1300 131 965<\/a><\/strong><\/h3>\n[\/vc_wp_text][vc_wp_text]Soki ozali na posa ya traducteur, benga centre ya ba traducteurs (TIS National) na\u00a0<a href=\"tel:131 450\">131 450<\/a>\u00a0avant obenga[\/vc_wp_text][\/mk_custom_box][mk_padding_divider size=&#8221;20&#8243;][vc_column_text css=&#8221;.vc_custom_1697501763381{margin-bottom: 0px !important;}&#8221;]\n<h2 id=\"class-times\"><strong>To pesaka ba tango ebele oyo okoki ko tanga ba classes nayo<\/strong><\/h2>\n<p><strong>STEPS apesaka ba classes na ye na ba tango ebele, \u00a0na bisika oyo ezali na Casuarina pe na Palmer Stone \u2013\u00a0<a href=\"https:\/\/www.stepsamep.com.au\/lin\/contact\/\">Tala Carte.<\/a><\/strong><\/p>\n<p>STEPS apesaka flexibilit\u00e9 ya temps po ete yo okoka ko ya. Comme \u00e7a okoki ko kende bisika misusu oyo ozali nango besoin neti kelasi na libota na yo. Okoki ko pona ko ya na ba classe ya anglais na biso na tongo to pe na pokwa. na tango oyo ebongi na yo.<\/p>\n<p><strong>Ba kelasi ya tongo epesamaka:\u00a0<\/strong>Mardi, Mercredi, Jeudi to Vendredi, de 8:45 \u00e0 15h15.<br \/><strong>Ba kelasi ya pokwa epesamaka:\u00a0<\/strong>Mardi, Mercredi to Jeudi, de 18h00 \u00e0 21h00.[\/vc_column_text][mk_padding_divider size=&#8221;20&#8243;][vc_column_text css=&#8221;.vc_custom_1697501782701{margin-bottom: 0px !important;}&#8221;]\n<h2 id=\"what-is-the-AMEP\"><strong>Programme ya ko Yekola Anglais po na Batu Mikolo oyo ba ye Mboka oyo ko Uta Bipayi Misusu (Adult Migrant English Program [AMEP]). ezali nini?<\/strong><\/h2>\n<p>Programme ya ko Yekola Anglais po na Batu Mikolo oyo ba ye Mboka oyo ko Uta Bipayi Misusu (Adult Migrant English Program [AMEP]). ezali programme oyo gouvernement asala po na ko tangisa bato ya sika oyo ba koki, au moins 510 heures ya anglais ya ofele. Soki ozwaki mikanda na yo ya ko tikala na Australie libela, to pe soki ozali na visa, pe olobaka anglais muke, okoki ko zala \u00e9ligible po na AMEP. Bana oyo bazalie na \u00e2ge entre 15 na 17 ans ba koki pe ko zala \u00e9ligible. Tala po oyeba soki okoki ko zua ba cours ya anglais ya ofele na kati ya Programme ya ko Yekola Anglais po na Batu Mikolo oyo ba ye Mboka oyo ko Uta Bipayi Misusu (Adult Migrant English Program [AMEP]).<br \/>\n[\/vc_column_text][mk_padding_divider size=&#8221;20&#8243;][vc_column_text]\n<h2><strong>Oko tanga nini?<\/strong><\/h2>\n<p>Na ba classes na yo ya AMEP, oko tanga munoko ya Anglais oyo eko sunga yo ovanda na Australie na batu oyo ba uti bisika owuta, ba leka na ba nzelaoyo oleka, pe ba oyo ba lingi ko simba makamba ya vie oyo yo pe olingi ko kokisa. O ko tanga ndenge batu bazalaka na Australie, oko tanga mikano ya l\u2019etat, na makambu ebele oyo etali;<\/p>\n<ul>\n<li>ba comp\u00e9tences ya vie, culture, ko kufisa baninga to pe batu ya libota.<\/li>\n<li>sant\u00e9 na s\u00e9curit\u00e9<\/li>\n<li>ko yeba ko salela mbongo, na banque<\/li>\n<li>ko kumba, na transport publique<\/li>\n<li>systeme ya education, na \u00a0ko kipe bana<\/li>\n<li>ba services ya syst\u00e8me m\u00e9dicale<\/li>\n<li>mikano, pe ba systeme ya l\u2019etat<\/li>\n<\/ul>\n[\/vc_column_text][mk_padding_divider size=&#8221;20&#8243;][vc_separator][vc_column_text css=&#8221;.vc_custom_1697501812638{margin-bottom: 0px !important;}&#8221;]\n<h2><strong>Pr\u00eat Pona Mosala Cours Mokuse<\/strong><\/h2>\n<p><strong>Ozali koluka mosala? Bayekoli ya AMEP bakoki kozala na makoki ya kosangana na cours mokuse ya STEPS\u2019 Ready for Work.<\/strong><\/p>\n<p>Mpo na bayekoli oyo bakendeki na AMEP na sanza 12 oyo eleki<\/p>\n<p>Liteya mokuse ya komibongisa mpo na mosala ekosalisa yo oyeba:<\/p>\n<ul>\n<li>Ndenge ya kokoma CV na demande ya musala<\/li>\n<li>Ndenge ya koluka mosala<\/li>\n<li>Ndenge ya komibongisa mpo na interview ya mosala<\/li>\n<li>Mon\u0254k\u0254 oyo basalelaka na bisika ya mosala na Australie<\/li>\n<li>Mibeko ya bokolongono mpe bokengi na esika ya mosala<\/li>\n<\/ul>\n<p><strong>Likambo ya ntina mingi koleka, cours oyo ezali na poso mibale to misato ya exp\u00e9rience ya mosala na esika ya mosala ya mboka!<\/strong><\/p>\n<p><a href=\"https:\/\/www.stepsamep.com.au\/ready-for-work-short-course\/\"><strong>FINA AWA mpo na koyeba makambo mosusu<\/strong><\/a>[\/vc_column_text][\/vc_column][vc_column width=&#8221;1\/3&#8243;][vc_single_image image=&#8221;107&#8243; img_size=&#8221;full&#8221; alignment=&#8221;right&#8221; onclick=&#8221;custom_link&#8221; img_link_target=&#8221;_blank&#8221; link=&#8221;https:\/\/immi.homeaffairs.gov.au\/settling-in-australia\/amep\/about-the-program&#8221;][mk_padding_divider][mk_button dimension=&#8221;flat&#8221; size=&#8221;large&#8221; url=&#8221;https:\/\/www.stepsamep.com.au\/news\/&#8221; target=&#8221;_blank&#8221; align=&#8221;center&#8221; fullwidth=&#8221;true&#8221;]Sango Ya Sika[\/mk_button][mk_blog style=&#8221;grid&#8221; column=&#8221;1&#8243; grid_image_height=&#8221;560&#8243; post_count=&#8221;2&#8243; disable_meta=&#8221;false&#8221; excerpt_length=&#8221;95&#8243;][\/vc_column][\/vc_row][vc_row][vc_column][mk_padding_divider][\/vc_column][\/vc_row][vc_section full_width=&#8221;stretch_row&#8221; css=&#8221;.vc_custom_1496990683576{background-color: #004477 !important;}&#8221;][vc_row attached=&#8221;true&#8221;][vc_column width=&#8221;1\/3&#8243;][mk_padding_divider size=&#8221;7&#8243;][\/vc_column][vc_column width=&#8221;1\/3&#8243;][mk_social_networks size=&#8221;x-large&#8221; style=&#8221;square-pointed&#8221; margin=&#8221;10&#8243; border_color=&#8221;#99cc33&#8243; bg_hover_color=&#8221;&#8221; icon_color=&#8221;#ffffff&#8221; icon_hover_color=&#8221;#99cc33&#8243; align=&#8221;right&#8221; facebook=&#8221;https:\/\/www.facebook.com\/STEPSGroup\/&#8221; instagram=&#8221;https:\/\/www.instagram.com\/stepsgroupaustralia\/&#8221; linkedin=&#8221;https:\/\/www.linkedin.com\/company\/steps-group-australia&#8221; youtube=&#8221;https:\/\/www.youtube.com\/user\/stepsgroup&#8221;][\/vc_column][vc_column width=&#8221;1\/3&#8243;][mk_padding_divider size=&#8221;15&#8243;][vc_row_inner][vc_column_inner width=&#8221;1\/3&#8243;][mk_font_icons icon=&#8221;mk-moon-phone-3&#8243; color=&#8221;#ffffff&#8221; size=&#8221;x-large&#8221; margin_horizental=&#8221;2&#8243; margin_vertical=&#8221;2&#8243; align=&#8221;center&#8221;][\/vc_column_inner][vc_column_inner width=&#8221;2\/3&#8243;][mk_padding_divider size=&#8221;7&#8243;][vc_raw_html css=&#8221;&#8221;]PGgxPjxhIHN0eWxlPSJjb2xvcjogIzk5Y2MzMzsiIGhyZWY9InRlbDoxMzAwIDEzMSA5NjUiPjEzMDAgMTMxIDk2NTwvYT48L2gxPg==[\/vc_raw_html][\/vc_column_inner][\/vc_row_inner][\/vc_column][\/vc_row][\/vc_section]\n<\/div>","protected":false},"excerpt":{"rendered":"<p>[vc_section][vc_row fullwidth=&#8221;true&#8221; attached=&#8221;true&#8221;][vc_column width=&#8221;2\/3&#8243;][\/vc_column][vc_column width=&#8221;1\/3&#8243;][mk_button dimension=&#8221;flat&#8221; size=&#8221;x-large&#8221; letter_spacing=&#8221;0&#8243; icon=&#8221;mk-moon-phone-3&#8243; url=&#8221;tel:1300 131 965&#8243; align=&#8221;center&#8221; fullwidth=&#8221;true&#8221; margin_top=&#8221;0&#8243; margin_bottom=&#8221;0&#8243; margin_right=&#8221;0&#8243; bg_color=&#8221;#99cc33&#8243; btn_hover_bg=&#8221;#99cc33&#8243; btn_hover_txt_color=&#8221;#004477&#8243;]1300 131 965[\/mk_button][mk_divider style=&#8221;thin_solid&#8221; thin_single_color=&#8221;#00223c&#8221; margin_top=&#8221;0&#8243; margin_bottom=&#8221;0&#8243;][mk_button dimension=&#8221;flat&#8221; size=&#8221;x-large&#8221; icon=&#8221;mk-moon-reading&#8221; url=&#8221;#what-is-the-AMEP&#8221; fullwidth=&#8221;true&#8221; margin_bottom=&#8221;0&#8243; margin_right=&#8221;0&#8243; bg_color=&#8221;#004477&#8243; btn_hover_bg=&#8221;#00223c&#8221; btn_hover_txt_color=&#8221;#ffffff&#8221;]AMEP ezali nini?[\/mk_button][mk_divider style=&#8221;thin_solid&#8221; thin_single_color=&#8221;#00223c&#8221; margin_top=&#8221;0&#8243; margin_bottom=&#8221;0&#8243;][mk_button dimension=&#8221;flat&#8221; size=&#8221;x-large&#8221; icon=&#8221;mk-moon-book&#8221; url=&#8221;\/eligibility\/&#8221; fullwidth=&#8221;true&#8221; margin_bottom=&#8221;0&#8243; margin_right=&#8221;0&#8243; bg_color=&#8221;#004477&#8243; btn_hover_bg=&#8221;#00223c&#8221; btn_hover_txt_color=&#8221;#ffffff&#8221;]Cours oyo ezali mpo [&hellip;]<\/p>\n","protected":false},"author":13,"featured_media":0,"parent":0,"menu_order":0,"comment_status":"closed","ping_status":"closed","template":"","meta":{"footnotes":""},"class_list":["post-436","page","type-page","status-publish","hentry"],"_links":{"self":[{"href":"https:\/\/www.stepsamep.com.au\/lin\/wp-json\/wp\/v2\/pages\/436","targetHints":{"allow":["GET"]}}],"collection":[{"href":"https:\/\/www.stepsamep.com.au\/lin\/wp-json\/wp\/v2\/pages"}],"about":[{"href":"https:\/\/www.stepsamep.com.au\/lin\/wp-json\/wp\/v2\/types\/page"}],"author":[{"embeddable":true,"href":"https:\/\/www.stepsamep.com.au\/lin\/wp-json\/wp\/v2\/users\/13"}],"replies":[{"embeddable":true,"href":"https:\/\/www.stepsamep.com.au\/lin\/wp-json\/wp\/v2\/comments?post=436"}],"version-history":[{"count":9,"href":"https:\/\/www.stepsamep.com.au\/lin\/wp-json\/wp\/v2\/pages\/436\/revisions"}],"predecessor-version":[{"id":3856,"href":"https:\/\/www.stepsamep.com.au\/lin\/wp-json\/wp\/v2\/pages\/436\/revisions\/3856"}],"wp:attachment":[{"href":"https:\/\/www.stepsamep.com.au\/lin\/wp-json\/wp\/v2\/media?parent=436"}],"curies":[{"name":"wp","href":"https:\/\/api.w.org\/{rel}","templated":true}]}}