{"id":375,"date":"2017-10-25T05:09:32","date_gmt":"2017-10-25T05:09:32","guid":{"rendered":"https:\/\/www.stepsamep.com.au\/?page_id=375"},"modified":"2023-10-12T15:39:16","modified_gmt":"2023-10-12T05:39:16","slug":"koyebisa-biso-ndenge-tozali-kosala-na-ko-se-plaindre","status":"publish","type":"page","link":"https:\/\/www.stepsamep.com.au\/lin\/koyebisa-biso-ndenge-tozali-kosala-na-ko-se-plaindre\/","title":{"rendered":"Koyebisa biso ndenge tozali kosala, na ko se plaindre."},"content":{"rendered":"<div class=\"wpb-content-wrapper\">[mk_page_section predefined_bg=&#8221;&#8221; first_page=&#8221;false&#8221; last_page=&#8221;false&#8221;][vc_column width=&#8221;1\/4&#8243;][vc_widget_sidebar sidebar_id=&#8221;sidebar-19&#8243;][\/vc_column][vc_column width=&#8221;3\/4&#8243;][vc_row_inner padding=&#8221;0&#8243;][vc_column_inner width=&#8221;2\/3&#8243;][vc_column_text]STEPS Group Australia (STEPS) ezali organization a but non-lucratif. STEPS esalaka nyonso po na ko tiya diff\u00e9rence, pe na ko pesa batu ba opportunit\u00e9s ya sika.<\/p>\n<p>STEPS asalaka nyonso po ete asunga na ndenge esengeli, pe ete, mikanda na ye nyonso na likambo oyo etali ba contract na ye ya musala ya STEPS etikala malamu. Po na ko kokisa likambo oyo, STEPS atya en place systeme ya management oyo alandelaka mikano oyo esengeli na nzela eza malamu na STEPS ISO 9001:2008 systeme ya qualite de management; AS\/NZS 4801:2001 Systeme ya management ya sant\u00e9 pe s\u00e9curit\u00e9; AS\/NZS ISO14001: 2004 Systeme ya management ya s\u00e9curit\u00e9; Ba Services ya mboka oyo etalaka ndenge ya ko salisa batu ya bokono ya ndenge na ndenge (NSDS); \u00a0Cadre ya qualite ya misala ya batu (HSQF) Pe, Ndenge ya malamu ya ko s\u2019enregister na ba forrmation d\u2019entreprise (RTOs). S\/NZS 4801:2001<\/p>\n<p>STEPS ayebi que qualite ezali d\u00e9termin\u00e9 epayi ya ba clients. Yango wana, to ko encourager bino ete bo yebisa biso soki tozo sala malamu to pe malamu te. Bo \u00a0yebisa biso soki likambo ezali ko d\u00e9ranger bino, bo se plaindre. Makambo nyonso wana eko sunga biso ko changer ndenge tosalisaka bino, pe tozala malamu ko leka. Ko yebisa ba clients na biso ndenge \u00a0ya ko yebisa biso makambo nyonso, ko zua ba information, ko repondre na nyonso pe ko pesa ba resolution na ba plainte ezali malamu po ete to continuer ko sunga na ndenge esengeli.<\/p>\n<p>STEPS ako sala nyonso po ete mikano oyo ezuama:<\/p>\n<ol>\n<li>Ko encourager ba clients na batu basalisaka STEPS, ba yebisa biso ndenge tozo sala pe ba se plaindre soki ba lingi. likambo oyo ekoki ko salema na ndenge ya ko komela biso:<\/li>\n<li>Papier ya ko remplir po na ko yebisa biso ndenge tozo sala.<\/li>\n<li>Na nzela ya email <a href=\"mailto:cso@stepsgroup.com.au\">cso@stepsgroup.com.au<\/a><\/li>\n<li>Na nzela ya site internet na biso \u2018 Contacter Biso \u2018<\/li>\n<li>Na nzela ya ko komela biso mukanda<\/li>\n<\/ol>\n<p>Soki olingi ko lobela yango en face<\/p>\n<ol>\n<li>Yaka ko loba en face na mutu oyo asalaka na STEPS<\/li>\n<li>Na nzela ya ko loba na manageur to pe coordinateur na telephone<\/li>\n<li>Na nzela ya telephone, benga services a la clientele ya STEPS na 07 5458 3000<\/li>\n<li>Yeba ete que makambo nyonso boyebisaka biso, ezala malamu to pe malamu te, esungaka biso to sunga bino na ndenge ya malamu ko leka.<\/li>\n<li>Ko sala ete batu nyonso oyo basalaka na STEPS ba comprendre ndenge ya malamu, na tango ya malamu, pe na ndenge ya ko loba na se, makambu nyonso eko sunga batu oyo to salisaka. Objectif \u00a0na biso ezali ko sunga ba clients na biso, yeba ete likambo ya mabe te eko koma.<\/li>\n<li>Ko sala ete \u00a0makambo nyonso batu ba yebisi biso na ndenge tozali kosala, to pe ba ko se plaindre, esala ete pe etiya batu nyoso ya STEPS na nzela oyo ya ko reconnaitre makambo nyonso ba lobi.<\/li>\n<li>Ko yebisa \u00a0ba clients na biso ba services ya libanda.oyo epesaka ba r\u00e9solution ya ba complainte. Neti esengami na se ya ba regles to pe contract na biso.<\/li>\n<li>ko zala juste na likambo etali complainte nyonso, na tango ya malamu, na ko ganga te, trop souvent na kati ya 10 jours ( ya musala) oyo to zui complainte. Soki complainte ezui tango mulayi avant to resoudre yango, esengeli to yebisa client to pe mutu, to pe entreprise oyo esalisaka biso, que ezo wumela.<\/li>\n<li>Ko \u00e9tablir ba mesures ya ba objectifs ya makambo nyonso bozo yebisa biso po ete musala ya management ezala malamu na likambo oyo etali boyebisi na biso\u2019 to pe ba complainte nyonso. Nyonso oyo ezali po to salisa batu malamu ko leka.<\/li>\n<\/ol>\n[\/vc_column_text][\/vc_column_inner][vc_column_inner width=&#8221;1\/3&#8243;][vc_raw_html]JTVCYWN0aXZlY2FtcGFpZ24lMjBmb3JtJTNEOTMlMjBjc3MlM0QxJTVE[\/vc_raw_html][\/vc_column_inner][\/vc_row_inner][\/vc_column][\/mk_page_section]\n<\/div>","protected":false},"excerpt":{"rendered":"<p>[mk_page_section predefined_bg=&#8221;&#8221; first_page=&#8221;false&#8221; last_page=&#8221;false&#8221;][vc_column width=&#8221;1\/4&#8243;][vc_widget_sidebar sidebar_id=&#8221;sidebar-19&#8243;][\/vc_column][vc_column width=&#8221;3\/4&#8243;][vc_row_inner padding=&#8221;0&#8243;][vc_column_inner width=&#8221;2\/3&#8243;][vc_column_text]STEPS Group Australia (STEPS) ezali organization a but non-lucratif. STEPS esalaka nyonso po na ko tiya diff\u00e9rence, pe na ko pesa batu ba opportunit\u00e9s ya sika. STEPS asalaka nyonso po ete asunga na ndenge esengeli, pe ete, mikanda na ye nyonso na likambo oyo etali ba contract [&hellip;]<\/p>\n","protected":false},"author":13,"featured_media":0,"parent":0,"menu_order":0,"comment_status":"closed","ping_status":"closed","template":"","meta":{"footnotes":""},"class_list":["post-375","page","type-page","status-publish","hentry"],"_links":{"self":[{"href":"https:\/\/www.stepsamep.com.au\/lin\/wp-json\/wp\/v2\/pages\/375","targetHints":{"allow":["GET"]}}],"collection":[{"href":"https:\/\/www.stepsamep.com.au\/lin\/wp-json\/wp\/v2\/pages"}],"about":[{"href":"https:\/\/www.stepsamep.com.au\/lin\/wp-json\/wp\/v2\/types\/page"}],"author":[{"embeddable":true,"href":"https:\/\/www.stepsamep.com.au\/lin\/wp-json\/wp\/v2\/users\/13"}],"replies":[{"embeddable":true,"href":"https:\/\/www.stepsamep.com.au\/lin\/wp-json\/wp\/v2\/comments?post=375"}],"version-history":[{"count":2,"href":"https:\/\/www.stepsamep.com.au\/lin\/wp-json\/wp\/v2\/pages\/375\/revisions"}],"predecessor-version":[{"id":2583,"href":"https:\/\/www.stepsamep.com.au\/lin\/wp-json\/wp\/v2\/pages\/375\/revisions\/2583"}],"wp:attachment":[{"href":"https:\/\/www.stepsamep.com.au\/lin\/wp-json\/wp\/v2\/media?parent=375"}],"curies":[{"name":"wp","href":"https:\/\/api.w.org\/{rel}","templated":true}]}}