{"id":356,"date":"2017-10-25T04:25:54","date_gmt":"2017-10-25T04:25:54","guid":{"rendered":"https:\/\/www.stepsamep.com.au\/?page_id=356"},"modified":"2026-02-25T11:28:06","modified_gmt":"2026-02-25T01:28:06","slug":"ko-mi-komisa","status":"publish","type":"page","link":"https:\/\/www.stepsamep.com.au\/lin\/ko-mi-komisa\/","title":{"rendered":"Ko mi komisa"},"content":{"rendered":"<div class=\"wpb-content-wrapper\">[vc_section][vc_row][vc_column width=&#8221;2\/3&#8243;][vc_column_text css=&#8221;.vc_custom_1771976273258{margin-bottom: 0px !important;}&#8221;]\n<h2>Ndenge ya ko mi komisa<\/h2>\n<ul>\n<li>Tala soki okoki ko zala \u00e9ligible. Okoki ko tala oyo etali \u00e9ligibilit\u00e9 na internet to benga biso na <a href=\"tel:1300 131 965\">1300 131 965<\/a>.<\/li>\n<li>Mikomisa epayi na biso pe pona examen ya Anglais. Toko solola na likambo oyo etali ba classes oyo esengeli po na yo, pe to ko supporter yo na ndenge esengeli. \u00a0Benga biso na <a href=\"tel:1300 131 965\">1300 131 965<\/a> to yaka ko tala biso na bisika tozalaka.<\/li>\n<li>Banda ba kelasi na yo ya ofele<\/li>\n<\/ul>\n<h2>Biloko ya ko mema na rendez-vous na yo<\/h2>\n<p>Mema passeport na document de voyage<\/p>\n<h2>Support ya traduction<\/h2>\n<p>toko sala ete obenga biso ya ofele, pe to ko lukela yo traducteur na rendez-vous na yo, to pe na examen ya ko tala niveaux nini ya Anglais ozali. Soki olingi komema mutu oyo akosunga yo na traduction, toko ndima.[\/vc_column_text][mk_button dimension=&#8221;two&#8221; corner_style=&#8221;rounded&#8221; size=&#8221;medium&#8221; letter_spacing=&#8221;0&#8243; icon=&#8221;mk-icon-angle-right&#8221; icon_anim=&#8221;side&#8221; url=&#8221;https:\/\/study.wisenet.co\/stepsgroup\/contact&#8221; target=&#8221;_blank&#8221; nofollow=&#8221;true&#8221; fullwidth=&#8221;true&#8221; margin_top=&#8221;0&#8243; margin_bottom=&#8221;15&#8243; margin_right=&#8221;15&#8243;]Salel\u00e1 Lelo oyo[\/mk_button][\/vc_column][vc_column width=&#8221;1\/3&#8243;][vc_cta h2=&#8221;&#8221; shape=&#8221;square&#8221; style=&#8221;flat&#8221; css=&#8221;&#8221;]\n<h2>Po na ko yeba makambo misusu oyo esengeli po na ko mi komisa, benga biso na <a href=\"tel:1300 131 965\">1300 131 965<\/a> To pe, yaka na bisika ya AMEP oyo ezali pembeni na yo.<\/h2>\n<p>Po na ba services ya traduction benga ba services ya Traduction na Interpr\u00e9tation (Translating and Interpreting Service [TIS National]) na <a href=\"tel:131 450\">131 450<\/a> avant Obenga[\/vc_cta][\/vc_column][\/vc_row][\/vc_section]\n<\/div>","protected":false},"excerpt":{"rendered":"<p>[vc_section][vc_row][vc_column width=&#8221;2\/3&#8243;][vc_column_text css=&#8221;.vc_custom_1771976273258{margin-bottom: 0px !important;}&#8221;] Ndenge ya ko mi komisa Tala soki okoki ko zala \u00e9ligible. Okoki ko tala oyo etali \u00e9ligibilit\u00e9 na internet to benga biso na 1300 131 965. Mikomisa epayi na biso pe pona examen ya Anglais. Toko solola na likambo oyo etali ba classes oyo esengeli po na yo, pe to [&hellip;]<\/p>\n","protected":false},"author":13,"featured_media":0,"parent":0,"menu_order":0,"comment_status":"closed","ping_status":"closed","template":"","meta":{"footnotes":""},"class_list":["post-356","page","type-page","status-publish","hentry"],"_links":{"self":[{"href":"https:\/\/www.stepsamep.com.au\/lin\/wp-json\/wp\/v2\/pages\/356","targetHints":{"allow":["GET"]}}],"collection":[{"href":"https:\/\/www.stepsamep.com.au\/lin\/wp-json\/wp\/v2\/pages"}],"about":[{"href":"https:\/\/www.stepsamep.com.au\/lin\/wp-json\/wp\/v2\/types\/page"}],"author":[{"embeddable":true,"href":"https:\/\/www.stepsamep.com.au\/lin\/wp-json\/wp\/v2\/users\/13"}],"replies":[{"embeddable":true,"href":"https:\/\/www.stepsamep.com.au\/lin\/wp-json\/wp\/v2\/comments?post=356"}],"version-history":[{"count":6,"href":"https:\/\/www.stepsamep.com.au\/lin\/wp-json\/wp\/v2\/pages\/356\/revisions"}],"predecessor-version":[{"id":3804,"href":"https:\/\/www.stepsamep.com.au\/lin\/wp-json\/wp\/v2\/pages\/356\/revisions\/3804"}],"wp:attachment":[{"href":"https:\/\/www.stepsamep.com.au\/lin\/wp-json\/wp\/v2\/media?parent=356"}],"curies":[{"name":"wp","href":"https:\/\/api.w.org\/{rel}","templated":true}]}}