{"id":636,"date":"2019-01-24T03:31:55","date_gmt":"2019-01-24T03:31:55","guid":{"rendered":"https:\/\/www.stepsamep.com.au\/?page_id=636"},"modified":"2026-02-25T11:24:08","modified_gmt":"2026-02-25T01:24:08","slug":"contact","status":"publish","type":"page","link":"https:\/\/www.stepsamep.com.au\/fr\/contact\/","title":{"rendered":"Contact"},"content":{"rendered":"<div class=\"wpb-content-wrapper\">[vc_section][vc_row][vc_column width=\u00a0\u00bb1\/2&Prime;][vc_column_text css=\u00a0\u00bb.vc_custom_1771975174303{margin-bottom: 0px !important;}\u00a0\u00bb]\n<h1>Appelez-nous d\u00e8s aujourd&rsquo;hui pour en savoir plus sur votre \u00e9ligibilit\u00e9 ou pour commencer vos cours d&rsquo;anglais gratuits avec STEPS.<\/h1>\n<p>Pour les services de traduction, veuillez contacter le Service national de traduction et d&rsquo;interpr\u00e9tation (TIS) au <a href=\"tel:131 450\">131 450<\/a>.<\/p>\n<p>Courriel\u00a0: <a href=\"mailto:customercare@stepsgroup.com.au\">customercare@stepsgroup.com.au<\/a><br \/>\nT\u00e9l\u00e9phone\u00a0: <a href=\"tel:1300 131 965\">1300 131 965<\/a>[\/vc_column_text][mk_padding_divider size=\u00a0\u00bb20&Prime;][mk_button dimension=\u00a0\u00bbtwo\u00a0\u00bb corner_style=\u00a0\u00bbrounded\u00a0\u00bb size=\u00a0\u00bbmedium\u00a0\u00bb letter_spacing=\u00a0\u00bb0&Prime; icon=\u00a0\u00bbmk-icon-angle-right\u00a0\u00bb icon_anim=\u00a0\u00bbside\u00a0\u00bb url=\u00a0\u00bbhttps:\/\/study.wisenet.co\/stepsgroup\/contact\u00a0\u00bb target=\u00a0\u00bb_blank\u00a0\u00bb nofollow=\u00a0\u00bbtrue\u00a0\u00bb fullwidth=\u00a0\u00bbtrue\u00a0\u00bb margin_top=\u00a0\u00bb0&Prime; margin_bottom=\u00a0\u00bb15&Prime; margin_right=\u00a0\u00bb15&Prime;]Postulez d\u00e8s aujourd&rsquo;hui[\/mk_button][\/vc_column][vc_column width=\u00a0\u00bb1\/2&Prime;][vc_column_text css=\u00a0\u00bb.vc_custom_1548300696516{margin-bottom: 0px !important;}\u00a0\u00bb]\n<h2>Nos bureaux AMEP<\/h2>\n[\/vc_column_text][mk_padding_divider size=\u00a0\u00bb20&Prime;][vc_column_text]<a href=\"https:\/\/www.google.com.au\/maps\/place\/14+Palmerston+Circuit,+Palmerston+City+NT+0830\/@-12.4807374,130.9844418,18.25z\/data=!4m5!3m4!1s0x2cc0bd340973fb45:0x28fe0d9e825f7d88!8m2!3d-12.4805126!4d130.9840697\" target=\"_blank\" rel=\"noopener noreferrer\"><strong>Palmerston:<\/strong> Ground Floor, 4a &amp; b and 9 Highway House, 14 Palmerston Circuit, Palmerston, NT, 0830<\/a>[\/vc_column_text][vc_single_image image=\u00a0\u00bb97&Prime; img_size=\u00a0\u00bbfull\u00a0\u00bb onclick=\u00a0\u00bbcustom_link\u00a0\u00bb img_link_target=\u00a0\u00bb_blank\u00a0\u00bb link=\u00a0\u00bbhttps:\/\/www.google.com.au\/maps\/place\/14+Palmerston+Circuit,+Palmerston+City+NT+0830\/@-12.4807374,130.9844418,18z\/data=!4m5!3m4!1s0x2cc0bd340973fb45:0x28fe0d9e825f7d88!8m2!3d-12.4805126!4d130.9840697&Prime;][vc_column_text]<a href=\"https:\/\/www.google.com.au\/maps\/place\/Australian+Red+Cross\/@-12.3725736,130.8800455,18z\/data=!4m13!1m7!3m6!1s0x2cc094a1a9910fbd:0xca98abe187fa4cb5!2s13%2F17+Scaturchio+St,+Casuarina+NT+0810!3b1!8m2!3d-12.3722356!4d130.8807536!3m4!1s0x0:0x7ffdf908f96b08ee!8m2!3d-12.3729611!4d130.8814989\" target=\"_blank\" rel=\"noopener noreferrer\"><strong>Casuarina:<\/strong> Cascom Building, Ground Floor Stage 3, 13-17 Scaturchio Street, Casuarina, NT, 0810<\/a>[\/vc_column_text][vc_single_image image=\u00a0\u00bb208&Prime; img_size=\u00a0\u00bbfull\u00a0\u00bb onclick=\u00a0\u00bbcustom_link\u00a0\u00bb img_link_target=\u00a0\u00bb_blank\u00a0\u00bb link=\u00a0\u00bbhttps:\/\/www.google.com.au\/maps\/place\/Australian+Red+Cross\/@-12.3725736,130.8800455,18z\/data=!4m13!1m7!3m6!1s0x2cc094a1a9910fbd:0xca98abe187fa4cb5!2s13%2F17+Scaturchio+St,+Casuarina+NT+0810!3b1!8m2!3d-12.3722356!4d130.8807536!3m4!1s0x0:0x7ffdf908f96b08ee!8m2!3d-12.3729611!4d130.8814989&Prime;][\/vc_column][\/vc_row][\/vc_section]\n<\/div>","protected":false},"excerpt":{"rendered":"<p>[vc_section][vc_row][vc_column width=\u00a0\u00bb1\/2&Prime;][vc_column_text css=\u00a0\u00bb.vc_custom_1771975174303{margin-bottom: 0px !important;}\u00a0\u00bb] Appelez-nous d\u00e8s aujourd&rsquo;hui pour en savoir plus sur votre \u00e9ligibilit\u00e9 ou pour commencer vos cours d&rsquo;anglais gratuits avec STEPS. Pour les services de traduction, veuillez contacter le Service national de traduction et d&rsquo;interpr\u00e9tation (TIS) au 131 450. Courriel\u00a0: customercare@stepsgroup.com.au T\u00e9l\u00e9phone\u00a0: 1300 131 965[\/vc_column_text][mk_padding_divider size=\u00a0\u00bb20&Prime;][mk_button dimension=\u00a0\u00bbtwo\u00a0\u00bb corner_style=\u00a0\u00bbrounded\u00a0\u00bb size=\u00a0\u00bbmedium\u00a0\u00bb letter_spacing=\u00a0\u00bb0&Prime; icon=\u00a0\u00bbmk-icon-angle-right\u00a0\u00bb icon_anim=\u00a0\u00bbside\u00a0\u00bb [&hellip;]<\/p>\n","protected":false},"author":13,"featured_media":0,"parent":0,"menu_order":0,"comment_status":"closed","ping_status":"closed","template":"","meta":{"footnotes":""},"class_list":["post-636","page","type-page","status-publish","hentry"],"_links":{"self":[{"href":"https:\/\/www.stepsamep.com.au\/fr\/wp-json\/wp\/v2\/pages\/636","targetHints":{"allow":["GET"]}}],"collection":[{"href":"https:\/\/www.stepsamep.com.au\/fr\/wp-json\/wp\/v2\/pages"}],"about":[{"href":"https:\/\/www.stepsamep.com.au\/fr\/wp-json\/wp\/v2\/types\/page"}],"author":[{"embeddable":true,"href":"https:\/\/www.stepsamep.com.au\/fr\/wp-json\/wp\/v2\/users\/13"}],"replies":[{"embeddable":true,"href":"https:\/\/www.stepsamep.com.au\/fr\/wp-json\/wp\/v2\/comments?post=636"}],"version-history":[{"count":6,"href":"https:\/\/www.stepsamep.com.au\/fr\/wp-json\/wp\/v2\/pages\/636\/revisions"}],"predecessor-version":[{"id":3883,"href":"https:\/\/www.stepsamep.com.au\/fr\/wp-json\/wp\/v2\/pages\/636\/revisions\/3883"}],"wp:attachment":[{"href":"https:\/\/www.stepsamep.com.au\/fr\/wp-json\/wp\/v2\/media?parent=636"}],"curies":[{"name":"wp","href":"https:\/\/api.w.org\/{rel}","templated":true}]}}