{"id":426,"date":"2017-11-21T00:20:13","date_gmt":"2017-11-21T00:20:13","guid":{"rendered":"https:\/\/www.stepsamep.com.au\/?page_id=426"},"modified":"2026-02-25T10:26:44","modified_gmt":"2026-02-25T00:26:44","slug":"steps-amep-2","status":"publish","type":"page","link":"https:\/\/www.stepsamep.com.au\/fr\/","title":{"rendered":"STEPS AMEP"},"content":{"rendered":"<div class=\"wpb-content-wrapper\">[vc_section][vc_row fullwidth=\u00a0\u00bbtrue\u00a0\u00bb attached=\u00a0\u00bbtrue\u00a0\u00bb][vc_column width=\u00a0\u00bb2\/3&Prime;]\n\t\t\t\t<p class=\"rs-p-wp-fix\"><\/p>\n\t\t\t\t<sr7-module data-alias=\"french\" data-id=\"3\" id=\"SR7_3_1\" data-version=\"6.7.51\">\n\t\t\t\t\t<sr7-adjuster><\/sr7-adjuster>\n\t\t\t\t\t<sr7-content>\n\t\t\t\t\t\t<sr7-slide id=\"SR7_3_1-7\" data-key=\"7\">\n\t\t\t\t\t\t\t<sr7-bg id=\"SR7_3_1-7-slidebg\" class=\"sr7-layer\"><noscript><img decoding=\"async\" src=\"https:\/\/www.stepsamep.com.au\/wp-content\/uploads\/slider-7.jpg\" alt=\"\" title=\"STEPS AMEP\"><\/noscript><\/sr7-bg>\n\t\t\t\t\t\t\t<a id=\"SR7_3_1-7-24\" class=\"sr7-layer\" href=\"tel:1300%20131%20965\" target=\"_blank\" rel=\"noopener\">Appelez le 1300 131 965 <br>pour prendre des cours<br> d'anglais GRATUITEMENT<\/a>\n\t\t\t\t\t\t<\/sr7-slide>\n\t\t\t\t\t\t<sr7-slide id=\"SR7_3_1-8\" data-key=\"8\">\n\t\t\t\t\t\t\t<sr7-bg id=\"SR7_3_1-8-slidebg\" class=\"sr7-layer\"><noscript><img decoding=\"async\" src=\"https:\/\/www.stepsamep.com.au\/wp-content\/uploads\/slider-6.jpg\" alt=\"\" title=\"STEPS AMEP\"><\/noscript><\/sr7-bg>\n\t\t\t\t\t\t\t<sr7-txt id=\"SR7_3_1-8-3\" class=\"sr7-layer\">Acc\u00e9dez \u00e0 un nombre<br> illimit\u00e9 de cours <br>d'anglais gratuits<\/sr7-txt>\n\t\t\t\t\t\t<\/sr7-slide>\n\t\t\t\t\t\t<sr7-slide id=\"SR7_3_1-9\" data-key=\"9\">\n\t\t\t\t\t\t\t<sr7-bg id=\"SR7_3_1-9-slidebg\" class=\"sr7-layer\"><noscript><img decoding=\"async\" src=\"https:\/\/www.stepsamep.com.au\/wp-content\/uploads\/slider-1.jpg\" alt=\"\" title=\"STEPS AMEP\"><\/noscript><\/sr7-bg>\n\t\t\t\t\t\t\t<sr7-txt id=\"SR7_3_1-9-1\" class=\"sr7-layer\">Apprenez l'anglais pour <br>travailler, \u00e9tudier et <br> profiterde votre nouvelle<br>  vie en Australie<\/sr7-txt>\n\t\t\t\t\t\t<\/sr7-slide>\n\t\t\t\t\t\t<sr7-slide id=\"SR7_3_1-47\" data-key=\"47\">\n\t\t\t\t\t\t<\/sr7-slide>\n\t\t\t\t\t<\/sr7-content>\n\t\t\t\t<\/sr7-module>\n\t\t\t\t<script>\n\t\t\t\t\twindow.SR7 ??={};SR7.PMH ??={}; SR7.PMH[\"SR7_3_1\"] = {cn:100,state:false,fn: function() { if (window._tpt!==undefined && window._tpt.prepareModuleHeight !== undefined) {  _tpt.prepareModuleHeight({id:\"SR7_3_1\",el:[455,455,455,455],type:'standard',shdw:'0',gh:[455,455,455,455],gw:[960,960,960,480],vpt:['-200px'],size:{fullWidth:false, fullHeight:false},mh:'600',onh:0,onw:0,bg:{color:'transparent'},plType:'-1',plColor:'#FFFFFF'});   SR7.PMH[\"SR7_3_1\"].state=true;} else if(SR7.PMH[\"SR7_3_1\"].cn-->0)\tsetTimeout( SR7.PMH[\"SR7_3_1\"].fn,19);}};SR7.PMH[\"SR7_3_1\" ].fn();\n\t\t\t\t<\/script>\n[\/vc_column][vc_column width=\u00a0\u00bb1\/3&Prime;][mk_button dimension=\u00a0\u00bbflat\u00a0\u00bb size=\u00a0\u00bbx-large\u00a0\u00bb letter_spacing=\u00a0\u00bb0&Prime; icon=\u00a0\u00bbmk-moon-phone-3&Prime; url=\u00a0\u00bbtel:1300 131 965&Prime; align=\u00a0\u00bbcenter\u00a0\u00bb fullwidth=\u00a0\u00bbtrue\u00a0\u00bb margin_top=\u00a0\u00bb0&Prime; margin_bottom=\u00a0\u00bb0&Prime; margin_right=\u00a0\u00bb0&Prime; bg_color=\u00a0\u00bb#99cc33&Prime; btn_hover_bg=\u00a0\u00bb#99cc33&Prime; btn_hover_txt_color=\u00a0\u00bb#004477&Prime;]1300 131 965[\/mk_button][mk_button dimension=\u00a0\u00bbflat\u00a0\u00bb size=\u00a0\u00bbx-large\u00a0\u00bb icon=\u00a0\u00bbmk-moon-reading\u00a0\u00bb url=\u00a0\u00bb#what-is-the-AMEP\u00a0\u00bb fullwidth=\u00a0\u00bbtrue\u00a0\u00bb margin_bottom=\u00a0\u00bb0&Prime; margin_right=\u00a0\u00bb0&Prime; bg_color=\u00a0\u00bb#004477&Prime; btn_hover_bg=\u00a0\u00bb#00223c\u00a0\u00bb btn_hover_txt_color=\u00a0\u00bb#ffffff\u00a0\u00bb]Qu&rsquo;est-ce que le Programme d\u2019Anglais pour Migrants Adultes ?[\/mk_button][mk_divider style=\u00a0\u00bbthin_solid\u00a0\u00bb thin_single_color=\u00a0\u00bb#00223c\u00a0\u00bb margin_top=\u00a0\u00bb0&Prime; margin_bottom=\u00a0\u00bb0&Prime;][mk_button dimension=\u00a0\u00bbflat\u00a0\u00bb size=\u00a0\u00bbx-large\u00a0\u00bb icon=\u00a0\u00bbmk-moon-book\u00a0\u00bb url=\u00a0\u00bb\/eligibility\u00a0\u00bb fullwidth=\u00a0\u00bbtrue\u00a0\u00bb margin_bottom=\u00a0\u00bb0&Prime; margin_right=\u00a0\u00bb0&Prime; bg_color=\u00a0\u00bb#004477&Prime; btn_hover_bg=\u00a0\u00bb#00223c\u00a0\u00bb btn_hover_txt_color=\u00a0\u00bb#ffffff\u00a0\u00bb]Ces cours sont-ils faits pour moi ?[\/mk_button][mk_divider style=\u00a0\u00bbthin_solid\u00a0\u00bb thin_single_color=\u00a0\u00bb#00223c\u00a0\u00bb margin_top=\u00a0\u00bb0&Prime; margin_bottom=\u00a0\u00bb0&Prime;][mk_button dimension=\u00a0\u00bbflat\u00a0\u00bb size=\u00a0\u00bbx-large\u00a0\u00bb icon=\u00a0\u00bbmk-moon-clock\u00a0\u00bb url=\u00a0\u00bb#class-times\u00a0\u00bb fullwidth=\u00a0\u00bbtrue\u00a0\u00bb margin_bottom=\u00a0\u00bb0&Prime; margin_right=\u00a0\u00bb0&Prime; bg_color=\u00a0\u00bb#004477&Prime; btn_hover_bg=\u00a0\u00bb#00223c\u00a0\u00bb btn_hover_txt_color=\u00a0\u00bb#ffffff\u00a0\u00bb]Quand puis-je prendre des cours ?[\/mk_button][mk_divider style=\u00a0\u00bbthin_solid\u00a0\u00bb thin_single_color=\u00a0\u00bb#00223c\u00a0\u00bb margin_top=\u00a0\u00bb0&Prime; margin_bottom=\u00a0\u00bb0&Prime;][mk_button dimension=\u00a0\u00bbflat\u00a0\u00bb size=\u00a0\u00bbx-large\u00a0\u00bb icon=\u00a0\u00bbmk-icon-map-marker\u00a0\u00bb url=\u00a0\u00bb\/contact\u00a0\u00bb fullwidth=\u00a0\u00bbtrue\u00a0\u00bb margin_bottom=\u00a0\u00bb0&Prime; margin_right=\u00a0\u00bb0&Prime; bg_color=\u00a0\u00bb#004477&Prime; btn_hover_bg=\u00a0\u00bb#00223c\u00a0\u00bb btn_hover_txt_color=\u00a0\u00bb#ffffff\u00a0\u00bb]O\u00f9 puis-je prendre des cours ?[\/mk_button][mk_divider style=\u00a0\u00bbthin_solid\u00a0\u00bb thin_single_color=\u00a0\u00bb#00223c\u00a0\u00bb margin_top=\u00a0\u00bb0&Prime; margin_bottom=\u00a0\u00bb0&Prime;][mk_button dimension=\u00a0\u00bbflat\u00a0\u00bb size=\u00a0\u00bbx-large\u00a0\u00bb icon=\u00a0\u00bbmk-moon-pencil-6&Prime; url=\u00a0\u00bb\/enrol\u00a0\u00bb fullwidth=\u00a0\u00bbtrue\u00a0\u00bb margin_bottom=\u00a0\u00bb0&Prime; margin_right=\u00a0\u00bb0&Prime; bg_color=\u00a0\u00bb#004477&Prime; btn_hover_bg=\u00a0\u00bb#00223c\u00a0\u00bb btn_hover_txt_color=\u00a0\u00bb#ffffff\u00a0\u00bb]Comment puis-je m&rsquo;inscrire ?[\/mk_button][mk_divider style=\u00a0\u00bbthin_solid\u00a0\u00bb thin_single_color=\u00a0\u00bb#00223c\u00a0\u00bb margin_top=\u00a0\u00bb0&Prime; margin_bottom=\u00a0\u00bb0&Prime;][mk_button dimension=\u00a0\u00bbflat\u00a0\u00bb size=\u00a0\u00bbx-large\u00a0\u00bb icon=\u00a0\u00bbmk-icon-question-circle\u00a0\u00bb url=\u00a0\u00bb\/contact\u00a0\u00bb align=\u00a0\u00bbcenter\u00a0\u00bb fullwidth=\u00a0\u00bbtrue\u00a0\u00bb margin_bottom=\u00a0\u00bb0&Prime; margin_right=\u00a0\u00bb0&Prime; bg_color=\u00a0\u00bb#004477&Prime; btn_hover_bg=\u00a0\u00bb#00223c\u00a0\u00bb btn_hover_txt_color=\u00a0\u00bb#ffffff\u00a0\u00bb]Des questions ?[\/mk_button][\/vc_column][\/vc_row][\/vc_section][vc_row][vc_column][mk_padding_divider][\/vc_column][\/vc_row][vc_row][vc_column width=\u00a0\u00bb2\/3&Prime;][vc_column_text css=\u00a0\u00bb.vc_custom_1634189282106{margin-bottom: 0px !important;}\u00a0\u00bb]\n<h1><strong>Prenez un bon d\u00e9part avec des cours d&rsquo;anglais gratuits<\/strong><\/h1>\n<h2 id=\"AMEP\"><strong>Programme d&rsquo;Anglais pour les Migrants Adultes<\/strong><\/h2>\n<p><strong>Prenez des cours d&rsquo;anglais pratique qui vous aideront \u00e0 acc\u00e9der \u00e0 des services, \u00e0 travailler, \u00e0 \u00e9tudier et \u00e0 profiter de votre vie en Australie.<\/strong><\/p>\n<ul>\n<li>Jusqu&rsquo;\u00e0 510 heures de cours d&rsquo;anglais gratuits<\/li>\n<li>Apprenez l&rsquo;anglais pour vivre, travailler et \u00e9tudier en Australie<\/li>\n<li>Renseignez-vous sur les services gouvernementaux et communautaires<\/li>\n<li>Un nombre d&rsquo;heures illimit\u00e9 de cours d&rsquo;anglais gratuits<\/li>\n<li>Faites-vous de nouveaux amis pendant vos cours<\/li>\n<li>Planifiez votre avenir en Australie<\/li>\n<li><a href=\"https:\/\/www.stepsamep.com.au\/fr\/eligibilite\/\" rel=\"noopener\">Des crit\u00e8res d&rsquo;\u00e9ligibilit\u00e9 s\u2019appliquent *<\/a><\/li>\n<\/ul>\n[\/vc_column_text][mk_mini_callout]\n<h3><strong>Appelez-nous d\u00e8s aujourd&rsquo;hui pour obtenir des informations sur vos cours d&rsquo;anglais GRATUITS avec STEPS au <a href=\"tel:1300 131 965\">1300 131 965<\/a><\/strong><\/h3>\n<p>Pour les services de traduction, appelez le Service de Traduction et d&rsquo;Interpr\u00e9tation (TIS National) au <a href=\"tel:131 450\">131 450<\/a> avant de nous t\u00e9l\u00e9phoner[\/mk_mini_callout][mk_padding_divider size=\u00a0\u00bb20&Prime;][vc_column_text]\n<h2 id=\"class-times\"><strong>Heures de Cours Flexibles<\/strong><\/h2>\n<p><strong>STEPS offre des heures de cours flexibles \u00e0 Casuarina et Palmerston &#8211; Voir la carte<\/strong><\/p>\n<p>STEPS propose des heures de cours flexibles pour que vous puissiez les concilier avec vos obligations familiales ou professionnelles ou avec d&rsquo;autres \u00e9tudes. Vous pouvez assister aux cours en journ\u00e9e ou en soir\u00e9e, en choisissant les jours et les horaires qui vous conviennent le mieux.<\/p>\n<p><strong>Cours du jour : <\/strong>mardi, mercredi, jeudi ou vendredi, 8h45 &#8211; 15h15<br \/>\n<strong>Cours du soir : <\/strong>mardi, mercredi ou jeudi, 18h &#8211; 21h[\/vc_column_text][mk_padding_divider size=\u00a0\u00bb20&Prime;][vc_column_text css=\u00a0\u00bb.vc_custom_1634189311955{margin-bottom: 0px !important;}\u00a0\u00bb]\n<h2 id=\"what-is-the-AMEP\"><strong>Qu&rsquo;est-ce que le Programme d\u2019Anglais pour Migrants Adultes ?<\/strong><\/h2>\n<p>Le Programme d&rsquo;Anglais pour les Migrants Adultes est financ\u00e9 par le gouvernement australien et offre un nombre d&rsquo;heures illimit\u00e9 de cours d&rsquo;anglais gratuits aux migrants \u00e9ligibles et aux candidats pour des raisons humanitaires. Si vous avez obtenu un visa permanent ou un visa temporaire \u00e9ligible et que vous parlez peu ou pas anglais, vous pouvez \u00eatre admissible \u00e0 l\u2019AMEP. Certains jeunes migrants \u00e2g\u00e9s de 15 \u00e0 17 ans peuvent \u00e9galement \u00eatre admissibles. D\u00e9couvrez si vous \u00eates \u00e9ligible aux cours d&rsquo;anglais GRATUITS du Programme d\u2019Anglais pour Migrants Adultes.[\/vc_column_text][mk_padding_divider size=\u00a0\u00bb20&Prime;][vc_column_text]\n<h2><strong>Que vais-je apprendre ?<\/strong><\/h2>\n<p>Dans vos cours de l\u2019AMEP, vous apprendrez des comp\u00e9tences en anglais qui vous aideront \u00e0 vous int\u00e9grer en Australie avec succ\u00e8s aux c\u00f4t\u00e9s de personnes ayant des ant\u00e9c\u00e9dents, des exp\u00e9riences et des objectifs similaires. Vous apprendrez les valeurs, les cultures et les lois australiennes, et aborderez divers sujets qui vous aideront \u00e0 travailler, \u00e9tudier et profiter de la vie en Australie. Ces sujets comprennent :<\/p>\n<ul>\n<li>Vie quotidienne, culture, perte de membres de la famille ou d&rsquo;amis<\/li>\n<li>Sant\u00e9 et s\u00e9curit\u00e9<\/li>\n<li>Gestion de l&rsquo;argent et des services bancaires<\/li>\n<li>Transports publics et conduite sur la route<\/li>\n<li>Syst\u00e8me de garde d\u2019enfants et d&rsquo;\u00e9ducation<\/li>\n<li>Syst\u00e8me et services m\u00e9dicaux<\/li>\n<li>Loi et syst\u00e8mes juridiques<\/li>\n<\/ul>\n[\/vc_column_text][\/vc_column][vc_column width=\u00a0\u00bb1\/3&Prime;][vc_single_image image=\u00a0\u00bb107&Prime; img_size=\u00a0\u00bbfull\u00a0\u00bb][\/vc_column][\/vc_row][vc_row][vc_column][mk_padding_divider][\/vc_column][\/vc_row][vc_section full_width=\u00a0\u00bbstretch_row\u00a0\u00bb css=\u00a0\u00bb.vc_custom_1496990683576{background-color: #004477 !important;}\u00a0\u00bb][vc_row attached=\u00a0\u00bbtrue\u00a0\u00bb][vc_column width=\u00a0\u00bb1\/3&Prime;][\/vc_column][vc_column width=\u00a0\u00bb1\/3&Prime;][mk_social_networks size=\u00a0\u00bbx-large\u00a0\u00bb style=\u00a0\u00bbsquare-pointed\u00a0\u00bb margin=\u00a0\u00bb10&Prime; border_color=\u00a0\u00bb#99cc33&Prime; bg_hover_color=\u00a0\u00bb\u00a0\u00bb icon_color=\u00a0\u00bb#ffffff\u00a0\u00bb icon_hover_color=\u00a0\u00bb#99cc33&Prime; align=\u00a0\u00bbright\u00a0\u00bb facebook=\u00a0\u00bbhttps:\/\/www.facebook.com\/StepsGroup\u00a0\u00bb instagram=\u00a0\u00bbhttps:\/\/www.instagram.com\/stepsgroupaustralia\/\u00a0\u00bb linkedin=\u00a0\u00bbhttps:\/\/www.linkedin.com\/company\/steps-group-australia\u00a0\u00bb youtube=\u00a0\u00bbhttps:\/\/www.youtube.com\/user\/stepsgroup\u00a0\u00bb][\/vc_column][vc_column width=\u00a0\u00bb1\/3&Prime;][mk_padding_divider size=\u00a0\u00bb15&Prime;][vc_row_inner][vc_column_inner width=\u00a0\u00bb1\/3&Prime;][mk_font_icons icon=\u00a0\u00bbmk-moon-phone-3&Prime; color=\u00a0\u00bb#ffffff\u00a0\u00bb size=\u00a0\u00bbx-large\u00a0\u00bb margin_horizental=\u00a0\u00bb2&Prime; margin_vertical=\u00a0\u00bb2&Prime; align=\u00a0\u00bbcenter\u00a0\u00bb][\/vc_column_inner][vc_column_inner width=\u00a0\u00bb2\/3&Prime;][mk_padding_divider size=\u00a0\u00bb7&Prime;][vc_custom_heading text=\u00a0\u00bb1300 131 965&Prime; font_container=\u00a0\u00bbtag:h2|font_size:42|text_align:right|color:%2399cc33&Prime; google_fonts=\u00a0\u00bbfont_family:Quicksand%3A300%2Cregular%2C700|font_style:400%20regular%3A400%3Anormal\u00a0\u00bb css=\u00a0\u00bb\u00a0\u00bb link=\u00a0\u00bburl:tel%3A1300%20131%20965&Prime;][\/vc_column_inner][\/vc_row_inner][\/vc_column][\/vc_row][\/vc_section]\n<\/div>","protected":false},"excerpt":{"rendered":"<p>[vc_section][vc_row fullwidth=\u00a0\u00bbtrue\u00a0\u00bb attached=\u00a0\u00bbtrue\u00a0\u00bb][vc_column width=\u00a0\u00bb2\/3&Prime;][\/vc_column][vc_column width=\u00a0\u00bb1\/3&Prime;][mk_button dimension=\u00a0\u00bbflat\u00a0\u00bb size=\u00a0\u00bbx-large\u00a0\u00bb letter_spacing=\u00a0\u00bb0&Prime; icon=\u00a0\u00bbmk-moon-phone-3&Prime; url=\u00a0\u00bbtel:1300 131 965&Prime; align=\u00a0\u00bbcenter\u00a0\u00bb fullwidth=\u00a0\u00bbtrue\u00a0\u00bb margin_top=\u00a0\u00bb0&Prime; margin_bottom=\u00a0\u00bb0&Prime; margin_right=\u00a0\u00bb0&Prime; bg_color=\u00a0\u00bb#99cc33&Prime; btn_hover_bg=\u00a0\u00bb#99cc33&Prime; btn_hover_txt_color=\u00a0\u00bb#004477&Prime;]1300 131 965[\/mk_button][mk_button dimension=\u00a0\u00bbflat\u00a0\u00bb size=\u00a0\u00bbx-large\u00a0\u00bb icon=\u00a0\u00bbmk-moon-reading\u00a0\u00bb url=\u00a0\u00bb#what-is-the-AMEP\u00a0\u00bb fullwidth=\u00a0\u00bbtrue\u00a0\u00bb margin_bottom=\u00a0\u00bb0&Prime; margin_right=\u00a0\u00bb0&Prime; bg_color=\u00a0\u00bb#004477&Prime; btn_hover_bg=\u00a0\u00bb#00223c\u00a0\u00bb btn_hover_txt_color=\u00a0\u00bb#ffffff\u00a0\u00bb]Qu&rsquo;est-ce que le Programme d\u2019Anglais pour Migrants Adultes ?[\/mk_button][mk_divider style=\u00a0\u00bbthin_solid\u00a0\u00bb thin_single_color=\u00a0\u00bb#00223c\u00a0\u00bb margin_top=\u00a0\u00bb0&Prime; margin_bottom=\u00a0\u00bb0&Prime;][mk_button dimension=\u00a0\u00bbflat\u00a0\u00bb size=\u00a0\u00bbx-large\u00a0\u00bb icon=\u00a0\u00bbmk-moon-book\u00a0\u00bb url=\u00a0\u00bb\/eligibility\u00a0\u00bb fullwidth=\u00a0\u00bbtrue\u00a0\u00bb margin_bottom=\u00a0\u00bb0&Prime; margin_right=\u00a0\u00bb0&Prime; bg_color=\u00a0\u00bb#004477&Prime; btn_hover_bg=\u00a0\u00bb#00223c\u00a0\u00bb btn_hover_txt_color=\u00a0\u00bb#ffffff\u00a0\u00bb]Ces cours [&hellip;]<\/p>\n","protected":false},"author":13,"featured_media":0,"parent":0,"menu_order":0,"comment_status":"closed","ping_status":"closed","template":"","meta":{"footnotes":""},"class_list":["post-426","page","type-page","status-publish","hentry"],"_links":{"self":[{"href":"https:\/\/www.stepsamep.com.au\/fr\/wp-json\/wp\/v2\/pages\/426","targetHints":{"allow":["GET"]}}],"collection":[{"href":"https:\/\/www.stepsamep.com.au\/fr\/wp-json\/wp\/v2\/pages"}],"about":[{"href":"https:\/\/www.stepsamep.com.au\/fr\/wp-json\/wp\/v2\/types\/page"}],"author":[{"embeddable":true,"href":"https:\/\/www.stepsamep.com.au\/fr\/wp-json\/wp\/v2\/users\/13"}],"replies":[{"embeddable":true,"href":"https:\/\/www.stepsamep.com.au\/fr\/wp-json\/wp\/v2\/comments?post=426"}],"version-history":[{"count":8,"href":"https:\/\/www.stepsamep.com.au\/fr\/wp-json\/wp\/v2\/pages\/426\/revisions"}],"predecessor-version":[{"id":3825,"href":"https:\/\/www.stepsamep.com.au\/fr\/wp-json\/wp\/v2\/pages\/426\/revisions\/3825"}],"wp:attachment":[{"href":"https:\/\/www.stepsamep.com.au\/fr\/wp-json\/wp\/v2\/media?parent=426"}],"curies":[{"name":"wp","href":"https:\/\/api.w.org\/{rel}","templated":true}]}}