{"id":391,"date":"2017-10-25T05:48:08","date_gmt":"2017-10-25T05:48:08","guid":{"rendered":"https:\/\/www.stepsamep.com.au\/?page_id=391"},"modified":"2026-02-25T11:05:17","modified_gmt":"2026-02-25T01:05:17","slug":"etudier-dans-lamep-programme-danglais-pour-migrants-adultes","status":"publish","type":"page","link":"https:\/\/www.stepsamep.com.au\/fr\/etudier-dans-lamep-programme-danglais-pour-migrants-adultes\/","title":{"rendered":"\u00c9tudier dans l&rsquo;AMEP"},"content":{"rendered":"<div class=\"wpb-content-wrapper\">[vc_section][vc_row][vc_column width=\u00a0\u00bb2\/3&Prime;][vc_column_text]\n<h2>Modifications du Programme d\u2019Anglais pour Migrants Adultes<\/h2>\n<p>En juillet 2017, le gouvernement australien a chang\u00e9 la fa\u00e7on dont sont \u00e9valu\u00e9s les \u00e9tudiants qui \u00e9tudient dans le Programme d\u2019Anglais pour Migrants Adultes (AMEP\u00a0: Adult Migrant English Program). Les \u00e9tudiants qui ont \u00e9t\u00e9 \u00e9valu\u00e9s dans le cadre du Certificat d\u2019Anglais \u00c9crit et Parl\u00e9 (CSWE\u00a0: Certificate of Spoken and Written English) seront maintenant \u00e9valu\u00e9s selon le Cadre Australien des Comp\u00e9tences de Base (ACSF\u00a0: Australian Core Skills Framework).<\/p>\n<h2>Qu&rsquo;est-ce que le Cadre Australien des Comp\u00e9tences de Base<\/h2>\n<p>Le Cadre Australien des Comp\u00e9tences de Base, (en anglais ACSF pour Australian Core Skills Framework), mesure votre niveau de comp\u00e9tence en mati\u00e8re d&rsquo;apprentissage, de lecture, d&rsquo;\u00e9criture, de communication orale et de calcul. Nous l\u2019utilisons \u00e9galement pour mesurer votre niveau de comp\u00e9tence en anglais et pour \u00e9valuer votre capacit\u00e9 \u00e0 trouver un emploi et \u00e0 r\u00e9ussir dans le monde du travail.<\/p>\n<h2>Avantages du Cadre Australien des Comp\u00e9tences de Base<\/h2>\n<p>L&rsquo;ACSF est le cadre de comp\u00e9tences de base le plus reconnu dans l&rsquo;enseignement professionnel australien, et c\u2019est au regard de celui-ci que vous serez le plus souvent \u00e9valu\u00e9 lorsque vous postulerez pour des \u00e9tudes, une formation ou un emploi. Changer la fa\u00e7on dont les \u00e9tudiants de l\u2019AMEP sont \u00e9valu\u00e9s, en se conformant \u00e0 l&rsquo;ACSF, permettra aux \u00e9tudiants d\u2019acc\u00e9der \u00e0 une plus large gamme de possibilit\u00e9s de formation, d&rsquo;\u00e9ducation et d&#8217;emploi.<\/p>\n<h2>Comment vais-je \u00eatre affect\u00e9 par ce changement ?<\/h2>\n<p>Les \u00e9tudiants du Programme d\u2019Anglais pour Migrants Adultes qui ont commenc\u00e9 leurs \u00e9tudes avant juillet 2017 et qui ont \u00e9t\u00e9 \u00e9valu\u00e9s dans le cadre du Certificat d\u2019Anglais \u00c9crit et Parl\u00e9 (CSWE) seront maintenant \u00e9valu\u00e9s conform\u00e9ment au Cadre Australien des Comp\u00e9tences de Base. Les \u00e9tudes que vous avez d\u00e9j\u00e0 achev\u00e9es pour votre CSWE seront reconnues et vos \u00e9tudes seront dor\u00e9navant bas\u00e9es sur le Cadre Australien des Comp\u00e9tences de Base.<\/p>\n<p>Les \u00e9tudiants qui commencent leurs \u00e9tudes avec le Programme d\u2019Anglais pour Migrants Adultes apr\u00e8s juillet 2017 seront automatiquement \u00e9valu\u00e9s dans le cadre de l&rsquo;ACSF.[\/vc_column_text][\/vc_column][vc_column width=\u00a0\u00bb1\/3&Prime;][mk_mini_callout]\n<h2>Des questions ?<\/h2>\n<h3>Pour plus d&rsquo;informations sur AMEP, envoyez un courriel \u00e0 <a href=\"mailto:customercare@stepsgroup.com.au\">customercare@stepsgroup.com.au<\/a> ou appelez le <a href=\"tel:1300 131 965\">1300 131 965<\/a>.<\/h3>\n[\/mk_mini_callout][\/vc_column][\/vc_row][\/vc_section]\n<\/div>","protected":false},"excerpt":{"rendered":"<p>[vc_section][vc_row][vc_column width=\u00a0\u00bb2\/3&Prime;][vc_column_text] Modifications du Programme d\u2019Anglais pour Migrants Adultes En juillet 2017, le gouvernement australien a chang\u00e9 la fa\u00e7on dont sont \u00e9valu\u00e9s les \u00e9tudiants qui \u00e9tudient dans le Programme d\u2019Anglais pour Migrants Adultes (AMEP\u00a0: Adult Migrant English Program). Les \u00e9tudiants qui ont \u00e9t\u00e9 \u00e9valu\u00e9s dans le cadre du Certificat d\u2019Anglais \u00c9crit et Parl\u00e9 (CSWE\u00a0: Certificate [&hellip;]<\/p>\n","protected":false},"author":13,"featured_media":0,"parent":0,"menu_order":0,"comment_status":"closed","ping_status":"closed","template":"","meta":{"footnotes":""},"class_list":["post-391","page","type-page","status-publish","hentry"],"_links":{"self":[{"href":"https:\/\/www.stepsamep.com.au\/fr\/wp-json\/wp\/v2\/pages\/391","targetHints":{"allow":["GET"]}}],"collection":[{"href":"https:\/\/www.stepsamep.com.au\/fr\/wp-json\/wp\/v2\/pages"}],"about":[{"href":"https:\/\/www.stepsamep.com.au\/fr\/wp-json\/wp\/v2\/types\/page"}],"author":[{"embeddable":true,"href":"https:\/\/www.stepsamep.com.au\/fr\/wp-json\/wp\/v2\/users\/13"}],"replies":[{"embeddable":true,"href":"https:\/\/www.stepsamep.com.au\/fr\/wp-json\/wp\/v2\/comments?post=391"}],"version-history":[{"count":5,"href":"https:\/\/www.stepsamep.com.au\/fr\/wp-json\/wp\/v2\/pages\/391\/revisions"}],"predecessor-version":[{"id":3860,"href":"https:\/\/www.stepsamep.com.au\/fr\/wp-json\/wp\/v2\/pages\/391\/revisions\/3860"}],"wp:attachment":[{"href":"https:\/\/www.stepsamep.com.au\/fr\/wp-json\/wp\/v2\/media?parent=391"}],"curies":[{"name":"wp","href":"https:\/\/api.w.org\/{rel}","templated":true}]}}