{"id":334,"date":"2017-10-25T02:43:49","date_gmt":"2017-10-25T02:43:49","guid":{"rendered":"https:\/\/www.stepsamep.com.au\/?page_id=334"},"modified":"2026-02-25T09:04:21","modified_gmt":"2026-02-24T23:04:21","slug":"eligibilite","status":"publish","type":"page","link":"https:\/\/www.stepsamep.com.au\/fr\/eligibilite\/","title":{"rendered":"\u00c9ligibilit\u00e9"},"content":{"rendered":"<div class=\"wpb-content-wrapper\">[vc_section][vc_row][vc_column width=\u00a0\u00bb2\/3&Prime;][vc_column_text]\n<h2>L\u2019AMEP est-il le programme qu\u2019il me faut ?<\/h2>\n<p>L&rsquo;AMEP est disponible \u00e0 tous les titulaires d\u2019un visa permanent \u00e9ligibles \u00e2g\u00e9s de 18 ans et plus qui n&rsquo;ont pas un niveau d\u2019anglais fonctionnel.<\/p>\n<p>L&rsquo;acc\u00e8s est \u00e9tendu \u00e0 certains titulaires de visa temporaire, tel que sp\u00e9cifi\u00e9 dans l&rsquo;instrument l\u00e9gislatif Cours d&rsquo;Anglais pour les Titulaires de Certains Visas Temporaires. Les classes de visa temporaire comprennent :<\/p>\n<ul>\n<li>Bridging F (Classe WF)<\/li>\n<li>Business Skills (Provisoire) (Classe UR)<\/li>\n<li>Business Skills (Provisoire) (Classe EB)<\/li>\n<li>Interdependency (Provisoire) (Classe UG)<\/li>\n<li>Partner (Provisoire) (Classe UF)<\/li>\n<li>Partner (Temporaire) (Classe UK)<\/li>\n<li>Resolution of Status (Temporaire) (Classe UH)<\/li>\n<li>Safe Haven Enterprise (Classe XE)<\/li>\n<li>Skilled\u2014Designated Area-sponsored (Provisoire) (Classe UZ)<\/li>\n<li>Skilled\u2014Independent Regional (Provisoire) (Classe UX)<\/li>\n<li>Skilled\u2014Regional Sponsored (Sous-Classe 475)<\/li>\n<li>Skilled\u2014Regional Sponsored (Sous-Classe 487)<\/li>\n<li>Skilled\u2014Regional Sponsored (Sous-Classe 489)<\/li>\n<li>Temporary (Humanitarian Concern) (Classe UO); et<\/li>\n<li>Temporary Protection (Classe XD).<\/li>\n<\/ul>\n<h2>Moins de 18 ans<\/h2>\n<p>Les migrants et les personnes arrivant pour raisons humanitaires \u00e2g\u00e9s de 15 \u00e0 17 ans, qui ne parlent pas un<br \/>\nanglais fonctionnel et dont les besoins ne sont pas satisfaits par une scolarit\u00e9 classique, peuvent<br \/>\n\u00e9galement \u00eatre \u00e9ligibles au programme.<\/p>\n<p>La participation est g\u00e9n\u00e9ralement d\u00e9termin\u00e9e au cas par cas, en tenant compte des circonstances individuelles et en consultation avec les \u00e9coles locales.<\/p>\n<h2>D\u00e9lais<\/h2>\n<p>Pour participer au programme, les titulaires de visa \u00e9ligibles doivent respecter les d\u00e9lais l\u00e9gaux pour l&rsquo;inscription, le d\u00e9but et la fin de la formation. Les d\u00e9lais ci-dessous s&rsquo;appliquent \u00e0 partir de la date d&rsquo;entr\u00e9e en vigueur du visa \u00e9ligible du client potentiel ou de la date \u00e0 laquelle la personne est arriv\u00e9e en Australie, la date la plus tardive \u00e9tant retenue.<\/p>\n<h2>18 ans et plus<\/h2>\n<ul>\n<li>S\u2019inscrire dans les six mois.<\/li>\n<li>Commencer les cours dans les 12 mois.<\/li>\n<li>Terminer les cours dans les cinq ans.<\/li>\n<\/ul>\n<h2>Moins de 18 ans<\/h2>\n<ul>\n<li>S\u2019inscrire et commencer les cours dans les 12 mois.<\/li>\n<li>Terminer les cours dans les cinq ans<\/li>\n<\/ul>\n<h2>Anglais fonctionnel<\/h2>\n<p>En plus des d\u00e9lais l\u00e9gaux, les titulaires de visas \u00e9ligibles doivent \u00e9galement \u00eatre \u00e9valu\u00e9s (par un personnel qualifi\u00e9) comme ayant un niveau d&rsquo;anglais inf\u00e9rieur \u00e0 une \u00ab ma\u00eetrise sociale basique \u00bb d\u00e9fini dans l&rsquo;acte l\u00e9gislatif comme \u00ab Proc\u00e9dures ou Normes pour un Anglais Fonctionnel \u00bb.[\/vc_column_text][\/vc_column][vc_column width=\u00a0\u00bb1\/3&Prime;][mk_mini_callout]\n<h2>Si vous avez des doutes quant \u00e0 votre admissibilit\u00e9 aux cours d&rsquo;anglais gratuits, contactez-nous\u00a0:<\/h2>\n<h2>Courriel\u00a0: <a href=\"mailto:customercare@stepsgroup.com.au\">customercare@stepsgroup.com.au<\/a><br \/>\nT\u00e9l\u00e9phone\u00a0: <a href=\"tel:1300 131 965\">1300\u00a0131\u00a0965<\/a><\/h2>\n[\/mk_mini_callout][\/vc_column][\/vc_row][\/vc_section]\n<\/div>","protected":false},"excerpt":{"rendered":"<p>[vc_section][vc_row][vc_column width=\u00a0\u00bb2\/3&Prime;][vc_column_text] L\u2019AMEP est-il le programme qu\u2019il me faut ? L&rsquo;AMEP est disponible \u00e0 tous les titulaires d\u2019un visa permanent \u00e9ligibles \u00e2g\u00e9s de 18 ans et plus qui n&rsquo;ont pas un niveau d\u2019anglais fonctionnel. L&rsquo;acc\u00e8s est \u00e9tendu \u00e0 certains titulaires de visa temporaire, tel que sp\u00e9cifi\u00e9 dans l&rsquo;instrument l\u00e9gislatif Cours d&rsquo;Anglais pour les Titulaires de [&hellip;]<\/p>\n","protected":false},"author":13,"featured_media":0,"parent":0,"menu_order":0,"comment_status":"closed","ping_status":"closed","template":"","meta":{"footnotes":""},"class_list":["post-334","page","type-page","status-publish","hentry"],"_links":{"self":[{"href":"https:\/\/www.stepsamep.com.au\/fr\/wp-json\/wp\/v2\/pages\/334","targetHints":{"allow":["GET"]}}],"collection":[{"href":"https:\/\/www.stepsamep.com.au\/fr\/wp-json\/wp\/v2\/pages"}],"about":[{"href":"https:\/\/www.stepsamep.com.au\/fr\/wp-json\/wp\/v2\/types\/page"}],"author":[{"embeddable":true,"href":"https:\/\/www.stepsamep.com.au\/fr\/wp-json\/wp\/v2\/users\/13"}],"replies":[{"embeddable":true,"href":"https:\/\/www.stepsamep.com.au\/fr\/wp-json\/wp\/v2\/comments?post=334"}],"version-history":[{"count":2,"href":"https:\/\/www.stepsamep.com.au\/fr\/wp-json\/wp\/v2\/pages\/334\/revisions"}],"predecessor-version":[{"id":3772,"href":"https:\/\/www.stepsamep.com.au\/fr\/wp-json\/wp\/v2\/pages\/334\/revisions\/3772"}],"wp:attachment":[{"href":"https:\/\/www.stepsamep.com.au\/fr\/wp-json\/wp\/v2\/media?parent=334"}],"curies":[{"name":"wp","href":"https:\/\/api.w.org\/{rel}","templated":true}]}}