{"id":300,"date":"2017-10-25T01:39:05","date_gmt":"2017-10-25T01:39:05","guid":{"rendered":"https:\/\/www.stepsamep.com.au\/?page_id=300"},"modified":"2026-02-25T11:24:01","modified_gmt":"2026-02-25T01:24:01","slug":"propos-de-nous","status":"publish","type":"page","link":"https:\/\/www.stepsamep.com.au\/fr\/propos-de-nous\/","title":{"rendered":"\u00c0 propos de nous"},"content":{"rendered":"<div class=\"wpb-content-wrapper\">[vc_section][vc_row][vc_column width=\u00a0\u00bb2\/3&Prime;][vc_column_text css=\u00a0\u00bb.vc_custom_1771973431479{margin-bottom: 0px !important;}\u00a0\u00bb]STEPS AMEP enseigne l&rsquo;anglais, l&rsquo;alphab\u00e9tisation et le calcul \u00e0 des \u00e9tudiants de plus de 50 nationalit\u00e9s dans des endroits allant des villes et des zones r\u00e9gionales aux communaut\u00e9s isol\u00e9es. La diversit\u00e9 de nos \u00e9tudiants et les diff\u00e9rents domaines que nous servons ont fait de nous des innovateurs en mati\u00e8re de formation personnalis\u00e9e adapt\u00e9e aux environnements dans lesquels nous travaillons et des experts dans la prestation de formations adapt\u00e9es aux besoins d&rsquo;apprentissage, aux styles et aux valeurs de nos \u00e9tudiants.<\/p>\n<p>Notre concentration sur les partenariats industriels et la prestation flexible permet d&rsquo;obtenir des r\u00e9sultats positifs pour nos \u00e9tudiants. Nous pensons qu&rsquo;en r\u00e9pondant aux besoins de nos clients, nous pouvons contribuer positivement \u00e0 l&rsquo;avenir social et \u00e9conomique d&rsquo;une communaut\u00e9 dans son ensemble.<\/p>\n<p>STEPS AMEP fait partie de STEPS, une organisation \u00e0 but non lucratif engag\u00e9e \u00e0 faire la diff\u00e9rence en offrant des opportunit\u00e9s.[\/vc_column_text][vc_single_image image=\u00a0\u00bb2524&Prime; img_size=\u00a0\u00bbfull\u00a0\u00bb alignment=\u00a0\u00bbcenter\u00a0\u00bb][\/vc_column][vc_column width=\u00a0\u00bb1\/3&Prime;][vc_column_text css=\u00a0\u00bb.vc_custom_1771973438177{margin-bottom: 0px !important;}\u00a0\u00bb]\n<h2>Tenez-vous inform\u00e9 de l\u2019actualit\u00e9 de STEPS<\/h2>\n[\/vc_column_text][mk_button dimension=\u00a0\u00bbtwo\u00a0\u00bb size=\u00a0\u00bbmedium\u00a0\u00bb letter_spacing=\u00a0\u00bb0&Prime; icon=\u00a0\u00bbmk-icon-angle-right\u00a0\u00bb icon_anim=\u00a0\u00bbside\u00a0\u00bb url=\u00a0\u00bbhttps:\/\/study.wisenet.co\/stepsgroup\/contact\u00a0\u00bb target=\u00a0\u00bb_blank\u00a0\u00bb nofollow=\u00a0\u00bbtrue\u00a0\u00bb fullwidth=\u00a0\u00bbtrue\u00a0\u00bb margin_top=\u00a0\u00bb0&Prime; margin_bottom=\u00a0\u00bb15&Prime; margin_right=\u00a0\u00bb15&Prime;]Postulez d\u00e8s aujourd&rsquo;hui[\/mk_button][\/vc_column][\/vc_row][\/vc_section]\n<\/div>","protected":false},"excerpt":{"rendered":"<p>[vc_section][vc_row][vc_column width=\u00a0\u00bb2\/3&Prime;][vc_column_text css=\u00a0\u00bb.vc_custom_1771973431479{margin-bottom: 0px !important;}\u00a0\u00bb]STEPS AMEP enseigne l&rsquo;anglais, l&rsquo;alphab\u00e9tisation et le calcul \u00e0 des \u00e9tudiants de plus de 50 nationalit\u00e9s dans des endroits allant des villes et des zones r\u00e9gionales aux communaut\u00e9s isol\u00e9es. La diversit\u00e9 de nos \u00e9tudiants et les diff\u00e9rents domaines que nous servons ont fait de nous des innovateurs en mati\u00e8re de formation [&hellip;]<\/p>\n","protected":false},"author":13,"featured_media":0,"parent":0,"menu_order":0,"comment_status":"closed","ping_status":"closed","template":"","meta":{"footnotes":""},"class_list":["post-300","page","type-page","status-publish","hentry"],"_links":{"self":[{"href":"https:\/\/www.stepsamep.com.au\/fr\/wp-json\/wp\/v2\/pages\/300","targetHints":{"allow":["GET"]}}],"collection":[{"href":"https:\/\/www.stepsamep.com.au\/fr\/wp-json\/wp\/v2\/pages"}],"about":[{"href":"https:\/\/www.stepsamep.com.au\/fr\/wp-json\/wp\/v2\/types\/page"}],"author":[{"embeddable":true,"href":"https:\/\/www.stepsamep.com.au\/fr\/wp-json\/wp\/v2\/users\/13"}],"replies":[{"embeddable":true,"href":"https:\/\/www.stepsamep.com.au\/fr\/wp-json\/wp\/v2\/comments?post=300"}],"version-history":[{"count":7,"href":"https:\/\/www.stepsamep.com.au\/fr\/wp-json\/wp\/v2\/pages\/300\/revisions"}],"predecessor-version":[{"id":3882,"href":"https:\/\/www.stepsamep.com.au\/fr\/wp-json\/wp\/v2\/pages\/300\/revisions\/3882"}],"wp:attachment":[{"href":"https:\/\/www.stepsamep.com.au\/fr\/wp-json\/wp\/v2\/media?parent=300"}],"curies":[{"name":"wp","href":"https:\/\/api.w.org\/{rel}","templated":true}]}}